{"id":2413,"date":"2020-03-04T16:32:03","date_gmt":"2020-03-04T15:32:03","guid":{"rendered":"https:\/\/www.nowcast.de\/sectores\/telecomunicaciones\/"},"modified":"2021-03-25T10:00:38","modified_gmt":"2021-03-25T09:00:38","slug":"telecomunicaciones","status":"publish","type":"page","link":"https:\/\/www.nowcast.de\/es\/sectores\/telecomunicaciones\/","title":{"rendered":"Telecomunicaciones"},"content":{"rendered":"\n<style type=\"text\/css\" data-created_by=\"avia_inline_auto\" id=\"style-css-av-kki6aknq-40741a68d63be8e110710333b747f6bb\">\n.avia-image-container.av-kki6aknq-40741a68d63be8e110710333b747f6bb img.avia_image{\nbox-shadow:none;\n}\n.avia-image-container.av-kki6aknq-40741a68d63be8e110710333b747f6bb .av-image-caption-overlay-center{\ncolor:#ffffff;\n}\n<\/style>\n<div  class='avia-image-container av-kki6aknq-40741a68d63be8e110710333b747f6bb av-styling- avia-align-center  avia-builder-el-0  el_before_av_one_full  avia-builder-el-first '   itemprop=\"image\" itemscope=\"itemscope\" itemtype=\"https:\/\/schema.org\/ImageObject\" ><div class=\"avia-image-container-inner\"><div class=\"avia-image-overlay-wrap\"><img decoding=\"async\" class='wp-image-3569 avia-img-lazy-loading-not-3569 avia_image ' src=\"https:\/\/www.nowcast.de\/wp-content\/uploads\/2020\/09\/lightning-detection-nowcast-telecommunication-845x400.jpg\" alt='' title='lightning-detection-nowcast-telecommunication'  height=\"400\" width=\"845\"  itemprop=\"thumbnailUrl\"  \/><\/div><\/div><\/div>\n<p>\n<style type=\"text\/css\" data-created_by=\"avia_inline_auto\" id=\"style-css-av-v1lbh-23c00595d3386e8da7c5b68435661b84\">\n.flex_column.av-v1lbh-23c00595d3386e8da7c5b68435661b84{\n-webkit-border-radius:0px 0px 0px 0px;\n-moz-border-radius:0px 0px 0px 0px;\nborder-radius:0px 0px 0px 0px;\npadding:0px 0px 0px 0px;\n}\n<\/style>\n<div class='flex_column av-v1lbh-23c00595d3386e8da7c5b68435661b84 av_one_full  avia-builder-el-1  el_after_av_image  el_before_av_iconlist  first flex_column_div av-zero-column-padding '     ><section  class='av_textblock_section av-k7dfyfri-7418e145e56cac7270582739a7ac2b98'  itemscope=\"itemscope\" itemtype=\"https:\/\/schema.org\/CreativeWork\" ><div class='avia_textblock'  itemprop=\"text\" ><h1>Datos de rel\u00e1mpagos para proveedores de telecomunicaciones<\/h1>\n<h4>Datos complementarios eficientes para un diagn\u00f3stico r\u00e1pido de su infraestructura de telecomunicaciones.<\/h4>\n<p>Los rel\u00e1mpagos con frecuencia causan fallas de funcionamiento en los dispositivos de telecomunicaciones, tales como enrutadores y conmutadores. Cuando los clientes se quejan que su conexi\u00f3n no funciona, los centros de servicios de los proveedores de telecomunicaciones analizan y exploran las causas posibles. Dado que el mal funcionamiento causado por un rel\u00e1mpago puede resolverse f\u00e1cilmente en un corto tiempo en el 90% de los casos, los proveedores pueden ahorrar esfuerzo y dinero significativos al tener a su disposici\u00f3n datos precisos de rayos en tiempo real.<\/p>\n<p>De esta manera, nowcast le permite a los proveedores en el sector de las telecomunicaciones aumentar notablemente la eficiencia de servicio, disminuir su tiempo de respuesta y aumentar la satisfacci\u00f3n del cliente, a la vez que disminuye considerablemente tanto el tiempo como el dinero gastados.<\/p>\n<\/div><\/section><br \/>\n<section  class='av_textblock_section av-k7dfyr5o-06e30f6114939cb417a1fcd93db45677'  itemscope=\"itemscope\" itemtype=\"https:\/\/schema.org\/CreativeWork\" ><div class='avia_textblock'  itemprop=\"text\" ><h3>Ventajas claras<\/h3>\n<\/div><\/section><\/p><\/div><div  class='avia-icon-list-container av-k7dg0fle-2e26120e3790258d0f7af4f32e2f4558  avia-builder-el-4  el_after_av_one_full  el_before_av_one_full '><ul class='avia-icon-list avia_animate_when_almost_visible avia-icon-list-left av-iconlist-big av-k7dg0fle-2e26120e3790258d0f7af4f32e2f4558 avia-iconlist-animate'>\n<li><div class='iconlist_icon av-bap965-5f41957ddc78f3cc3b3d3561dda9dad5 avia-font-entypo-fontello'><span class='iconlist-char' aria-hidden='true' data-av_icon='\ue8b4' data-av_iconfont='entypo-fontello'><\/span><\/div><article class=\"article-icon-entry av-iconlist-empty\"  itemscope=\"itemscope\" itemtype=\"https:\/\/schema.org\/CreativeWork\" ><div class=\"iconlist_content_wrap\"><header class=\"entry-content-header\"><h4 class='av_iconlist_title iconlist_title  '  itemprop=\"headline\" >Flujo de datos de rayos de alta precisi\u00f3n en tiempo real para evaluar fallas de  funcionamiento causadas por tormentas<\/h4><\/header><div class='iconlist_content '  itemprop=\"text\" ><\/div><\/div><footer class=\"entry-footer\"><\/footer><\/article><div class=\"iconlist-timeline\"><\/div><\/li>\n<li><div class='iconlist_icon av-9spvr1-9f833091d67448c13906151459d12ffc avia-font-entypo-fontello'><span class='iconlist-char' aria-hidden='true' data-av_icon='\ue864' data-av_iconfont='entypo-fontello'><\/span><\/div><article class=\"article-icon-entry av-iconlist-empty\"  itemscope=\"itemscope\" itemtype=\"https:\/\/schema.org\/CreativeWork\" ><div class=\"iconlist_content_wrap\"><header class=\"entry-content-header\"><h4 class='av_iconlist_title iconlist_title  '  itemprop=\"headline\" >Estimaci\u00f3n de interrupciones inminentes causadas por tormentas<\/h4><\/header><div class='iconlist_content '  itemprop=\"text\" ><\/div><\/div><footer class=\"entry-footer\"><\/footer><\/article><div class=\"iconlist-timeline\"><\/div><\/li>\n<li><div class='iconlist_icon av-7yop1p-c1bb881d6fa3abbf51b9cd2e7d38e26d avia-font-entypo-fontello'><span class='iconlist-char' aria-hidden='true' data-av_icon='\ue83e' data-av_iconfont='entypo-fontello'><\/span><\/div><article class=\"article-icon-entry av-iconlist-empty\"  itemscope=\"itemscope\" itemtype=\"https:\/\/schema.org\/CreativeWork\" ><div class=\"iconlist_content_wrap\"><header class=\"entry-content-header\"><h4 class='av_iconlist_title iconlist_title  '  itemprop=\"headline\" >Pron\u00f3stico de alertas tempranas de tormentas el\u00e9ctricas cercanas usando el algoritmo rTNT de nowcast<\/h4><\/header><div class='iconlist_content '  itemprop=\"text\" ><\/div><\/div><footer class=\"entry-footer\"><\/footer><\/article><div class=\"iconlist-timeline\"><\/div><\/li>\n<li><div class='iconlist_icon av-6lfagd-59af7a62af107d9f99090b19939b9882 avia-font-entypo-fontello'><span class='iconlist-char' aria-hidden='true' data-av_icon='\ue8c5' data-av_iconfont='entypo-fontello'><\/span><\/div><article class=\"article-icon-entry av-iconlist-empty\"  itemscope=\"itemscope\" itemtype=\"https:\/\/schema.org\/CreativeWork\" ><div class=\"iconlist_content_wrap\"><header class=\"entry-content-header\"><h4 class='av_iconlist_title iconlist_title  '  itemprop=\"headline\" >Conocimientos sofisticados para atenci\u00f3n al cliente<\/h4><\/header><div class='iconlist_content '  itemprop=\"text\" ><\/div><\/div><footer class=\"entry-footer\"><\/footer><\/article><div class=\"iconlist-timeline\"><\/div><\/li>\n<li><div class='iconlist_icon av-4u9evx-b03b655f94433d7bc32abfcf87152d86 avia-font-entypo-fontello'><span class='iconlist-char' aria-hidden='true' data-av_icon='\ue8a3' data-av_iconfont='entypo-fontello'><\/span><\/div><article class=\"article-icon-entry av-iconlist-empty\"  itemscope=\"itemscope\" itemtype=\"https:\/\/schema.org\/CreativeWork\" ><div class=\"iconlist_content_wrap\"><header class=\"entry-content-header\"><h4 class='av_iconlist_title iconlist_title  '  itemprop=\"headline\" >Segregar los fallos inducidos por rayos de otras causas<\/h4><\/header><div class='iconlist_content '  itemprop=\"text\" ><\/div><\/div><footer class=\"entry-footer\"><\/footer><\/article><div class=\"iconlist-timeline\"><\/div><\/li>\n<li><div class='iconlist_icon av-2mltv1-de03d60a029bff3eaf875a634ad91ebb avia-font-entypo-fontello'><span class='iconlist-char' aria-hidden='true' data-av_icon='\ue8e3' data-av_iconfont='entypo-fontello'><\/span><\/div><article class=\"article-icon-entry av-iconlist-empty\"  itemscope=\"itemscope\" itemtype=\"https:\/\/schema.org\/CreativeWork\" ><div class=\"iconlist_content_wrap\"><header class=\"entry-content-header\"><h4 class='av_iconlist_title iconlist_title  '  itemprop=\"headline\" >Ahorros significativos en tiempo y dinero<\/h4><\/header><div class='iconlist_content '  itemprop=\"text\" ><\/div><\/div><footer class=\"entry-footer\"><\/footer><\/article><div class=\"iconlist-timeline\"><\/div><\/li>\n<\/ul><\/div><\/p>\n\n<style type=\"text\/css\" data-created_by=\"avia_inline_auto\" id=\"style-css-av-3sye4d-48df1096013bae4dabe2df21890460e7\">\n.flex_column.av-3sye4d-48df1096013bae4dabe2df21890460e7{\n-webkit-border-radius:0px 0px 0px 0px;\n-moz-border-radius:0px 0px 0px 0px;\nborder-radius:0px 0px 0px 0px;\npadding:0px 0px 0px 0px;\n}\n<\/style>\n<div class='flex_column av-3sye4d-48df1096013bae4dabe2df21890460e7 av_one_full  avia-builder-el-5  el_after_av_iconlist  avia-builder-el-last  first flex_column_div av-zero-column-padding '     ><div  class='avia-builder-widget-area clearfix  avia-builder-el-6  avia-builder-el-no-sibling '>        <div id=\"demo_request\" class=\"avia-section main_color avia-section-default avia-no-border-styling  avia-bg-style-scroll el_after_av_section  el_before_av_section   container_wrap fullsize\" style=\"background-color: #f39625\">\n            <div class=\"container\">\n                <div class=\"template-page content  av-content-full alpha units\">\n                    <div class=\"post-entry post-entry-type-page post-entry-3879\">\n                        <div class=\"entry-content-wrapper clearfix\">\n                            <div class=\"flex_column_table av-equal-height-column-flextable -flextable\">\n                                <div class=\"flex_column av_one_half  flex_column_table_cell av-equal-height-column av-align-top av-zero-column-padding first el_before_av_one_half  avia-builder-el-first  \" style=\"border-radius: 0\" id=\"demoformcontainer\">\n                                    <h2>Solicite una demostraci\u00f3n<\/h2>\n\n                                    <div role=\"form\" class=\"wpcf7\" id=\"wpcf7-f6697-o1\" lang=\"es-ES\" dir=\"ltr\">\n<div class=\"screen-reader-response\"><p role=\"status\" aria-live=\"polite\" aria-atomic=\"true\"><\/p> <ul><\/ul><\/div>\n<form action=\"\/es\/wp-json\/wp\/v2\/pages\/2413#wpcf7-f6697-o1\" method=\"post\" class=\"wpcf7-form init\" novalidate=\"novalidate\" data-status=\"init\" id=\"demoform\">\n<div style=\"display: none;\">\n<input type=\"hidden\" name=\"_wpcf7\" value=\"6697\" \/>\n<input type=\"hidden\" name=\"_wpcf7_version\" value=\"5.6.4\" \/>\n<input type=\"hidden\" name=\"_wpcf7_locale\" value=\"es_ES\" \/>\n<input type=\"hidden\" name=\"_wpcf7_unit_tag\" value=\"wpcf7-f6697-o1\" \/>\n<input type=\"hidden\" name=\"_wpcf7_container_post\" value=\"0\" \/>\n<input type=\"hidden\" name=\"_wpcf7_posted_data_hash\" value=\"\" \/>\n<\/div>\n<p><span class=\"wpcf7-form-control-wrap\" data-name=\"your-name\"><input type=\"text\" name=\"your-name\" value=\"\" size=\"40\" class=\"wpcf7-form-control wpcf7-text wpcf7-validates-as-required\" aria-required=\"true\" aria-invalid=\"false\" placeholder=\"Nombre\" \/><\/span><br \/>\n<span class=\"wpcf7-form-control-wrap\" data-name=\"your-company\"><input type=\"text\" name=\"your-company\" value=\"\" size=\"40\" class=\"wpcf7-form-control wpcf7-text wpcf7-validates-as-required\" aria-required=\"true\" aria-invalid=\"false\" placeholder=\"Empresa\" \/><\/span><br \/>\n<span class=\"wpcf7-form-control-wrap\" data-name=\"your-email\"><input type=\"email\" name=\"your-email\" value=\"\" size=\"40\" class=\"wpcf7-form-control wpcf7-text wpcf7-email wpcf7-validates-as-required wpcf7-validates-as-email\" aria-required=\"true\" aria-invalid=\"false\" placeholder=\"Correo electr\u00f3nico\" \/><\/span><br \/>\n<span class=\"wpcf7-form-control-wrap\" data-name=\"tel-800\"><input type=\"tel\" name=\"tel-800\" value=\"\" size=\"40\" class=\"wpcf7-form-control wpcf7-text wpcf7-tel wpcf7-validates-as-tel\" aria-invalid=\"false\" placeholder=\"+34 123 45678\" \/><\/span><br \/>\n<span class=\"wpcf7-form-control-wrap\" data-name=\"your-message\"><textarea name=\"your-message\" cols=\"40\" rows=\"10\" class=\"wpcf7-form-control wpcf7-textarea wpcf7-validates-as-required\" aria-required=\"true\" aria-invalid=\"false\" placeholder=\"Mensaje\"><\/textarea><\/span><span id=\"wpcf7-69daaf749835f-wrapper\" class=\"wpcf7-form-control-wrap firstname-wrap\" style=\"display:none !important; visibility:hidden !important;\"><label for=\"wpcf7-69daaf749835f-field\" class=\"hp-message\">Por favor, deja este campo vac\u00edo.<\/label><input id=\"wpcf7-69daaf749835f-field\"  class=\"wpcf7-form-control wpcf7-text\" type=\"text\" name=\"firstname\" value=\"\" size=\"40\" tabindex=\"-1\" autocomplete=\"new-password\" \/><\/span><span id=\"wpcf7-69daaf74983aa-wrapper\" class=\"wpcf7-form-control-wrap lastname-wrap\" style=\"display:none !important; visibility:hidden !important;\"><label for=\"wpcf7-69daaf74983aa-field\" class=\"hp-message\">Por favor, deja este campo vac\u00edo.<\/label><input id=\"wpcf7-69daaf74983aa-field\"  class=\"wpcf7-form-control wpcf7-text\" type=\"text\" name=\"lastname\" value=\"\" size=\"40\" tabindex=\"-1\" autocomplete=\"new-password\" \/><\/span><br \/>\nLos datos personales ingresados ser\u00e1n utilizados para procesar su consulta. Se aplica lo dispuesto en nuestra Pol\u00edtica de protecci\u00f3n de datos.<br \/>\n<input type=\"submit\" value=\"Enviar\" class=\"wpcf7-form-control has-spinner wpcf7-submit\" \/><\/p>\n<div class=\"wpcf7-response-output\" aria-hidden=\"true\"><\/div><\/form><\/div>                                <\/div>\n                                <div class=\"av-flex-placeholder\"><\/div>\n                                <div class=\"flex_column av_one_half  av-hide-on-mobile  flex_column_table_cell av-equal-height-column av-align-top el_after_av_one_half  avia-builder-el-last  \" style=\"border-radius:0\">\n                                    <div class=\"avia-image-container  av-styling-   av-small-hide av-mini-hide  avia-builder-el-120  avia-builder-el-no-sibling  avia-align-center \" itemprop=\"image\" itemscope=\"itemscope\" itemtype=\"https:\/\/schema.org\/ImageObject\">\n                                        <div class=\"avia-image-container-inner\">\n                                            <div class=\"avia-image-overlay-wrap\">\n                                                <img src=\"\/wp-content\/uploads\/2021\/02\/LINET-view-4-loginshot-lightning-detection-nowcast.jpg\" title=\"Solicite una demostraci\u00f3n\" alt=\"form image\" style=\"width: 100%; height: auto\">\n                                            <\/div>\n                                        <\/div>\n                                    <\/div>\n                                <\/div>\n                            <\/div>\n                        <\/div>\n                    <\/div>\n                <\/div>\n            <\/div>\n        <\/div>\n<\/div><\/div>\n","protected":false},"excerpt":{"rendered":"<p>Los proveedores de telecomunicaciones y de infraestructuras similares utilizan los datos de alta precisi\u00f3n sobre rayos de Nowcast para aumentar la seguridad de los trabajadores a la intemperie y para correlacionar los fallos con los rayos.<\/p>\n","protected":false},"author":12,"featured_media":3569,"parent":1614,"menu_order":5,"comment_status":"closed","ping_status":"closed","template":"","meta":{"_relevanssi_hide_post":"","_relevanssi_hide_content":"","_relevanssi_pin_for_all":"","_relevanssi_pin_keywords":"","_relevanssi_unpin_keywords":"","_relevanssi_related_keywords":"","_relevanssi_related_include_ids":"","_relevanssi_related_exclude_ids":"","_relevanssi_related_no_append":"","_relevanssi_related_not_related":"","_relevanssi_related_posts":"","_relevanssi_noindex_reason":""},"acf":[],"yoast_head":"<!-- This site is optimized with the Yoast SEO plugin v19.10 - https:\/\/yoast.com\/wordpress\/plugins\/seo\/ -->\n<title>Telecomunicaciones - nowcast<\/title>\n<meta name=\"robots\" content=\"index, follow, max-snippet:-1, max-image-preview:large, max-video-preview:-1\" \/>\n<link rel=\"canonical\" href=\"https:\/\/www.nowcast.de\/es\/sectores\/telecomunicaciones\/\" \/>\n<meta property=\"og:locale\" content=\"es_ES\" \/>\n<meta property=\"og:type\" content=\"article\" \/>\n<meta property=\"og:title\" content=\"Telecomunicaciones - nowcast\" \/>\n<meta property=\"og:description\" content=\"Los proveedores de telecomunicaciones y de infraestructuras similares utilizan los datos de alta precisi\u00f3n sobre rayos de Nowcast para aumentar la seguridad de los trabajadores a la intemperie y para correlacionar los fallos con los rayos.\" \/>\n<meta property=\"og:url\" content=\"https:\/\/www.nowcast.de\/es\/sectores\/telecomunicaciones\/\" \/>\n<meta property=\"og:site_name\" content=\"nowcast\" \/>\n<meta property=\"article:modified_time\" content=\"2021-03-25T09:00:38+00:00\" \/>\n<meta property=\"og:image\" content=\"https:\/\/www.nowcast.de\/wp-content\/uploads\/2020\/09\/lightning-detection-nowcast-telecommunication.jpg\" \/>\n\t<meta property=\"og:image:width\" content=\"1000\" \/>\n\t<meta property=\"og:image:height\" content=\"400\" \/>\n\t<meta property=\"og:image:type\" content=\"image\/jpeg\" \/>\n<meta name=\"twitter:card\" content=\"summary_large_image\" \/>\n<meta name=\"twitter:label1\" content=\"Tiempo de lectura\" \/>\n\t<meta name=\"twitter:data1\" content=\"5 minutos\" \/>\n<script type=\"application\/ld+json\" class=\"yoast-schema-graph\">{\"@context\":\"https:\/\/schema.org\",\"@graph\":[{\"@type\":\"WebPage\",\"@id\":\"https:\/\/www.nowcast.de\/es\/sectores\/telecomunicaciones\/\",\"url\":\"https:\/\/www.nowcast.de\/es\/sectores\/telecomunicaciones\/\",\"name\":\"Telecomunicaciones - nowcast\",\"isPartOf\":{\"@id\":\"https:\/\/www.nowcast.de\/es\/#website\"},\"datePublished\":\"2020-03-04T15:32:03+00:00\",\"dateModified\":\"2021-03-25T09:00:38+00:00\",\"breadcrumb\":{\"@id\":\"https:\/\/www.nowcast.de\/es\/sectores\/telecomunicaciones\/#breadcrumb\"},\"inLanguage\":\"es\",\"potentialAction\":[{\"@type\":\"ReadAction\",\"target\":[\"https:\/\/www.nowcast.de\/es\/sectores\/telecomunicaciones\/\"]}]},{\"@type\":\"BreadcrumbList\",\"@id\":\"https:\/\/www.nowcast.de\/es\/sectores\/telecomunicaciones\/#breadcrumb\",\"itemListElement\":[{\"@type\":\"ListItem\",\"position\":1,\"name\":\"Startseite\",\"item\":\"https:\/\/www.nowcast.de\/es\/nowcast-deteccion-de-rayos\/\"},{\"@type\":\"ListItem\",\"position\":2,\"name\":\"Sectores\",\"item\":\"https:\/\/www.nowcast.de\/es\/sectores\/\"},{\"@type\":\"ListItem\",\"position\":3,\"name\":\"Telecomunicaciones\"}]},{\"@type\":\"WebSite\",\"@id\":\"https:\/\/www.nowcast.de\/es\/#website\",\"url\":\"https:\/\/www.nowcast.de\/es\/\",\"name\":\"nowcast\",\"description\":\"Lightning Detection\",\"publisher\":{\"@id\":\"https:\/\/www.nowcast.de\/es\/#organization\"},\"potentialAction\":[{\"@type\":\"SearchAction\",\"target\":{\"@type\":\"EntryPoint\",\"urlTemplate\":\"https:\/\/www.nowcast.de\/es\/?s={search_term_string}\"},\"query-input\":\"required name=search_term_string\"}],\"inLanguage\":\"es\"},{\"@type\":\"Organization\",\"@id\":\"https:\/\/www.nowcast.de\/es\/#organization\",\"name\":\"nowcast GmbH\",\"url\":\"https:\/\/www.nowcast.de\/es\/\",\"logo\":{\"@type\":\"ImageObject\",\"inLanguage\":\"es\",\"@id\":\"https:\/\/www.nowcast.de\/es\/#\/schema\/logo\/image\/\",\"url\":\"https:\/\/www.nowcast.de\/wp-content\/uploads\/2020\/07\/logo-nowcast_lightning-detected_rgb.png\",\"contentUrl\":\"https:\/\/www.nowcast.de\/wp-content\/uploads\/2020\/07\/logo-nowcast_lightning-detected_rgb.png\",\"width\":800,\"height\":355,\"caption\":\"nowcast GmbH\"},\"image\":{\"@id\":\"https:\/\/www.nowcast.de\/es\/#\/schema\/logo\/image\/\"}}]}<\/script>\n<!-- \/ Yoast SEO plugin. -->","yoast_head_json":{"title":"Telecomunicaciones - nowcast","robots":{"index":"index","follow":"follow","max-snippet":"max-snippet:-1","max-image-preview":"max-image-preview:large","max-video-preview":"max-video-preview:-1"},"canonical":"https:\/\/www.nowcast.de\/es\/sectores\/telecomunicaciones\/","og_locale":"es_ES","og_type":"article","og_title":"Telecomunicaciones - nowcast","og_description":"Los proveedores de telecomunicaciones y de infraestructuras similares utilizan los datos de alta precisi\u00f3n sobre rayos de Nowcast para aumentar la seguridad de los trabajadores a la intemperie y para correlacionar los fallos con los rayos.","og_url":"https:\/\/www.nowcast.de\/es\/sectores\/telecomunicaciones\/","og_site_name":"nowcast","article_modified_time":"2021-03-25T09:00:38+00:00","og_image":[{"width":1000,"height":400,"url":"https:\/\/www.nowcast.de\/wp-content\/uploads\/2020\/09\/lightning-detection-nowcast-telecommunication.jpg","type":"image\/jpeg"}],"twitter_card":"summary_large_image","twitter_misc":{"Tiempo de lectura":"5 minutos"},"schema":{"@context":"https:\/\/schema.org","@graph":[{"@type":"WebPage","@id":"https:\/\/www.nowcast.de\/es\/sectores\/telecomunicaciones\/","url":"https:\/\/www.nowcast.de\/es\/sectores\/telecomunicaciones\/","name":"Telecomunicaciones - nowcast","isPartOf":{"@id":"https:\/\/www.nowcast.de\/es\/#website"},"datePublished":"2020-03-04T15:32:03+00:00","dateModified":"2021-03-25T09:00:38+00:00","breadcrumb":{"@id":"https:\/\/www.nowcast.de\/es\/sectores\/telecomunicaciones\/#breadcrumb"},"inLanguage":"es","potentialAction":[{"@type":"ReadAction","target":["https:\/\/www.nowcast.de\/es\/sectores\/telecomunicaciones\/"]}]},{"@type":"BreadcrumbList","@id":"https:\/\/www.nowcast.de\/es\/sectores\/telecomunicaciones\/#breadcrumb","itemListElement":[{"@type":"ListItem","position":1,"name":"Startseite","item":"https:\/\/www.nowcast.de\/es\/nowcast-deteccion-de-rayos\/"},{"@type":"ListItem","position":2,"name":"Sectores","item":"https:\/\/www.nowcast.de\/es\/sectores\/"},{"@type":"ListItem","position":3,"name":"Telecomunicaciones"}]},{"@type":"WebSite","@id":"https:\/\/www.nowcast.de\/es\/#website","url":"https:\/\/www.nowcast.de\/es\/","name":"nowcast","description":"Lightning Detection","publisher":{"@id":"https:\/\/www.nowcast.de\/es\/#organization"},"potentialAction":[{"@type":"SearchAction","target":{"@type":"EntryPoint","urlTemplate":"https:\/\/www.nowcast.de\/es\/?s={search_term_string}"},"query-input":"required name=search_term_string"}],"inLanguage":"es"},{"@type":"Organization","@id":"https:\/\/www.nowcast.de\/es\/#organization","name":"nowcast GmbH","url":"https:\/\/www.nowcast.de\/es\/","logo":{"@type":"ImageObject","inLanguage":"es","@id":"https:\/\/www.nowcast.de\/es\/#\/schema\/logo\/image\/","url":"https:\/\/www.nowcast.de\/wp-content\/uploads\/2020\/07\/logo-nowcast_lightning-detected_rgb.png","contentUrl":"https:\/\/www.nowcast.de\/wp-content\/uploads\/2020\/07\/logo-nowcast_lightning-detected_rgb.png","width":800,"height":355,"caption":"nowcast GmbH"},"image":{"@id":"https:\/\/www.nowcast.de\/es\/#\/schema\/logo\/image\/"}}]}},"_links":{"self":[{"href":"https:\/\/www.nowcast.de\/es\/wp-json\/wp\/v2\/pages\/2413"}],"collection":[{"href":"https:\/\/www.nowcast.de\/es\/wp-json\/wp\/v2\/pages"}],"about":[{"href":"https:\/\/www.nowcast.de\/es\/wp-json\/wp\/v2\/types\/page"}],"author":[{"embeddable":true,"href":"https:\/\/www.nowcast.de\/es\/wp-json\/wp\/v2\/users\/12"}],"replies":[{"embeddable":true,"href":"https:\/\/www.nowcast.de\/es\/wp-json\/wp\/v2\/comments?post=2413"}],"version-history":[{"count":9,"href":"https:\/\/www.nowcast.de\/es\/wp-json\/wp\/v2\/pages\/2413\/revisions"}],"predecessor-version":[{"id":5829,"href":"https:\/\/www.nowcast.de\/es\/wp-json\/wp\/v2\/pages\/2413\/revisions\/5829"}],"up":[{"embeddable":true,"href":"https:\/\/www.nowcast.de\/es\/wp-json\/wp\/v2\/pages\/1614"}],"wp:featuredmedia":[{"embeddable":true,"href":"https:\/\/www.nowcast.de\/es\/wp-json\/wp\/v2\/media\/3569"}],"wp:attachment":[{"href":"https:\/\/www.nowcast.de\/es\/wp-json\/wp\/v2\/media?parent=2413"}],"curies":[{"name":"wp","href":"https:\/\/api.w.org\/{rel}","templated":true}]}}