{"id":1795,"date":"2020-02-10T15:53:32","date_gmt":"2020-02-10T14:53:32","guid":{"rendered":"https:\/\/www.nowcast.de\/compaa\/socio\/"},"modified":"2020-07-24T11:33:42","modified_gmt":"2020-07-24T09:33:42","slug":"socio","status":"publish","type":"page","link":"https:\/\/www.nowcast.de\/es\/compaa\/socio\/","title":{"rendered":"Hazte socio"},"content":{"rendered":"\n<style type=\"text\/css\" data-created_by=\"avia_inline_auto\" id=\"style-css-av-3n8ej9-a7c8d4be131eb46351b5227b61567c43\">\n.flex_column.av-3n8ej9-a7c8d4be131eb46351b5227b61567c43{\n-webkit-border-radius:0px 0px 0px 0px;\n-moz-border-radius:0px 0px 0px 0px;\nborder-radius:0px 0px 0px 0px;\npadding:0px 0px 0px 0px;\n}\n<\/style>\n<div class='flex_column av-3n8ej9-a7c8d4be131eb46351b5227b61567c43 av_one_full  avia-builder-el-0  el_before_av_one_third  avia-builder-el-first  first flex_column_div av-zero-column-padding '     ><p><div  class='avia-slideshow av-k6c9dwj5-c79d05f6aff72a30a886dc63e72dbac6 avia-slideshow-featured av_slideshow avia-slide-slider  avia-builder-el-1  el_before_av_textblock  avia-builder-el-first  av-slideshow-ui av-control-default av-slideshow-manual av-loop-once av-loop-manual-endless av-default-height-applied avia-slideshow-1' data-slideshow-options=\"{&quot;animation&quot;:&quot;slide&quot;,&quot;autoplay&quot;:false,&quot;loop_autoplay&quot;:&quot;once&quot;,&quot;interval&quot;:5,&quot;loop_manual&quot;:&quot;manual-endless&quot;,&quot;autoplay_stopper&quot;:false,&quot;noNavigation&quot;:false,&quot;bg_slider&quot;:false,&quot;keep_padding&quot;:false,&quot;hoverpause&quot;:false,&quot;show_slide_delay&quot;:0}\"  itemprop=\"image\" itemscope=\"itemscope\" itemtype=\"https:\/\/schema.org\/ImageObject\" ><ul class='avia-slideshow-inner ' style='padding-bottom: 35.833333333333%;'><li  class='avia-slideshow-slide av-k6c9dwj5-c79d05f6aff72a30a886dc63e72dbac6__0  av-single-slide slide-1 slide-odd'><div data-rel='slideshow-1' class='avia-slide-wrap '   ><img decoding=\"async\" class=\"wp-image-2166 avia-img-lazy-loading-not-2166\"  src=\"https:\/\/www.nowcast.de\/wp-content\/uploads\/2020\/02\/AdobeStock_315314564-Kopie-1200x430.jpg\" width=\"1200\" height=\"430\" title='\u5354\u529b\u3000\u30c1\u30fc\u30e0\u30ef\u30fc\u30af\u3000\u30d1\u30fc\u30c8\u30ca\u30fc\u30b7\u30c3\u30d7' alt=''  itemprop=\"thumbnailUrl\"   \/><\/div><\/li><\/ul><\/div><br \/>\n<section  class='av_textblock_section av-k6c9age8-5ae1cffe8fa53380eea124f2266510c2'  itemscope=\"itemscope\" itemtype=\"https:\/\/schema.org\/CreativeWork\" ><div class='avia_textblock'  itemprop=\"text\" ><h2><strong>Incluya en su portafolio la Localizaci\u00f3n de Rel\u00e1mpagos de alta precisi\u00f3n.<\/strong><\/h2>\n<h3>Convi\u00e9rtase en un socio de ventas Nowcast\u00a0<\/h3>\n<p>Nowcast se enorgullece de trabajar con socios de ventas profesionales en todo el mundo.<\/p>\n<p><span lang=\"en-US\">Para la mayor\u00eda de nuestros socios, <\/span><span lang=\"en-US\">tanto<\/span><span lang=\"en-US\"> la <\/span><span lang=\"en-US\">venta<\/span><span lang=\"en-US\"> de nuestros datos <\/span><span lang=\"en-US\">de<\/span> <span lang=\"en-US\">rel\u00e1mpagos, <\/span><span lang=\"en-US\">como la intermediaci\u00f3n<\/span> <span lang=\"en-US\">en todos nuestros proyectos de detecci\u00f3n<\/span> <span lang=\"en-US\">rel\u00e1mpagos<\/span><span lang=\"en-US\">, genera<\/span><span lang=\"en-US\">n<\/span><span lang=\"en-US\"> sinergia<\/span><span lang=\"en-US\">s y agregan valor<\/span><span lang=\"en-US\">. <\/span><span lang=\"en-US\">Nosotros <\/span><span lang=\"en-US\">trabajamos con compa\u00f1\u00edas de protecci\u00f3n contra rayos, compa\u00f1\u00edas de consultor\u00eda o integradores de sistemas en el campo de servicios o infraestructura meteorol\u00f3gica.<\/span><\/p>\n<p><span lang=\"en-US\">\u00bfTambi\u00e9n le gustar\u00eda <\/span><span lang=\"en-US\">expandir<\/span><span lang=\"en-US\"> su <\/span><span lang=\"en-US\">\u00e1mbito o \u00e1rea de activiades<\/span><span lang=\"en-US\"> como socio de distribuci\u00f3n de <\/span><span lang=\"en-US\">N<\/span><span lang=\"en-US\">owcast? <\/span><span lang=\"en-US\">T<\/span>engamos una primera conversaci\u00f3n sobre esto.<\/p>\n<p><span lang=\"en-US\">Los siguientes requisitos son importantes para nosotros:<\/span><\/p>\n<ul>\n<li><span lang=\"en-US\">Usted t<\/span><span lang=\"en-US\">iene una red relevante y los contactos adecuados para <\/span><span lang=\"en-US\">en su campo de distribuci\u00f3n<\/span><span lang=\"en-US\">.<\/span><\/li>\n<li>Tiene experiencia en distribuir soluciones de proyectos y SaaS.<\/li>\n<li>Tiene una perspectiva a largo plazo y aprecia una cooperaci\u00f3n guiada por la confianza.<\/li>\n<li>Puede vender los productos de Nowcast con compromiso y seriedad.<\/li>\n<\/ul>\n<p><a name=\"_GoBack\"><\/a>\u00a1P\u00f3ngase en contacto con nuestra gesti\u00f3n de socios hoy mismo!<\/p>\n<\/div><\/section><\/p><\/div>\n\n<style type=\"text\/css\" data-created_by=\"avia_inline_auto\" id=\"style-css-av-kd00sekd-de099c9a602f18f2cb0b7a6cd10f7ed7\">\n.flex_column.av-kd00sekd-de099c9a602f18f2cb0b7a6cd10f7ed7{\nborder-width:1px;\nborder-style:solid;\n-webkit-border-radius:0px 0px 0px 0px;\n-moz-border-radius:0px 0px 0px 0px;\nborder-radius:0px 0px 0px 0px;\npadding:0px 0px 0px 0px;\n}\n<\/style>\n<div class='flex_column av-kd00sekd-de099c9a602f18f2cb0b7a6cd10f7ed7 av_one_third  avia-builder-el-3  el_after_av_one_full  el_before_av_one_full  first flex_column_div av-zero-column-padding column-top-margin'     ><p>\n<style type=\"text\/css\" data-created_by=\"avia_inline_auto\" id=\"style-css-av-kd00q5gz-131575e414b216cdb3499b9afb5dfb61\">\n.avia-image-container.av-kd00q5gz-131575e414b216cdb3499b9afb5dfb61 img.avia_image{\nbox-shadow:none;\n}\n.avia-image-container.av-kd00q5gz-131575e414b216cdb3499b9afb5dfb61 .av-image-caption-overlay-center{\ncolor:#ffffff;\n}\n<\/style>\n<div  class='avia-image-container av-kd00q5gz-131575e414b216cdb3499b9afb5dfb61 av-styling- avia-align-center  avia-builder-el-4  el_before_av_button  avia-builder-el-first '   itemprop=\"image\" itemscope=\"itemscope\" itemtype=\"https:\/\/schema.org\/ImageObject\" ><div class=\"avia-image-container-inner\"><div class=\"avia-image-overlay-wrap\"><a href=\"https:\/\/www.nowcast.de\/wp-content\/uploads\/2020\/07\/Partner-story_Microstep_2020.pdf\" class='avia_image' target=\"_blank\" rel=\"noopener noreferrer\"><img decoding=\"async\" class='wp-image-3073 avia-img-lazy-loading-not-3073 avia_image ' src=\"https:\/\/www.nowcast.de\/wp-content\/uploads\/2020\/07\/Partner-Story-MicroStep-nowcast-2020-350x350.jpg\" alt='Partner Story MicroStep and nowcast 2020' title='Partner-Story-MicroStep-nowcast-2020'  height=\"350\" width=\"350\"  itemprop=\"thumbnailUrl\" srcset=\"https:\/\/www.nowcast.de\/wp-content\/uploads\/2020\/07\/Partner-Story-MicroStep-nowcast-2020-350x350.jpg 350w, https:\/\/www.nowcast.de\/wp-content\/uploads\/2020\/07\/Partner-Story-MicroStep-nowcast-2020-150x150.jpg 150w, https:\/\/www.nowcast.de\/wp-content\/uploads\/2020\/07\/Partner-Story-MicroStep-nowcast-2020-36x36.jpg 36w, https:\/\/www.nowcast.de\/wp-content\/uploads\/2020\/07\/Partner-Story-MicroStep-nowcast-2020-180x180.jpg 180w, https:\/\/www.nowcast.de\/wp-content\/uploads\/2020\/07\/Partner-Story-MicroStep-nowcast-2020-128x128.jpg 128w, https:\/\/www.nowcast.de\/wp-content\/uploads\/2020\/07\/Partner-Story-MicroStep-nowcast-2020.jpg 500w\" sizes=\"(max-width: 350px) 100vw, 350px\" \/><\/a><\/div><\/div><\/div><br \/>\n<div  class='avia-button-wrap av-kd00roa0-fff5544d0270924570fa9a82d06ab016-wrap avia-button-center  avia-builder-el-5  el_after_av_image  avia-builder-el-last '><a href='https:\/\/www.nowcast.de\/wp-content\/uploads\/2020\/07\/Partner-story_Microstep_2020.pdf' class='avia-button av-kd00roa0-fff5544d0270924570fa9a82d06ab016 avia-icon_select-no avia-size-medium avia-position-center avia-color-theme-color' target=\"_blank\" rel=\"noopener noreferrer\"><span class='avia_iconbox_title' >Lee m\u00e1s<\/span><\/a><\/div><\/p><\/div>\n<style type=\"text\/css\" data-created_by=\"avia_inline_auto\" id=\"style-css-av-ba1nxx-8146882c6d1704fa92ef1da13d924262\">\n.flex_column.av-ba1nxx-8146882c6d1704fa92ef1da13d924262{\n-webkit-border-radius:0px 0px 0px 0px;\n-moz-border-radius:0px 0px 0px 0px;\nborder-radius:0px 0px 0px 0px;\npadding:0px 0px 0px 0px;\n}\n<\/style>\n<div class='flex_column av-ba1nxx-8146882c6d1704fa92ef1da13d924262 av_one_full  avia-builder-el-6  el_after_av_one_third  avia-builder-el-last  first flex_column_div av-zero-column-padding column-top-margin'     ><form action=\"https:\/\/www.nowcast.de\/es\/compaa\/socio\/\" method=\"post\"  class=\"avia_ajax_form av-form-labels-visible   avia-builder-el-7  avia-builder-el-no-sibling   \" data-avia-form-id=\"1\" data-avia-redirect='' ><h3 class=''>Su mensaje para nowcast:<\/h3><fieldset><p class='  first_form  form_element form_fullwidth' id='element_avia_1_1'><label for=\"avia_1_1\">Nombre <abbr class=\"required\" title=\"requerido\">*<\/abbr><\/label> <input name=\"avia_1_1\" class=\"text_input is_empty\" type=\"text\" id=\"avia_1_1\" value=\"\" \/><\/p><p class='  first_form  form_element form_fullwidth' id='element_avia_2_1'><label for=\"avia_2_1\">Correo electr\u00f3nico <abbr class=\"required\" title=\"requerido\">*<\/abbr><\/label> <input name=\"avia_2_1\" class=\"text_input is_email\" type=\"text\" id=\"avia_2_1\" value=\"\" \/><\/p><p class='  first_form  form_element form_fullwidth' id='element_avia_3_1'><label for=\"avia_3_1\">Sujeto <abbr class=\"required\" title=\"requerido\">*<\/abbr><\/label> <input name=\"avia_3_1\" class=\"text_input is_empty\" type=\"text\" id=\"avia_3_1\" value=\"\" \/><\/p><p class='  first_form  form_element form_fullwidth av-last-visible-form-element' id='element_avia_4_1'><label for=\"avia_4_1\" class=\"textare_label hidden textare_label_avia_4_1\">Mensaje <abbr class=\"required\" title=\"requerido\">*<\/abbr><\/label><textarea  name=\"avia_4_1\" class=\"text_area is_empty\" cols=\"40\" rows=\"7\" id=\"avia_4_1\" ><\/textarea><\/p><p class=\"hidden\"><input type=\"text\" name=\"avia_5_1\" class=\"hidden \" id=\"avia_5_1\" value=\"\" \/><\/p><p class=\"form_element \"><input type=\"hidden\" value=\"1\" name=\"avia_generated_form1\" \/><input type=\"submit\" value=\"Enviar\" class=\"button\"  data-sending-label=\"Enviando\"\/><\/p><\/fieldset><\/form><div id=\"ajaxresponse_1\" class=\"ajaxresponse ajaxresponse_1 hidden\"><\/div><\/div><\/p>\n","protected":false},"excerpt":{"rendered":"","protected":false},"author":12,"featured_media":0,"parent":1615,"menu_order":0,"comment_status":"closed","ping_status":"closed","template":"","meta":{"_relevanssi_hide_post":"","_relevanssi_hide_content":"","_relevanssi_pin_for_all":"","_relevanssi_pin_keywords":"","_relevanssi_unpin_keywords":"","_relevanssi_related_keywords":"","_relevanssi_related_include_ids":"","_relevanssi_related_exclude_ids":"","_relevanssi_related_no_append":"","_relevanssi_related_not_related":"","_relevanssi_related_posts":"","_relevanssi_noindex_reason":""},"acf":[],"yoast_head":"<!-- This site is optimized with the Yoast SEO plugin v19.10 - https:\/\/yoast.com\/wordpress\/plugins\/seo\/ -->\n<title>Hazte socio - nowcast<\/title>\n<meta name=\"robots\" content=\"index, follow, max-snippet:-1, max-image-preview:large, max-video-preview:-1\" \/>\n<link rel=\"canonical\" href=\"https:\/\/www.nowcast.de\/es\/compaa\/socio\/\" \/>\n<meta property=\"og:locale\" content=\"es_ES\" \/>\n<meta property=\"og:type\" content=\"article\" \/>\n<meta property=\"og:title\" content=\"Hazte socio - nowcast\" \/>\n<meta property=\"og:url\" content=\"https:\/\/www.nowcast.de\/es\/compaa\/socio\/\" \/>\n<meta property=\"og:site_name\" content=\"nowcast\" \/>\n<meta property=\"article:modified_time\" content=\"2020-07-24T09:33:42+00:00\" \/>\n<meta name=\"twitter:card\" content=\"summary_large_image\" \/>\n<meta name=\"twitter:label1\" content=\"Tiempo de lectura\" \/>\n\t<meta name=\"twitter:data1\" content=\"5 minutos\" \/>\n<script type=\"application\/ld+json\" class=\"yoast-schema-graph\">{\"@context\":\"https:\/\/schema.org\",\"@graph\":[{\"@type\":\"WebPage\",\"@id\":\"https:\/\/www.nowcast.de\/es\/compaa\/socio\/\",\"url\":\"https:\/\/www.nowcast.de\/es\/compaa\/socio\/\",\"name\":\"Hazte socio - nowcast\",\"isPartOf\":{\"@id\":\"https:\/\/www.nowcast.de\/es\/#website\"},\"datePublished\":\"2020-02-10T14:53:32+00:00\",\"dateModified\":\"2020-07-24T09:33:42+00:00\",\"breadcrumb\":{\"@id\":\"https:\/\/www.nowcast.de\/es\/compaa\/socio\/#breadcrumb\"},\"inLanguage\":\"es\",\"potentialAction\":[{\"@type\":\"ReadAction\",\"target\":[\"https:\/\/www.nowcast.de\/es\/compaa\/socio\/\"]}]},{\"@type\":\"BreadcrumbList\",\"@id\":\"https:\/\/www.nowcast.de\/es\/compaa\/socio\/#breadcrumb\",\"itemListElement\":[{\"@type\":\"ListItem\",\"position\":1,\"name\":\"Startseite\",\"item\":\"https:\/\/www.nowcast.de\/es\/nowcast-deteccion-de-rayos\/\"},{\"@type\":\"ListItem\",\"position\":2,\"name\":\"Compa&ntilde;&iacute;a\",\"item\":\"https:\/\/www.nowcast.de\/es\/compaa\/\"},{\"@type\":\"ListItem\",\"position\":3,\"name\":\"Hazte socio\"}]},{\"@type\":\"WebSite\",\"@id\":\"https:\/\/www.nowcast.de\/es\/#website\",\"url\":\"https:\/\/www.nowcast.de\/es\/\",\"name\":\"nowcast\",\"description\":\"Lightning Detection\",\"publisher\":{\"@id\":\"https:\/\/www.nowcast.de\/es\/#organization\"},\"potentialAction\":[{\"@type\":\"SearchAction\",\"target\":{\"@type\":\"EntryPoint\",\"urlTemplate\":\"https:\/\/www.nowcast.de\/es\/?s={search_term_string}\"},\"query-input\":\"required name=search_term_string\"}],\"inLanguage\":\"es\"},{\"@type\":\"Organization\",\"@id\":\"https:\/\/www.nowcast.de\/es\/#organization\",\"name\":\"nowcast GmbH\",\"url\":\"https:\/\/www.nowcast.de\/es\/\",\"logo\":{\"@type\":\"ImageObject\",\"inLanguage\":\"es\",\"@id\":\"https:\/\/www.nowcast.de\/es\/#\/schema\/logo\/image\/\",\"url\":\"https:\/\/www.nowcast.de\/wp-content\/uploads\/2020\/07\/logo-nowcast_lightning-detected_rgb.png\",\"contentUrl\":\"https:\/\/www.nowcast.de\/wp-content\/uploads\/2020\/07\/logo-nowcast_lightning-detected_rgb.png\",\"width\":800,\"height\":355,\"caption\":\"nowcast GmbH\"},\"image\":{\"@id\":\"https:\/\/www.nowcast.de\/es\/#\/schema\/logo\/image\/\"}}]}<\/script>\n<!-- \/ Yoast SEO plugin. -->","yoast_head_json":{"title":"Hazte socio - nowcast","robots":{"index":"index","follow":"follow","max-snippet":"max-snippet:-1","max-image-preview":"max-image-preview:large","max-video-preview":"max-video-preview:-1"},"canonical":"https:\/\/www.nowcast.de\/es\/compaa\/socio\/","og_locale":"es_ES","og_type":"article","og_title":"Hazte socio - nowcast","og_url":"https:\/\/www.nowcast.de\/es\/compaa\/socio\/","og_site_name":"nowcast","article_modified_time":"2020-07-24T09:33:42+00:00","twitter_card":"summary_large_image","twitter_misc":{"Tiempo de lectura":"5 minutos"},"schema":{"@context":"https:\/\/schema.org","@graph":[{"@type":"WebPage","@id":"https:\/\/www.nowcast.de\/es\/compaa\/socio\/","url":"https:\/\/www.nowcast.de\/es\/compaa\/socio\/","name":"Hazte socio - nowcast","isPartOf":{"@id":"https:\/\/www.nowcast.de\/es\/#website"},"datePublished":"2020-02-10T14:53:32+00:00","dateModified":"2020-07-24T09:33:42+00:00","breadcrumb":{"@id":"https:\/\/www.nowcast.de\/es\/compaa\/socio\/#breadcrumb"},"inLanguage":"es","potentialAction":[{"@type":"ReadAction","target":["https:\/\/www.nowcast.de\/es\/compaa\/socio\/"]}]},{"@type":"BreadcrumbList","@id":"https:\/\/www.nowcast.de\/es\/compaa\/socio\/#breadcrumb","itemListElement":[{"@type":"ListItem","position":1,"name":"Startseite","item":"https:\/\/www.nowcast.de\/es\/nowcast-deteccion-de-rayos\/"},{"@type":"ListItem","position":2,"name":"Compa&ntilde;&iacute;a","item":"https:\/\/www.nowcast.de\/es\/compaa\/"},{"@type":"ListItem","position":3,"name":"Hazte socio"}]},{"@type":"WebSite","@id":"https:\/\/www.nowcast.de\/es\/#website","url":"https:\/\/www.nowcast.de\/es\/","name":"nowcast","description":"Lightning Detection","publisher":{"@id":"https:\/\/www.nowcast.de\/es\/#organization"},"potentialAction":[{"@type":"SearchAction","target":{"@type":"EntryPoint","urlTemplate":"https:\/\/www.nowcast.de\/es\/?s={search_term_string}"},"query-input":"required name=search_term_string"}],"inLanguage":"es"},{"@type":"Organization","@id":"https:\/\/www.nowcast.de\/es\/#organization","name":"nowcast GmbH","url":"https:\/\/www.nowcast.de\/es\/","logo":{"@type":"ImageObject","inLanguage":"es","@id":"https:\/\/www.nowcast.de\/es\/#\/schema\/logo\/image\/","url":"https:\/\/www.nowcast.de\/wp-content\/uploads\/2020\/07\/logo-nowcast_lightning-detected_rgb.png","contentUrl":"https:\/\/www.nowcast.de\/wp-content\/uploads\/2020\/07\/logo-nowcast_lightning-detected_rgb.png","width":800,"height":355,"caption":"nowcast GmbH"},"image":{"@id":"https:\/\/www.nowcast.de\/es\/#\/schema\/logo\/image\/"}}]}},"_links":{"self":[{"href":"https:\/\/www.nowcast.de\/es\/wp-json\/wp\/v2\/pages\/1795"}],"collection":[{"href":"https:\/\/www.nowcast.de\/es\/wp-json\/wp\/v2\/pages"}],"about":[{"href":"https:\/\/www.nowcast.de\/es\/wp-json\/wp\/v2\/types\/page"}],"author":[{"embeddable":true,"href":"https:\/\/www.nowcast.de\/es\/wp-json\/wp\/v2\/users\/12"}],"replies":[{"embeddable":true,"href":"https:\/\/www.nowcast.de\/es\/wp-json\/wp\/v2\/comments?post=1795"}],"version-history":[{"count":8,"href":"https:\/\/www.nowcast.de\/es\/wp-json\/wp\/v2\/pages\/1795\/revisions"}],"predecessor-version":[{"id":3085,"href":"https:\/\/www.nowcast.de\/es\/wp-json\/wp\/v2\/pages\/1795\/revisions\/3085"}],"up":[{"embeddable":true,"href":"https:\/\/www.nowcast.de\/es\/wp-json\/wp\/v2\/pages\/1615"}],"wp:attachment":[{"href":"https:\/\/www.nowcast.de\/es\/wp-json\/wp\/v2\/media?parent=1795"}],"curies":[{"name":"wp","href":"https:\/\/api.w.org\/{rel}","templated":true}]}}