{"id":1659,"date":"2020-02-04T15:19:16","date_gmt":"2020-02-04T14:19:16","guid":{"rendered":"https:\/\/www.nowcast.de\/registro-de-seales-dbiles\/"},"modified":"2020-11-18T10:38:52","modified_gmt":"2020-11-18T09:38:52","slug":"registro-de-seales-dbiles","status":"publish","type":"page","link":"https:\/\/www.nowcast.de\/es\/registro-de-seales-dbiles\/","title":{"rendered":"Registro de se&ntilde;ales d&eacute;biles"},"content":{"rendered":"\n<style type=\"text\/css\" data-created_by=\"avia_inline_auto\" id=\"style-css-av-k9stb-a095003217da1fe4ee5002c343586904\">\n.flex_column.av-k9stb-a095003217da1fe4ee5002c343586904{\n-webkit-border-radius:0px 0px 0px 0px;\n-moz-border-radius:0px 0px 0px 0px;\nborder-radius:0px 0px 0px 0px;\npadding:0px 0px 0px 0px;\n}\n<\/style>\n<div class='flex_column av-k9stb-a095003217da1fe4ee5002c343586904 av_one_full  avia-builder-el-0  el_before_av_one_full  avia-builder-el-first  first flex_column_div av-zero-column-padding '     ><div  class='avia-slideshow av-ju9u697c-aec2d72cd7363e3d860eff5df00690c7 avia-slideshow-featured av_slideshow avia-slide-slider  avia-builder-el-1  avia-builder-el-no-sibling  av-slideshow-ui av-control-default av-slideshow-manual av-loop-once av-loop-manual-endless av-default-height-applied avia-slideshow-1' data-slideshow-options=\"{&quot;animation&quot;:&quot;slide&quot;,&quot;autoplay&quot;:false,&quot;loop_autoplay&quot;:&quot;once&quot;,&quot;interval&quot;:5,&quot;loop_manual&quot;:&quot;manual-endless&quot;,&quot;autoplay_stopper&quot;:false,&quot;noNavigation&quot;:false,&quot;bg_slider&quot;:false,&quot;keep_padding&quot;:false,&quot;hoverpause&quot;:false,&quot;show_slide_delay&quot;:0}\"  itemprop=\"image\" itemscope=\"itemscope\" itemtype=\"https:\/\/schema.org\/ImageObject\" ><ul class='avia-slideshow-inner ' style='padding-bottom: 28.666666666667%;'><li  class='avia-slideshow-slide av-ju9u697c-aec2d72cd7363e3d860eff5df00690c7__0  av-single-slide slide-1 slide-odd'><div data-rel='slideshow-1' class='avia-slide-wrap '   ><img decoding=\"async\" class=\"wp-image-2126 avia-img-lazy-loading-not-2126\"  src=\"https:\/\/www.nowcast.de\/wp-content\/uploads\/2019\/11\/Blitzantenne_3-1500x430.jpg\" width=\"1500\" height=\"430\" title='Blitzantenne_3' alt=''  itemprop=\"thumbnailUrl\" srcset=\"https:\/\/www.nowcast.de\/wp-content\/uploads\/2019\/11\/Blitzantenne_3.jpg 1500w, https:\/\/www.nowcast.de\/wp-content\/uploads\/2019\/11\/Blitzantenne_3-350x100.jpg 350w, https:\/\/www.nowcast.de\/wp-content\/uploads\/2019\/11\/Blitzantenne_3-1030x295.jpg 1030w, https:\/\/www.nowcast.de\/wp-content\/uploads\/2019\/11\/Blitzantenne_3-768x220.jpg 768w, https:\/\/www.nowcast.de\/wp-content\/uploads\/2019\/11\/Blitzantenne_3-705x202.jpg 705w, https:\/\/www.nowcast.de\/wp-content\/uploads\/2019\/11\/Blitzantenne_3-128x37.jpg 128w\" sizes=\"(max-width: 1500px) 100vw, 1500px\" \/><\/div><\/li><\/ul><\/div><\/div>\n\n<style type=\"text\/css\" data-created_by=\"avia_inline_auto\" id=\"style-css-av-8zz8v-40fa5193a3b4c912f92d6a86b3f828b8\">\n.flex_column.av-8zz8v-40fa5193a3b4c912f92d6a86b3f828b8{\n-webkit-border-radius:0px 0px 0px 0px;\n-moz-border-radius:0px 0px 0px 0px;\nborder-radius:0px 0px 0px 0px;\npadding:0px 0px 0px 0px;\n}\n<\/style>\n<div class='flex_column av-8zz8v-40fa5193a3b4c912f92d6a86b3f828b8 av_one_full  avia-builder-el-2  el_after_av_one_full  avia-builder-el-last  first flex_column_div av-zero-column-padding column-top-margin'     ><section  class='av_textblock_section av-ju9u0ym4-b555ab98313f95d4d027b7aa25211804'  itemscope=\"itemscope\" itemtype=\"https:\/\/schema.org\/CreativeWork\" ><div class='avia_textblock'  itemprop=\"text\" ><h2>Registro de se\u00f1ales d\u00e9biles<\/h2>\n<p>Un sistema de localizaci\u00f3n de rayos profesional debe aspirar a registrar, en lo posible, todos los rayos que surjan en un \u00e1rea de medici\u00f3n. Solo de esta manera es posible hacer una predicci\u00f3n integral acerca de la calidad y el desarrollo de una tormenta. En especial los rayos intra o internubes, importantes para determinar la severidad de una tormenta, se caracterizan por tener una d\u00e9bil intensidad de se\u00f1al. Asimismo, los rayos d\u00e9biles a tierra tambi\u00e9n pueden ocasionar da\u00f1os graves.<\/p>\n<p><strong>LINET mide considerablemente m\u00e1s se\u00f1ales<\/strong><\/p>\n<p>El sofisticado dise\u00f1o de la antena, la t\u00e9cnica de medici\u00f3n altamente eficiente y los mecanismos de filtraci\u00f3n que se han optimizado a lo largo de los a\u00f1os le permiten a LINET un umbral muy bajo para la sensibilidad de medici\u00f3n de los sensores. De esta forma, incluso los rayos m\u00e1s d\u00e9biles pueden ser captados y localizados. La cantidad significativamente mayor de eventos de rayos medidos resulta de gran ayuda para el perfeccionamiento de los datos, como, por ej., para las funciones \u00abCell Tracking\u00bb y \u00abNowcasting\u00bb. La elevada sensibilidad de los sensores tambi\u00e9n es un factor decisivo para la excelente exactitud de localizaci\u00f3n de LINET.<\/p>\n<p><strong>Detalles acerca del registro de rayos d\u00e9biles<\/strong><\/p>\n<p>En t\u00e9rminos hist\u00f3ricos, la mayor\u00eda de los sistemas de localizaci\u00f3n de rayos se han especializado en informar los rayos fuertes a tierra. Estos llamados \u00abrayos de retorno\u00bb (\u00abreturn strokes\u00bb) se pueden reconocer, por lo general, a trav\u00e9s de sus caracter\u00edsticos saltos de campo y formas de se\u00f1al. De esta forma, tambi\u00e9n se pueden desarrollar algoritmos para la diferenciaci\u00f3n respecto a los rayos intra o internubes. Sin embargo, un registro lo m\u00e1s completo posible de todos los rayos tambi\u00e9n requiere el sondeo fiable de los rayos parciales d\u00e9biles, que no siempre se pueden distinguir claramente por su forma de se\u00f1al. Por tal motivo, nowcast implement\u00f3 un sondeo de todas las se\u00f1ales de rayos, que trabaja con independencia de la forma especial de se\u00f1al. De esto resulta una probabilidad de detecci\u00f3n de rayos claramente m\u00e1s elevada para los rayos d\u00e9biles. Curiosamente, tambi\u00e9n hay rayos a tierra que ocurren en un canal de rayos propio despu\u00e9s de un cl\u00e1sico \u00abrayo de retorno\u00bb, y no presentan la forma t\u00edpica de la se\u00f1al. Estos rayos pueden ser registrados por LINET, pero no por otros sistemas de localizaci\u00f3n de rayos (Stolzenburg et al., en idioma ingl\u00e9s: \u00abStroke-Like Upward Illumination Occurring Within a Few Milliseconds After Lightning Return Strokes\u00bb, presentado para JGRD, 2012). El m\u00e9todo seleccionado por nowcast es indispensable cuando tambi\u00e9n se deben localizar rayos intra o internubes de manera eficiente. Estos rayos presentan diferentes formas de se\u00f1al que no se pueden categorizar f\u00e1cilmente. Por ello, LINET ofrece la captaci\u00f3n total de rayos (\u00abTotal Lightning\u00bb), esto es, el reporte eficiente de los rayos a tierra y los rayos intra o internubes. Esto resulta de gran importancia para el registro de la evoluci\u00f3n de las tormentas. nowcast proporciona la probabilidad de detecci\u00f3n utilizando las potencias detectadas de los rayos (amperios), pero no en valores porcentuales como es usual. El motivo radica en que, en verdad, no se conoce cu\u00e1ntos rayos hay en total. En especial, en el caso de los rayos intra o internubes no se sabe cu\u00e1ntas descargas d\u00e9biles realmente se generan. Sin embargo, con la densidad del sensor recomendada por nowcast, se detecta un n\u00famero representativamente suficiente de rayos intra o internubes. Durante los \u00faltimos a\u00f1os, tanto nowcast, como sus clientes y socios, llevaron a cabo comparaciones de datos con muchas otras redes, y siempre observaron que nowcast localiza m\u00e1s eventos de rayos que cualquier otro sistema de baja frecuencia. En el a\u00f1o 2010, nowcast realiz\u00f3 una comparaci\u00f3n de datos con el sistema de localizaci\u00f3n de rayos local altamente especializado de la NASA para el Centro Espacial Kennedy en Florida. Este sistema no solo mide rayos en el rango de alta frecuencia, sino tambi\u00e9n descargas de rayos conductores (\u00ableader steps\u00bb) en el rango de baja frecuencia y, de esta forma, permite un registro altamente eficiente de las descargas intra o internubes. Tal como se demostr\u00f3, la red de nowcast mide la misma cantidad de rayos intra o internubes (rayos totales, \u00abcloud flashes\u00bb) como el sistema de la NASA y, por ello, puede utilizar la marca de calidad de captaci\u00f3n total de rayos (\u00abTotal Lightning\u00bb).<\/p>\n<\/div><\/section><\/div>\n","protected":false},"excerpt":{"rendered":"","protected":false},"author":12,"featured_media":0,"parent":0,"menu_order":0,"comment_status":"closed","ping_status":"closed","template":"","meta":{"_relevanssi_hide_post":"","_relevanssi_hide_content":"","_relevanssi_pin_for_all":"","_relevanssi_pin_keywords":"","_relevanssi_unpin_keywords":"","_relevanssi_related_keywords":"","_relevanssi_related_include_ids":"","_relevanssi_related_exclude_ids":"","_relevanssi_related_no_append":"","_relevanssi_related_not_related":"","_relevanssi_related_posts":"","_relevanssi_noindex_reason":""},"acf":[],"yoast_head":"<!-- This site is optimized with the Yoast SEO plugin v19.10 - https:\/\/yoast.com\/wordpress\/plugins\/seo\/ -->\n<title>Registro de se&ntilde;ales d&eacute;biles - nowcast<\/title>\n<meta name=\"robots\" content=\"index, follow, max-snippet:-1, max-image-preview:large, max-video-preview:-1\" \/>\n<link rel=\"canonical\" href=\"https:\/\/www.nowcast.de\/es\/registro-de-seales-dbiles\/\" \/>\n<meta property=\"og:locale\" content=\"es_ES\" \/>\n<meta property=\"og:type\" content=\"article\" \/>\n<meta property=\"og:title\" content=\"Registro de se&ntilde;ales d&eacute;biles - nowcast\" \/>\n<meta property=\"og:url\" content=\"https:\/\/www.nowcast.de\/es\/registro-de-seales-dbiles\/\" \/>\n<meta property=\"og:site_name\" content=\"nowcast\" \/>\n<meta property=\"article:modified_time\" content=\"2020-11-18T09:38:52+00:00\" \/>\n<meta name=\"twitter:card\" content=\"summary_large_image\" \/>\n<meta name=\"twitter:label1\" content=\"Tiempo de lectura\" \/>\n\t<meta name=\"twitter:data1\" content=\"5 minutos\" \/>\n<script type=\"application\/ld+json\" class=\"yoast-schema-graph\">{\"@context\":\"https:\/\/schema.org\",\"@graph\":[{\"@type\":\"WebPage\",\"@id\":\"https:\/\/www.nowcast.de\/es\/registro-de-seales-dbiles\/\",\"url\":\"https:\/\/www.nowcast.de\/es\/registro-de-seales-dbiles\/\",\"name\":\"Registro de se&ntilde;ales d&eacute;biles - nowcast\",\"isPartOf\":{\"@id\":\"https:\/\/www.nowcast.de\/es\/#website\"},\"datePublished\":\"2020-02-04T14:19:16+00:00\",\"dateModified\":\"2020-11-18T09:38:52+00:00\",\"breadcrumb\":{\"@id\":\"https:\/\/www.nowcast.de\/es\/registro-de-seales-dbiles\/#breadcrumb\"},\"inLanguage\":\"es\",\"potentialAction\":[{\"@type\":\"ReadAction\",\"target\":[\"https:\/\/www.nowcast.de\/es\/registro-de-seales-dbiles\/\"]}]},{\"@type\":\"BreadcrumbList\",\"@id\":\"https:\/\/www.nowcast.de\/es\/registro-de-seales-dbiles\/#breadcrumb\",\"itemListElement\":[{\"@type\":\"ListItem\",\"position\":1,\"name\":\"Startseite\",\"item\":\"https:\/\/www.nowcast.de\/es\/nowcast-deteccion-de-rayos\/\"},{\"@type\":\"ListItem\",\"position\":2,\"name\":\"Registro de se&ntilde;ales d&eacute;biles\"}]},{\"@type\":\"WebSite\",\"@id\":\"https:\/\/www.nowcast.de\/es\/#website\",\"url\":\"https:\/\/www.nowcast.de\/es\/\",\"name\":\"nowcast\",\"description\":\"Lightning Detection\",\"publisher\":{\"@id\":\"https:\/\/www.nowcast.de\/es\/#organization\"},\"potentialAction\":[{\"@type\":\"SearchAction\",\"target\":{\"@type\":\"EntryPoint\",\"urlTemplate\":\"https:\/\/www.nowcast.de\/es\/?s={search_term_string}\"},\"query-input\":\"required name=search_term_string\"}],\"inLanguage\":\"es\"},{\"@type\":\"Organization\",\"@id\":\"https:\/\/www.nowcast.de\/es\/#organization\",\"name\":\"nowcast GmbH\",\"url\":\"https:\/\/www.nowcast.de\/es\/\",\"logo\":{\"@type\":\"ImageObject\",\"inLanguage\":\"es\",\"@id\":\"https:\/\/www.nowcast.de\/es\/#\/schema\/logo\/image\/\",\"url\":\"https:\/\/www.nowcast.de\/wp-content\/uploads\/2020\/07\/logo-nowcast_lightning-detected_rgb.png\",\"contentUrl\":\"https:\/\/www.nowcast.de\/wp-content\/uploads\/2020\/07\/logo-nowcast_lightning-detected_rgb.png\",\"width\":800,\"height\":355,\"caption\":\"nowcast GmbH\"},\"image\":{\"@id\":\"https:\/\/www.nowcast.de\/es\/#\/schema\/logo\/image\/\"}}]}<\/script>\n<!-- \/ Yoast SEO plugin. -->","yoast_head_json":{"title":"Registro de se&ntilde;ales d&eacute;biles - nowcast","robots":{"index":"index","follow":"follow","max-snippet":"max-snippet:-1","max-image-preview":"max-image-preview:large","max-video-preview":"max-video-preview:-1"},"canonical":"https:\/\/www.nowcast.de\/es\/registro-de-seales-dbiles\/","og_locale":"es_ES","og_type":"article","og_title":"Registro de se&ntilde;ales d&eacute;biles - nowcast","og_url":"https:\/\/www.nowcast.de\/es\/registro-de-seales-dbiles\/","og_site_name":"nowcast","article_modified_time":"2020-11-18T09:38:52+00:00","twitter_card":"summary_large_image","twitter_misc":{"Tiempo de lectura":"5 minutos"},"schema":{"@context":"https:\/\/schema.org","@graph":[{"@type":"WebPage","@id":"https:\/\/www.nowcast.de\/es\/registro-de-seales-dbiles\/","url":"https:\/\/www.nowcast.de\/es\/registro-de-seales-dbiles\/","name":"Registro de se&ntilde;ales d&eacute;biles - nowcast","isPartOf":{"@id":"https:\/\/www.nowcast.de\/es\/#website"},"datePublished":"2020-02-04T14:19:16+00:00","dateModified":"2020-11-18T09:38:52+00:00","breadcrumb":{"@id":"https:\/\/www.nowcast.de\/es\/registro-de-seales-dbiles\/#breadcrumb"},"inLanguage":"es","potentialAction":[{"@type":"ReadAction","target":["https:\/\/www.nowcast.de\/es\/registro-de-seales-dbiles\/"]}]},{"@type":"BreadcrumbList","@id":"https:\/\/www.nowcast.de\/es\/registro-de-seales-dbiles\/#breadcrumb","itemListElement":[{"@type":"ListItem","position":1,"name":"Startseite","item":"https:\/\/www.nowcast.de\/es\/nowcast-deteccion-de-rayos\/"},{"@type":"ListItem","position":2,"name":"Registro de se&ntilde;ales d&eacute;biles"}]},{"@type":"WebSite","@id":"https:\/\/www.nowcast.de\/es\/#website","url":"https:\/\/www.nowcast.de\/es\/","name":"nowcast","description":"Lightning Detection","publisher":{"@id":"https:\/\/www.nowcast.de\/es\/#organization"},"potentialAction":[{"@type":"SearchAction","target":{"@type":"EntryPoint","urlTemplate":"https:\/\/www.nowcast.de\/es\/?s={search_term_string}"},"query-input":"required name=search_term_string"}],"inLanguage":"es"},{"@type":"Organization","@id":"https:\/\/www.nowcast.de\/es\/#organization","name":"nowcast GmbH","url":"https:\/\/www.nowcast.de\/es\/","logo":{"@type":"ImageObject","inLanguage":"es","@id":"https:\/\/www.nowcast.de\/es\/#\/schema\/logo\/image\/","url":"https:\/\/www.nowcast.de\/wp-content\/uploads\/2020\/07\/logo-nowcast_lightning-detected_rgb.png","contentUrl":"https:\/\/www.nowcast.de\/wp-content\/uploads\/2020\/07\/logo-nowcast_lightning-detected_rgb.png","width":800,"height":355,"caption":"nowcast GmbH"},"image":{"@id":"https:\/\/www.nowcast.de\/es\/#\/schema\/logo\/image\/"}}]}},"_links":{"self":[{"href":"https:\/\/www.nowcast.de\/es\/wp-json\/wp\/v2\/pages\/1659"}],"collection":[{"href":"https:\/\/www.nowcast.de\/es\/wp-json\/wp\/v2\/pages"}],"about":[{"href":"https:\/\/www.nowcast.de\/es\/wp-json\/wp\/v2\/types\/page"}],"author":[{"embeddable":true,"href":"https:\/\/www.nowcast.de\/es\/wp-json\/wp\/v2\/users\/12"}],"replies":[{"embeddable":true,"href":"https:\/\/www.nowcast.de\/es\/wp-json\/wp\/v2\/comments?post=1659"}],"version-history":[{"count":6,"href":"https:\/\/www.nowcast.de\/es\/wp-json\/wp\/v2\/pages\/1659\/revisions"}],"predecessor-version":[{"id":4395,"href":"https:\/\/www.nowcast.de\/es\/wp-json\/wp\/v2\/pages\/1659\/revisions\/4395"}],"wp:attachment":[{"href":"https:\/\/www.nowcast.de\/es\/wp-json\/wp\/v2\/media?parent=1659"}],"curies":[{"name":"wp","href":"https:\/\/api.w.org\/{rel}","templated":true}]}}