{"id":1653,"date":"2020-02-04T15:19:10","date_gmt":"2020-02-04T14:19:10","guid":{"rendered":"https:\/\/www.nowcast.de\/compaa\/equipo\/"},"modified":"2022-08-29T16:18:31","modified_gmt":"2022-08-29T14:18:31","slug":"equipo","status":"publish","type":"page","link":"https:\/\/www.nowcast.de\/es\/compaa\/equipo\/","title":{"rendered":"Equipo"},"content":{"rendered":"\n<style type=\"text\/css\" data-created_by=\"avia_inline_auto\" id=\"style-css-av-ju1ds4ns-2ccf1fe9bf5cb1514f29ba2966c2cd0b\">\n.flex_column.av-ju1ds4ns-2ccf1fe9bf5cb1514f29ba2966c2cd0b{\n-webkit-border-radius:0px 0px 0px 0px;\n-moz-border-radius:0px 0px 0px 0px;\nborder-radius:0px 0px 0px 0px;\npadding:0px 0px 0px 0px;\n}\n<\/style>\n<div class='flex_column av-ju1ds4ns-2ccf1fe9bf5cb1514f29ba2966c2cd0b av_one_full  avia-builder-el-0  el_before_av_one_half  avia-builder-el-first  first flex_column_div av-zero-column-padding '     ><section  class='av_textblock_section av-ju1dsuhr-f0c0adb54472abe4fd3c46fcc01ff9da'  itemscope=\"itemscope\" itemtype=\"https:\/\/schema.org\/CreativeWork\" ><div class='avia_textblock'  itemprop=\"text\" ><h2>Equipo de direcci\u00f3n<\/h2>\n<p>Todos nuestros empleados se enfocan en un modo de trabajo orientado al cliente, respaldado por un pensamiento orientado al proceso y a los objetivos. Cada uno de nuestros empleados es un especialista en su \u00e1rea y cuenta con un conocimiento \u00fanico.\u00a0<\/p>\n<\/div><\/section><\/div>\n\n<style type=\"text\/css\" data-created_by=\"avia_inline_auto\" id=\"style-css-av-1e8765-4265bf30aae36149a2ef1ca6d3429e98\">\n.flex_column.av-1e8765-4265bf30aae36149a2ef1ca6d3429e98{\n-webkit-border-radius:0px 0px 0px 0px;\n-moz-border-radius:0px 0px 0px 0px;\nborder-radius:0px 0px 0px 0px;\npadding:0px 0px 0px 0px;\n}\n<\/style>\n<div class='flex_column av-1e8765-4265bf30aae36149a2ef1ca6d3429e98 av_one_half  avia-builder-el-2  el_after_av_one_full  el_before_av_one_half  first flex_column_div av-zero-column-padding column-top-margin'     ><section  class='avia-team-member av-kg80j4qg-1a62369ead4a04550614c57e176bdae0  avia-builder-el-3  avia-builder-el-no-sibling '  itemscope=\"itemscope\" itemtype=\"https:\/\/schema.org\/Person\" ><div class=\"team-img-container\"><img decoding=\"async\" class='wp-image-3817 avia-img-lazy-loading-not-3817 avia_image avia_image_team' src=\"https:\/\/www.nowcast.de\/wp-content\/uploads\/2020\/10\/Richard-Fellner-Nowcast-Lightning-Detection-350x227.jpg\" alt='Richard Fellner'  itemprop=\"image\"   height=\"227\" width=\"350\" srcset=\"https:\/\/www.nowcast.de\/wp-content\/uploads\/2020\/10\/Richard-Fellner-Nowcast-Lightning-Detection-350x227.jpg 350w, https:\/\/www.nowcast.de\/wp-content\/uploads\/2020\/10\/Richard-Fellner-Nowcast-Lightning-Detection-128x83.jpg 128w, https:\/\/www.nowcast.de\/wp-content\/uploads\/2020\/10\/Richard-Fellner-Nowcast-Lightning-Detection.jpg 700w\" sizes=\"(max-width: 350px) 100vw, 350px\" \/><div class=\"team-social\"><div class=\"team-social-inner\"><span class='hidden av_member_url_markup linkedin'  itemprop=\"url\" >https:\/\/www.linkedin.com\/in\/richard-fellner-15884520\/<\/span><a href='https:\/\/www.linkedin.com\/in\/richard-fellner-15884520\/' class='avia-team-icon av-18zsrh-d61894a9451074909c903632170f49a4 linkedin' rel=\"v:url noopener\" data-avia-tooltip=\"Richard Fellner on LinkedIn\" target='_blank' aria-hidden='true' data-av_icon='\ue8fc' data-av_iconfont='entypo-fontello'><\/a><\/div><\/div><\/div><h3 class='team-member-name '  itemprop=\"name\" >Richard Fellner<\/h3><div class='team-member-job-title '  itemprop=\"jobTitle\" >CEO<\/div><div class='team-member-description '  itemprop=\"description\" ><p>Richard Fellner es el CEO y responsable de la estrategia de la empresa, as\u00ed como de toda la gesti\u00f3n comercial y operativa. Despu\u00e9s de graduarse en ingenier\u00eda el\u00e9ctrica, ocup\u00f3 varios puestos de liderazgo en la gesti\u00f3n de l\u00edneas de productos, ventas t\u00e9cnicas y marketing en Siemens y, m\u00e1s tarde, en Nokia Siemens Networks. M\u00e1s tarde dirigi\u00f3 el negocio de Coriant, un fabricante de redes de transmisi\u00f3n \u00f3ptica en Europa, Oriente Medio y \u00c1frica.<\/p>\n<\/div><span class='hidden team-member-affiliation'  itemprop=\"affiliation\" >nowcast<\/span><\/section><\/div>\n\n<style type=\"text\/css\" data-created_by=\"avia_inline_auto\" id=\"style-css-av-14vqil-16fe59368ae03af70abff65f7244779d\">\n.flex_column.av-14vqil-16fe59368ae03af70abff65f7244779d{\n-webkit-border-radius:0px 0px 0px 0px;\n-moz-border-radius:0px 0px 0px 0px;\nborder-radius:0px 0px 0px 0px;\npadding:0px 0px 0px 0px;\n}\n<\/style>\n<div class='flex_column av-14vqil-16fe59368ae03af70abff65f7244779d av_one_half  avia-builder-el-4  el_after_av_one_half  el_before_av_one_half  flex_column_div av-zero-column-padding column-top-margin'     ><section  class='avia-team-member av-l7eui9yk-d516f9c71d0f0c6a3fcbbae088144acd  avia-builder-el-5  avia-builder-el-no-sibling '  itemscope=\"itemscope\" itemtype=\"https:\/\/schema.org\/Person\" ><h3 class='team-member-name '  itemprop=\"name\" >Andreas Bl\u00fcmmel<\/h3><div class='team-member-job-title '  itemprop=\"jobTitle\" >CTO<\/div><span class='hidden team-member-affiliation'  itemprop=\"affiliation\" >nowcast<\/span><\/section><\/div>\n<style type=\"text\/css\" data-created_by=\"avia_inline_auto\" id=\"style-css-av-sfr79-460c45506725f4fd3c7dad7d4f6931e1\">\n.flex_column.av-sfr79-460c45506725f4fd3c7dad7d4f6931e1{\n-webkit-border-radius:0px 0px 0px 0px;\n-moz-border-radius:0px 0px 0px 0px;\nborder-radius:0px 0px 0px 0px;\npadding:0px 0px 0px 0px;\n}\n<\/style>\n<div class='flex_column av-sfr79-460c45506725f4fd3c7dad7d4f6931e1 av_one_half  avia-builder-el-6  el_after_av_one_half  avia-builder-el-last  first flex_column_div av-zero-column-padding column-top-margin'     ><section  class='avia-team-member av-kg80j4qg-6436e81ada113f6d0ca5937f7fe8de8d  avia-builder-el-7  avia-builder-el-no-sibling '  itemscope=\"itemscope\" itemtype=\"https:\/\/schema.org\/Person\" ><div class=\"team-img-container\"><img decoding=\"async\" class='wp-image-3814 avia-img-lazy-loading-not-3814 avia_image avia_image_team' src=\"https:\/\/www.nowcast.de\/wp-content\/uploads\/2020\/10\/Dirk-Brandlein-Nowcast-Lightning-Detection-350x227.jpg\" alt='Dr. Dirk Br\u00e4ndlein'  itemprop=\"image\"   height=\"227\" width=\"350\" srcset=\"https:\/\/www.nowcast.de\/wp-content\/uploads\/2020\/10\/Dirk-Brandlein-Nowcast-Lightning-Detection-350x227.jpg 350w, https:\/\/www.nowcast.de\/wp-content\/uploads\/2020\/10\/Dirk-Brandlein-Nowcast-Lightning-Detection-128x83.jpg 128w, https:\/\/www.nowcast.de\/wp-content\/uploads\/2020\/10\/Dirk-Brandlein-Nowcast-Lightning-Detection.jpg 700w\" sizes=\"(max-width: 350px) 100vw, 350px\" \/><div class=\"team-social\"><div class=\"team-social-inner\"><span class='hidden av_member_url_markup linkedin'  itemprop=\"url\" >https:\/\/www.linkedin.com\/in\/dirk-br%C3%A4ndlein\/<\/span><a href='https:\/\/www.linkedin.com\/in\/dirk-br%C3%A4ndlein\/' class='avia-team-icon av-lxam5-5e69f66dbf74eeec6f8f426256740a38 linkedin' rel=\"v:url noopener\" data-avia-tooltip=\"Dirk Br\u00e4ndlein on LinkedIn\" target='_blank' aria-hidden='true' data-av_icon='\ue8fc' data-av_iconfont='entypo-fontello'><\/a><\/div><\/div><\/div><h3 class='team-member-name '  itemprop=\"name\" >Dr. Dirk Br\u00e4ndlein<\/h3><div class='team-member-job-title '  itemprop=\"jobTitle\" >COO<\/div><div class='team-member-description '  itemprop=\"description\" ><p>Dirk tiene un profundo conocimiento de la tecnolog\u00eda de los sensores y de las soluciones basadas en la red. Tiene un doctorado en geof\u00edsica y siempre ha combinado su amplia experiencia te\u00f3rica con trabajos de ejecuci\u00f3n t\u00e9cnica pr\u00e1ctica en el lugar. De esta manera, es capaz de combinar las necesidades tanto t\u00e9cnicas como generales de nuestros clientes para hacer que nuestros proyectos de detecci\u00f3n de rayos sean un gran \u00e9xito, directo al grano. Dirk ha trabajado en muchos proyectos geof\u00edsicos y de f\u00edsica atmosf\u00e9rica\/espacial en todo el mundo y ha aportado sus conocimientos para una ejecuci\u00f3n directa con los m\u00e1s altos est\u00e1ndares de calidad. Tambi\u00e9n participa activamente en el Equipo de Expertos de la World Meteorological Organization (WMO) en mediciones de la atm\u00f3sfera superior, donde se ocupa del cap\u00edtulo de detecci\u00f3n de rayos.<\/p>\n<\/div><span class='hidden team-member-affiliation'  itemprop=\"affiliation\" >nowcast<\/span><\/section><\/div><\/p>\n","protected":false},"excerpt":{"rendered":"","protected":false},"author":12,"featured_media":0,"parent":1615,"menu_order":0,"comment_status":"closed","ping_status":"closed","template":"","meta":{"_relevanssi_hide_post":"","_relevanssi_hide_content":"","_relevanssi_pin_for_all":"","_relevanssi_pin_keywords":"","_relevanssi_unpin_keywords":"","_relevanssi_related_keywords":"","_relevanssi_related_include_ids":"","_relevanssi_related_exclude_ids":"","_relevanssi_related_no_append":"","_relevanssi_related_not_related":"","_relevanssi_related_posts":"4631,4544,4444,4703,3686,4417","_relevanssi_noindex_reason":""},"acf":[],"yoast_head":"<!-- This site is optimized with the Yoast SEO plugin v19.10 - https:\/\/yoast.com\/wordpress\/plugins\/seo\/ -->\n<title>Equipo - nowcast<\/title>\n<meta name=\"robots\" content=\"index, follow, max-snippet:-1, max-image-preview:large, max-video-preview:-1\" \/>\n<link rel=\"canonical\" href=\"https:\/\/www.nowcast.de\/es\/compaa\/equipo\/\" \/>\n<meta property=\"og:locale\" content=\"es_ES\" \/>\n<meta property=\"og:type\" content=\"article\" \/>\n<meta property=\"og:title\" content=\"Equipo - nowcast\" \/>\n<meta property=\"og:url\" content=\"https:\/\/www.nowcast.de\/es\/compaa\/equipo\/\" \/>\n<meta property=\"og:site_name\" content=\"nowcast\" \/>\n<meta property=\"article:modified_time\" content=\"2022-08-29T14:18:31+00:00\" \/>\n<meta name=\"twitter:card\" content=\"summary_large_image\" \/>\n<meta name=\"twitter:label1\" content=\"Tiempo de lectura\" \/>\n\t<meta name=\"twitter:data1\" content=\"3 minutos\" \/>\n<script type=\"application\/ld+json\" class=\"yoast-schema-graph\">{\"@context\":\"https:\/\/schema.org\",\"@graph\":[{\"@type\":\"WebPage\",\"@id\":\"https:\/\/www.nowcast.de\/es\/compaa\/equipo\/\",\"url\":\"https:\/\/www.nowcast.de\/es\/compaa\/equipo\/\",\"name\":\"Equipo - nowcast\",\"isPartOf\":{\"@id\":\"https:\/\/www.nowcast.de\/es\/#website\"},\"datePublished\":\"2020-02-04T14:19:10+00:00\",\"dateModified\":\"2022-08-29T14:18:31+00:00\",\"breadcrumb\":{\"@id\":\"https:\/\/www.nowcast.de\/es\/compaa\/equipo\/#breadcrumb\"},\"inLanguage\":\"es\",\"potentialAction\":[{\"@type\":\"ReadAction\",\"target\":[\"https:\/\/www.nowcast.de\/es\/compaa\/equipo\/\"]}]},{\"@type\":\"BreadcrumbList\",\"@id\":\"https:\/\/www.nowcast.de\/es\/compaa\/equipo\/#breadcrumb\",\"itemListElement\":[{\"@type\":\"ListItem\",\"position\":1,\"name\":\"Startseite\",\"item\":\"https:\/\/www.nowcast.de\/es\/nowcast-deteccion-de-rayos\/\"},{\"@type\":\"ListItem\",\"position\":2,\"name\":\"Compa&ntilde;&iacute;a\",\"item\":\"https:\/\/www.nowcast.de\/es\/compaa\/\"},{\"@type\":\"ListItem\",\"position\":3,\"name\":\"Equipo\"}]},{\"@type\":\"WebSite\",\"@id\":\"https:\/\/www.nowcast.de\/es\/#website\",\"url\":\"https:\/\/www.nowcast.de\/es\/\",\"name\":\"nowcast\",\"description\":\"Lightning Detection\",\"publisher\":{\"@id\":\"https:\/\/www.nowcast.de\/es\/#organization\"},\"potentialAction\":[{\"@type\":\"SearchAction\",\"target\":{\"@type\":\"EntryPoint\",\"urlTemplate\":\"https:\/\/www.nowcast.de\/es\/?s={search_term_string}\"},\"query-input\":\"required name=search_term_string\"}],\"inLanguage\":\"es\"},{\"@type\":\"Organization\",\"@id\":\"https:\/\/www.nowcast.de\/es\/#organization\",\"name\":\"nowcast GmbH\",\"url\":\"https:\/\/www.nowcast.de\/es\/\",\"logo\":{\"@type\":\"ImageObject\",\"inLanguage\":\"es\",\"@id\":\"https:\/\/www.nowcast.de\/es\/#\/schema\/logo\/image\/\",\"url\":\"https:\/\/www.nowcast.de\/wp-content\/uploads\/2020\/07\/logo-nowcast_lightning-detected_rgb.png\",\"contentUrl\":\"https:\/\/www.nowcast.de\/wp-content\/uploads\/2020\/07\/logo-nowcast_lightning-detected_rgb.png\",\"width\":800,\"height\":355,\"caption\":\"nowcast GmbH\"},\"image\":{\"@id\":\"https:\/\/www.nowcast.de\/es\/#\/schema\/logo\/image\/\"}}]}<\/script>\n<!-- \/ Yoast SEO plugin. -->","yoast_head_json":{"title":"Equipo - nowcast","robots":{"index":"index","follow":"follow","max-snippet":"max-snippet:-1","max-image-preview":"max-image-preview:large","max-video-preview":"max-video-preview:-1"},"canonical":"https:\/\/www.nowcast.de\/es\/compaa\/equipo\/","og_locale":"es_ES","og_type":"article","og_title":"Equipo - nowcast","og_url":"https:\/\/www.nowcast.de\/es\/compaa\/equipo\/","og_site_name":"nowcast","article_modified_time":"2022-08-29T14:18:31+00:00","twitter_card":"summary_large_image","twitter_misc":{"Tiempo de lectura":"3 minutos"},"schema":{"@context":"https:\/\/schema.org","@graph":[{"@type":"WebPage","@id":"https:\/\/www.nowcast.de\/es\/compaa\/equipo\/","url":"https:\/\/www.nowcast.de\/es\/compaa\/equipo\/","name":"Equipo - nowcast","isPartOf":{"@id":"https:\/\/www.nowcast.de\/es\/#website"},"datePublished":"2020-02-04T14:19:10+00:00","dateModified":"2022-08-29T14:18:31+00:00","breadcrumb":{"@id":"https:\/\/www.nowcast.de\/es\/compaa\/equipo\/#breadcrumb"},"inLanguage":"es","potentialAction":[{"@type":"ReadAction","target":["https:\/\/www.nowcast.de\/es\/compaa\/equipo\/"]}]},{"@type":"BreadcrumbList","@id":"https:\/\/www.nowcast.de\/es\/compaa\/equipo\/#breadcrumb","itemListElement":[{"@type":"ListItem","position":1,"name":"Startseite","item":"https:\/\/www.nowcast.de\/es\/nowcast-deteccion-de-rayos\/"},{"@type":"ListItem","position":2,"name":"Compa&ntilde;&iacute;a","item":"https:\/\/www.nowcast.de\/es\/compaa\/"},{"@type":"ListItem","position":3,"name":"Equipo"}]},{"@type":"WebSite","@id":"https:\/\/www.nowcast.de\/es\/#website","url":"https:\/\/www.nowcast.de\/es\/","name":"nowcast","description":"Lightning Detection","publisher":{"@id":"https:\/\/www.nowcast.de\/es\/#organization"},"potentialAction":[{"@type":"SearchAction","target":{"@type":"EntryPoint","urlTemplate":"https:\/\/www.nowcast.de\/es\/?s={search_term_string}"},"query-input":"required name=search_term_string"}],"inLanguage":"es"},{"@type":"Organization","@id":"https:\/\/www.nowcast.de\/es\/#organization","name":"nowcast GmbH","url":"https:\/\/www.nowcast.de\/es\/","logo":{"@type":"ImageObject","inLanguage":"es","@id":"https:\/\/www.nowcast.de\/es\/#\/schema\/logo\/image\/","url":"https:\/\/www.nowcast.de\/wp-content\/uploads\/2020\/07\/logo-nowcast_lightning-detected_rgb.png","contentUrl":"https:\/\/www.nowcast.de\/wp-content\/uploads\/2020\/07\/logo-nowcast_lightning-detected_rgb.png","width":800,"height":355,"caption":"nowcast GmbH"},"image":{"@id":"https:\/\/www.nowcast.de\/es\/#\/schema\/logo\/image\/"}}]}},"_links":{"self":[{"href":"https:\/\/www.nowcast.de\/es\/wp-json\/wp\/v2\/pages\/1653"}],"collection":[{"href":"https:\/\/www.nowcast.de\/es\/wp-json\/wp\/v2\/pages"}],"about":[{"href":"https:\/\/www.nowcast.de\/es\/wp-json\/wp\/v2\/types\/page"}],"author":[{"embeddable":true,"href":"https:\/\/www.nowcast.de\/es\/wp-json\/wp\/v2\/users\/12"}],"replies":[{"embeddable":true,"href":"https:\/\/www.nowcast.de\/es\/wp-json\/wp\/v2\/comments?post=1653"}],"version-history":[{"count":37,"href":"https:\/\/www.nowcast.de\/es\/wp-json\/wp\/v2\/pages\/1653\/revisions"}],"predecessor-version":[{"id":6655,"href":"https:\/\/www.nowcast.de\/es\/wp-json\/wp\/v2\/pages\/1653\/revisions\/6655"}],"up":[{"embeddable":true,"href":"https:\/\/www.nowcast.de\/es\/wp-json\/wp\/v2\/pages\/1615"}],"wp:attachment":[{"href":"https:\/\/www.nowcast.de\/es\/wp-json\/wp\/v2\/media?parent=1653"}],"curies":[{"name":"wp","href":"https:\/\/api.w.org\/{rel}","templated":true}]}}