{"id":1640,"date":"2020-02-04T15:18:59","date_gmt":"2020-02-04T14:18:59","guid":{"rendered":"https:\/\/www.nowcast.de\/aviso-legal\/"},"modified":"2022-08-31T08:41:20","modified_gmt":"2022-08-31T06:41:20","slug":"aviso-legal","status":"publish","type":"page","link":"https:\/\/www.nowcast.de\/es\/aviso-legal\/","title":{"rendered":"Aviso legal"},"content":{"rendered":"\n<style type=\"text\/css\" data-created_by=\"avia_inline_auto\" id=\"style-css-av-dr1wq-250ed554e9b7eb50722ffac5b0fe332c\">\n.flex_column.av-dr1wq-250ed554e9b7eb50722ffac5b0fe332c{\n-webkit-border-radius:0px 0px 0px 0px;\n-moz-border-radius:0px 0px 0px 0px;\nborder-radius:0px 0px 0px 0px;\npadding:0px 0px 0px 0px;\n}\n<\/style>\n<div class='flex_column av-dr1wq-250ed554e9b7eb50722ffac5b0fe332c av_one_full  avia-builder-el-0  el_before_av_one_full  avia-builder-el-first  first flex_column_div av-zero-column-padding '     ><style type=\"text\/css\" data-created_by=\"avia_inline_auto\" id=\"style-css-av-jvc85pti-4711875dfb60a36e7f8ea00ae01aa593\">\n#top .av-special-heading.av-jvc85pti-4711875dfb60a36e7f8ea00ae01aa593{\npadding-bottom:10px;\n}\nbody .av-special-heading.av-jvc85pti-4711875dfb60a36e7f8ea00ae01aa593 .av-special-heading-tag .heading-char{\nfont-size:25px;\n}\n.av-special-heading.av-jvc85pti-4711875dfb60a36e7f8ea00ae01aa593 .av-subheading{\nfont-size:15px;\n}\n<\/style>\n<div  class='av-special-heading av-jvc85pti-4711875dfb60a36e7f8ea00ae01aa593 av-special-heading-h3  avia-builder-el-1  avia-builder-el-no-sibling '><h3 class='av-special-heading-tag'  itemprop=\"headline\"  >Aviso legal<\/h3><div class=\"special-heading-border\"><div class=\"special-heading-inner-border\"><\/div><\/div><\/div><\/div>\n\n<style type=\"text\/css\" data-created_by=\"avia_inline_auto\" id=\"style-css-av-8hloy-c455b90165dbd1ff87f7430db443f46f\">\n.flex_column.av-8hloy-c455b90165dbd1ff87f7430db443f46f{\n-webkit-border-radius:0px 0px 0px 0px;\n-moz-border-radius:0px 0px 0px 0px;\nborder-radius:0px 0px 0px 0px;\npadding:0px 0px 0px 0px;\n}\n<\/style>\n<div class='flex_column av-8hloy-c455b90165dbd1ff87f7430db443f46f av_one_full  avia-builder-el-2  el_after_av_one_full  avia-builder-el-last  first flex_column_div av-zero-column-padding column-top-margin'     ><section  class='av_textblock_section av-jvc89bsv-a3672150e34832adc0bdadcd4c250bef'  itemscope=\"itemscope\" itemtype=\"https:\/\/schema.org\/CreativeWork\" ><div class='avia_textblock'  itemprop=\"text\" ><div class=\"t3main\">\n<div id=\"c146\" class=\"csc-default\">\n<div id=\"c146\" class=\"csc-default\">\n<h2 class=\"bodytext\"><b>nowcast GmbH<\/b><\/h2>\n<p class=\"bodytext\">F\u00fcrstenrieder Str. 279a<br \/>\nC. P.:81377, M\u00fanich<br \/>\nGermany<\/p>\n<p class=\"bodytext\">Tel\u00e9fono: +49 (0)89 5529 713 70<br \/>\nFax: +49 (0)89 5529 713 71<\/p>\n<p class=\"bodytext\">Correo electr\u00f3nico:\u00a0<a>info@nowcast.de<br \/>\n<\/a>Sitio web:\u00a0<a href=\"https:\/\/www.nowcast.de\/\" target=\"_blank\" rel=\"noopener noreferrer\">www.nowcast.de<\/a><\/p>\n<p class=\"bodytext\">Junta directiva: Richard Fellner (CEO), Dr. Dirk Br\u00e4ndlein (COO)<br \/>\nPresidente del Consejo: Dr. Michael Fassnauer<\/p>\n<p class=\"bodytext\">Tribunal de registro: Juzgado Local de M\u00fanich N\u00famero de registro: HRB 147454 N\u00famero de identificaci\u00f3n a efectos del IVA seg\u00fan el art.\u00a027\u00a0a, de la Ley del impuesto sobre el volumen de negocios de Alemania: DE 233 256 369<\/p>\n<h2>Aviso de responsabilidad<\/h2>\n<p class=\"bodytext\">A pesar del riguroso control de los contenidos, no asumimos ning\u00fan tipo de responsabilidad por el contenido de los enlaces externos. El contenido de las p\u00e1ginas vinculadas es responsabilidad exclusiva de sus administradores. Asimismo, el proveedor tampoco asume ning\u00fan tipo de responsabilidad por la veracidad, integridad y actualidad de la informaci\u00f3n compartida. Se excluye cualquier tipo de responsabilidad por da\u00f1os debido a la informaci\u00f3n puesta a disposici\u00f3n en este sitio.<\/p>\n<p class=\"bodytext\">Todos los textos y gr\u00e1ficos son propiedad de nowcast GmbH. Se proh\u00edbe cualquier tipo de reproducci\u00f3n, copia o r\u00e9plica, incluso en formato digital. Las infracciones ser\u00e1n perseguidas por la v\u00eda judicial.<\/p>\n<\/div>\n<div id=\"c454\" class=\"csc-default\">\n<div class=\"csc-header csc-header-n2\"><\/div>\n<h2 class=\"bodytext\">Exenci\u00f3n de la responsabilidad<\/h2>\n<\/div>\n<div id=\"c453\" class=\"csc-default\">\n<h3>Contenido compartido en el sitio web<\/h3>\n<p class=\"bodytext\">nowcast GmbH no asume ning\u00fan tipo de responsabilidad por la actualidad, exactitud, integridad o calidad de la informaci\u00f3n compartida. Las reclamaciones de responsabilidad contra nowcast GmbH que se refieran a da\u00f1os de \u00edndole material o inmaterial, causados por la utilizaci\u00f3n o la no utilizaci\u00f3n de la informaci\u00f3n ofrecida, o bien, por la utilizaci\u00f3n de informaci\u00f3n err\u00f3nea o incompleta, quedan fundamentalmente excluidas, siempre y cuando no exista una conducta dolosa o culposa por negligencia grave demostrable por parte de nowcast GmbH.<\/p>\n<p class=\"bodytext\">Todas las ofertas son libres y no vinculantes. nowcast GmbH se reserva expresamente el derecho de modificar, completar o borrar partes de las p\u00e1ginas, o bien, la oferta completa sin previo aviso, as\u00ed como de suspender la publicaci\u00f3n de manera temporal o definitiva.<\/p>\n<h3>Referencias y enlaces<\/h3>\n<p class=\"bodytext\">En el caso de las referencias directas o indirectas a sitios web externos (\u00abhiperenlaces\u00bb) que se encuentran fuera del \u00e1rea de responsabilidad de nowcast GmbH, la obligaci\u00f3n de responsabilidad solo ser\u00e1 v\u00e1lida si nowcast GmbH conociera los contenidos y le fuera t\u00e9cnicamente posible y razonable impedir el uso en caso de que estos fueran ilegales. Por la presente, nowcast GmbH declara expresamente que, al momento de establecer un enlace con un sitio web, no se reconoci\u00f3 ning\u00fan tipo de contenido ilegal en el sitio vinculado. nowcast GmbH no ejerce ning\u00fan tipo de influencia sobre el dise\u00f1o actual y futuro, el contenido o la autor\u00eda de los sitios enlazados\/vinculados. Por este motivo, nowcast GmbH se distancia expresamente de todos los contenidos de todos los sitios web enlazados\/vinculados que se hayan modificado despu\u00e9s de haber establecido el enlace. Esta declaraci\u00f3n rige para todos los enlaces y las referencias establecidos dentro del contenido propio ofrecido en Internet, as\u00ed como para entradas ajenas en libros de visitas, foros de debate, listas de enlaces, listas de correos electr\u00f3nicos y todos los dem\u00e1s tipos de bases de datos a cuyo contenido se pueda acceder externamente por escrito. El \u00fanico responsable por los contenidos ilegales, err\u00f3neos o incompletos y, en particular, por los da\u00f1os causados por la utilizaci\u00f3n o la no utilizaci\u00f3n de la informaci\u00f3n compartida de esta forma, es el proveedor del sitio al que se ha remitido, y no aquel que solo remite a trav\u00e9s de enlaces a la publicaci\u00f3n en cuesti\u00f3n.<\/p>\n<h3>Derechos de autor y de marcas<\/h3>\n<p class=\"bodytext\">nowcast GmbH procura respetar en todas las publicaciones los derechos de autor de las im\u00e1genes, los gr\u00e1ficos, los documentos de audio, las secuencias de v\u00eddeo y los textos utilizados, a utilizar las im\u00e1genes, los gr\u00e1ficos, los documentos de audio, las secuencias de v\u00eddeo y los textos creados por \u00e9l o a recurrir a gr\u00e1ficos, archivos de audio, secuencias de v\u00eddeo o textos que no posean licencias. Todas las marcas y s\u00edmbolos comerciales mencionados dentro del contenido ofrecido en Internet y, eventualmente, protegidos por terceros, est\u00e1n sujetos, de manera ilimitada, a las disposiciones de la respectiva ley de marcas vigente y a los derechos de propiedad de los correspondientes propietarios registrados. \u00a1La simple menci\u00f3n no significa que la marca no est\u00e9 protegida por derechos de terceros! Los derechos de autor de los objetos publicados y elaborados por nowcast GmbH pertenecen exclusivamente a nowcast GmbH. Se proh\u00edbe cualquier tipo de reproducci\u00f3n o uso de estos gr\u00e1ficos, documentos de audio, secuencias de v\u00eddeo y textos en otras publicaciones electr\u00f3nicas o impresas sin la autorizaci\u00f3n expresa de nowcast GmbH.<\/p>\n<h3>Protecci\u00f3n de datos<\/h3>\n<p class=\"bodytext\">Si, dentro del contenido ofrecido en Internet, existe la posibilidad de ingresar datos personales o comerciales (correos electr\u00f3nicos, nombres, direcciones), se entiende que el usuario los proporciona expresamente de forma voluntaria. Siempre que sea t\u00e9cnicamente posible y razonable, est\u00e1n permitidos el uso y el abono de todos los servicios ofrecidos en el sitio sin la previa indicaci\u00f3n de estos datos, o bien, indicando datos an\u00f3nimos o utilizando un seud\u00f3nimo. Se proh\u00edbe la utilizaci\u00f3n de los datos de contacto publicados en el marco del aviso legal o similares, tales como las direcciones postales, los n\u00fameros de tel\u00e9fono y fax, as\u00ed como los correos electr\u00f3nicos, por parte de terceros para el reenv\u00edo de informaci\u00f3n que no haya sido expresamente solicitada. Se reserva expresamente el derecho de iniciar acciones legales contra quien infrinja esta prohibici\u00f3n y env\u00ede correo no deseado.<\/p>\n<h3>Validez jur\u00eddica de esta exenci\u00f3n de la responsabilidad<\/h3>\n<p class=\"bodytext\">Esta exenci\u00f3n de la responsabilidad debe entenderse como parte del contenido del sitio web al que se remite Si determinadas partes o formulaciones del presente texto no se correspondiesen con la situaci\u00f3n legal vigente, dejaran de corresponderse o no lo hicieran de forma completa, no se ver\u00e1n afectados el contenido y la validez de las dem\u00e1s partes del documento.<\/p>\n<p class=\"bodytext\">Pol\u00edtica de protecci\u00f3n de datos respecto al uso de los complementos de Facebook (bot\u00f3n \u00abme gusta\u00bb)<br \/>\nEn nuestro sitio web, se encuentran integrados complementos de la red social Facebook, 1601 South California Avenue, Palo Alto, CA 94304, EE.\u00a0UU. Es posible reconocer los complementos de Facebook en nuestro sitio por el logotipo de Facebook o el bot\u00f3n de \u00abLike\u00bb (\u00abme gusta\u00bb). En el siguiente enlace, se puede ver un resumen de los complementos de Facebook:\u00a0<a href=\"http:\/\/developers.facebook.com\/docs\/plugins\/\" target=\"_blank\" rel=\"noopener noreferrer\">developers.facebook.com\/docs\/plugins\/<\/a>. Cuando usted visita nuestro sitio, se establece una conexi\u00f3n directa entre su navegador y el servidor de Facebook a trav\u00e9s del complemento. De esta forma, Facebook recibe la informaci\u00f3n de que usted con su direcci\u00f3n IP ha visitado nuestro sitio. Si usted presiona el bot\u00f3n \u00abme gusta\u00bb de Facebook mientras est\u00e9 registrado en su cuenta de Facebook, puede vincular el contenido de nuestros sitios con su perfil de Facebook. De esta forma, Facebook puede vincular la visita a nuestros sitios con su cuenta de usuario. Cabe se\u00f1alar que nosotros, como proveedores de los sitios, no conocemos el contenido de los datos transmitidos as\u00ed como tampoco su uso por parte de Facebook. Podr\u00e1 encontrar m\u00e1s informaci\u00f3n al respecto en la Pol\u00edtica de datos de Facebook en el siguiente enlace:\u00a0<a href=\"http:\/\/de-de.facebook.com\/policy.php\" target=\"_blank\" rel=\"noopener noreferrer\">www.facebook.com\/policy.php<\/a>. Si no desea que Facebook vincule la visita a nuestros sitios con su cuenta de usuario, s\u00edrvase cerrar la sesi\u00f3n de su cuenta de Facebook.<\/p>\n<p class=\"bodytext\">Fuentes:\u00a0<a href=\"http:\/\/www.disclaimer.de\/\" target=\"_blank\" rel=\"noopener noreferrer\">http:\/\/www.disclaimer.de<\/a>,\u00a0<a class=\"external-link-new-window\" title=\"Ir a eRecht24\" href=\"http:\/\/www.e-recht24.de\/artikel\/datenschutz\/6590-facebook-like-button-datenschutz-disclaimer.html\" target=\"_blank\" rel=\"noopener noreferrer\">Exenci\u00f3n de responsabilidad de por eRecht24<\/a> (Traducci\u00f3n autom\u00e1tica al espa\u00f1ol)<\/p>\n<\/div>\n<\/div>\n<div id=\"c453\" class=\"csc-default\"><\/div>\n<\/div>\n<\/div><\/section><\/div>\n","protected":false},"excerpt":{"rendered":"","protected":false},"author":1,"featured_media":0,"parent":0,"menu_order":0,"comment_status":"closed","ping_status":"closed","template":"","meta":{"_relevanssi_hide_post":"","_relevanssi_hide_content":"","_relevanssi_pin_for_all":"","_relevanssi_pin_keywords":"","_relevanssi_unpin_keywords":"","_relevanssi_related_keywords":"","_relevanssi_related_include_ids":"","_relevanssi_related_exclude_ids":"","_relevanssi_related_no_append":"","_relevanssi_related_not_related":"","_relevanssi_related_posts":"4703,6248,4444,3541,4452,4631","_relevanssi_noindex_reason":""},"acf":[],"yoast_head":"<!-- This site is optimized with the Yoast SEO plugin v19.10 - https:\/\/yoast.com\/wordpress\/plugins\/seo\/ -->\n<title>Aviso legal - nowcast<\/title>\n<meta name=\"robots\" content=\"index, follow, max-snippet:-1, max-image-preview:large, max-video-preview:-1\" \/>\n<link rel=\"canonical\" href=\"https:\/\/www.nowcast.de\/es\/aviso-legal\/\" \/>\n<meta property=\"og:locale\" content=\"es_ES\" \/>\n<meta property=\"og:type\" content=\"article\" \/>\n<meta property=\"og:title\" content=\"Aviso legal - nowcast\" \/>\n<meta property=\"og:url\" content=\"https:\/\/www.nowcast.de\/es\/aviso-legal\/\" \/>\n<meta property=\"og:site_name\" content=\"nowcast\" \/>\n<meta property=\"article:modified_time\" content=\"2022-08-31T06:41:20+00:00\" \/>\n<meta name=\"twitter:card\" content=\"summary_large_image\" \/>\n<meta name=\"twitter:label1\" content=\"Tiempo de lectura\" \/>\n\t<meta name=\"twitter:data1\" content=\"6 minutos\" \/>\n<script type=\"application\/ld+json\" class=\"yoast-schema-graph\">{\"@context\":\"https:\/\/schema.org\",\"@graph\":[{\"@type\":\"WebPage\",\"@id\":\"https:\/\/www.nowcast.de\/es\/aviso-legal\/\",\"url\":\"https:\/\/www.nowcast.de\/es\/aviso-legal\/\",\"name\":\"Aviso legal - nowcast\",\"isPartOf\":{\"@id\":\"https:\/\/www.nowcast.de\/es\/#website\"},\"datePublished\":\"2020-02-04T14:18:59+00:00\",\"dateModified\":\"2022-08-31T06:41:20+00:00\",\"breadcrumb\":{\"@id\":\"https:\/\/www.nowcast.de\/es\/aviso-legal\/#breadcrumb\"},\"inLanguage\":\"es\",\"potentialAction\":[{\"@type\":\"ReadAction\",\"target\":[\"https:\/\/www.nowcast.de\/es\/aviso-legal\/\"]}]},{\"@type\":\"BreadcrumbList\",\"@id\":\"https:\/\/www.nowcast.de\/es\/aviso-legal\/#breadcrumb\",\"itemListElement\":[{\"@type\":\"ListItem\",\"position\":1,\"name\":\"Startseite\",\"item\":\"https:\/\/www.nowcast.de\/es\/nowcast-deteccion-de-rayos\/\"},{\"@type\":\"ListItem\",\"position\":2,\"name\":\"Aviso legal\"}]},{\"@type\":\"WebSite\",\"@id\":\"https:\/\/www.nowcast.de\/es\/#website\",\"url\":\"https:\/\/www.nowcast.de\/es\/\",\"name\":\"nowcast\",\"description\":\"Lightning Detection\",\"publisher\":{\"@id\":\"https:\/\/www.nowcast.de\/es\/#organization\"},\"potentialAction\":[{\"@type\":\"SearchAction\",\"target\":{\"@type\":\"EntryPoint\",\"urlTemplate\":\"https:\/\/www.nowcast.de\/es\/?s={search_term_string}\"},\"query-input\":\"required name=search_term_string\"}],\"inLanguage\":\"es\"},{\"@type\":\"Organization\",\"@id\":\"https:\/\/www.nowcast.de\/es\/#organization\",\"name\":\"nowcast GmbH\",\"url\":\"https:\/\/www.nowcast.de\/es\/\",\"logo\":{\"@type\":\"ImageObject\",\"inLanguage\":\"es\",\"@id\":\"https:\/\/www.nowcast.de\/es\/#\/schema\/logo\/image\/\",\"url\":\"https:\/\/www.nowcast.de\/wp-content\/uploads\/2020\/07\/logo-nowcast_lightning-detected_rgb.png\",\"contentUrl\":\"https:\/\/www.nowcast.de\/wp-content\/uploads\/2020\/07\/logo-nowcast_lightning-detected_rgb.png\",\"width\":800,\"height\":355,\"caption\":\"nowcast GmbH\"},\"image\":{\"@id\":\"https:\/\/www.nowcast.de\/es\/#\/schema\/logo\/image\/\"}}]}<\/script>\n<!-- \/ Yoast SEO plugin. -->","yoast_head_json":{"title":"Aviso legal - nowcast","robots":{"index":"index","follow":"follow","max-snippet":"max-snippet:-1","max-image-preview":"max-image-preview:large","max-video-preview":"max-video-preview:-1"},"canonical":"https:\/\/www.nowcast.de\/es\/aviso-legal\/","og_locale":"es_ES","og_type":"article","og_title":"Aviso legal - nowcast","og_url":"https:\/\/www.nowcast.de\/es\/aviso-legal\/","og_site_name":"nowcast","article_modified_time":"2022-08-31T06:41:20+00:00","twitter_card":"summary_large_image","twitter_misc":{"Tiempo de lectura":"6 minutos"},"schema":{"@context":"https:\/\/schema.org","@graph":[{"@type":"WebPage","@id":"https:\/\/www.nowcast.de\/es\/aviso-legal\/","url":"https:\/\/www.nowcast.de\/es\/aviso-legal\/","name":"Aviso legal - nowcast","isPartOf":{"@id":"https:\/\/www.nowcast.de\/es\/#website"},"datePublished":"2020-02-04T14:18:59+00:00","dateModified":"2022-08-31T06:41:20+00:00","breadcrumb":{"@id":"https:\/\/www.nowcast.de\/es\/aviso-legal\/#breadcrumb"},"inLanguage":"es","potentialAction":[{"@type":"ReadAction","target":["https:\/\/www.nowcast.de\/es\/aviso-legal\/"]}]},{"@type":"BreadcrumbList","@id":"https:\/\/www.nowcast.de\/es\/aviso-legal\/#breadcrumb","itemListElement":[{"@type":"ListItem","position":1,"name":"Startseite","item":"https:\/\/www.nowcast.de\/es\/nowcast-deteccion-de-rayos\/"},{"@type":"ListItem","position":2,"name":"Aviso legal"}]},{"@type":"WebSite","@id":"https:\/\/www.nowcast.de\/es\/#website","url":"https:\/\/www.nowcast.de\/es\/","name":"nowcast","description":"Lightning Detection","publisher":{"@id":"https:\/\/www.nowcast.de\/es\/#organization"},"potentialAction":[{"@type":"SearchAction","target":{"@type":"EntryPoint","urlTemplate":"https:\/\/www.nowcast.de\/es\/?s={search_term_string}"},"query-input":"required name=search_term_string"}],"inLanguage":"es"},{"@type":"Organization","@id":"https:\/\/www.nowcast.de\/es\/#organization","name":"nowcast GmbH","url":"https:\/\/www.nowcast.de\/es\/","logo":{"@type":"ImageObject","inLanguage":"es","@id":"https:\/\/www.nowcast.de\/es\/#\/schema\/logo\/image\/","url":"https:\/\/www.nowcast.de\/wp-content\/uploads\/2020\/07\/logo-nowcast_lightning-detected_rgb.png","contentUrl":"https:\/\/www.nowcast.de\/wp-content\/uploads\/2020\/07\/logo-nowcast_lightning-detected_rgb.png","width":800,"height":355,"caption":"nowcast GmbH"},"image":{"@id":"https:\/\/www.nowcast.de\/es\/#\/schema\/logo\/image\/"}}]}},"_links":{"self":[{"href":"https:\/\/www.nowcast.de\/es\/wp-json\/wp\/v2\/pages\/1640"}],"collection":[{"href":"https:\/\/www.nowcast.de\/es\/wp-json\/wp\/v2\/pages"}],"about":[{"href":"https:\/\/www.nowcast.de\/es\/wp-json\/wp\/v2\/types\/page"}],"author":[{"embeddable":true,"href":"https:\/\/www.nowcast.de\/es\/wp-json\/wp\/v2\/users\/1"}],"replies":[{"embeddable":true,"href":"https:\/\/www.nowcast.de\/es\/wp-json\/wp\/v2\/comments?post=1640"}],"version-history":[{"count":13,"href":"https:\/\/www.nowcast.de\/es\/wp-json\/wp\/v2\/pages\/1640\/revisions"}],"predecessor-version":[{"id":6668,"href":"https:\/\/www.nowcast.de\/es\/wp-json\/wp\/v2\/pages\/1640\/revisions\/6668"}],"wp:attachment":[{"href":"https:\/\/www.nowcast.de\/es\/wp-json\/wp\/v2\/media?parent=1640"}],"curies":[{"name":"wp","href":"https:\/\/api.w.org\/{rel}","templated":true}]}}