{"id":1628,"date":"2020-02-04T15:18:50","date_gmt":"2020-02-04T14:18:50","guid":{"rendered":"https:\/\/www.nowcast.de\/compaa\/cmo-funciona-linet\/"},"modified":"2021-02-19T14:01:51","modified_gmt":"2021-02-19T13:01:51","slug":"cmo-funciona-linet","status":"publish","type":"page","link":"https:\/\/www.nowcast.de\/es\/compaa\/cmo-funciona-linet\/","title":{"rendered":"C&oacute;mo funciona LINET"},"content":{"rendered":"\n<style type=\"text\/css\" data-created_by=\"avia_inline_auto\" id=\"style-css-av-xexnk-a1dbf7b6d15e630fcd4a21f886a6deb6\">\n.flex_column.av-xexnk-a1dbf7b6d15e630fcd4a21f886a6deb6{\n-webkit-border-radius:0px 0px 0px 0px;\n-moz-border-radius:0px 0px 0px 0px;\nborder-radius:0px 0px 0px 0px;\npadding:0px 0px 0px 0px;\n}\n<\/style>\n<div class='flex_column av-xexnk-a1dbf7b6d15e630fcd4a21f886a6deb6 av_one_full  avia-builder-el-0  el_before_av_one_full  avia-builder-el-first  first flex_column_div av-zero-column-padding '     ><div  class='avia-slideshow av-rftts-26f67924483754d85a08c585f565a891 avia-slideshow-featured av_slideshow avia-slide-slider  avia-builder-el-1  avia-builder-el-no-sibling  av-slideshow-ui av-control-default av-slideshow-manual av-loop-once av-loop-manual-endless av-default-height-applied avia-slideshow-1' data-slideshow-options=\"{&quot;animation&quot;:&quot;slide&quot;,&quot;autoplay&quot;:false,&quot;loop_autoplay&quot;:&quot;once&quot;,&quot;interval&quot;:5,&quot;loop_manual&quot;:&quot;manual-endless&quot;,&quot;autoplay_stopper&quot;:false,&quot;noNavigation&quot;:false,&quot;bg_slider&quot;:false,&quot;keep_padding&quot;:false,&quot;hoverpause&quot;:false,&quot;show_slide_delay&quot;:0}\"  itemprop=\"image\" itemscope=\"itemscope\" itemtype=\"https:\/\/schema.org\/ImageObject\" ><ul class='avia-slideshow-inner ' style='padding-bottom: 28.666666666667%;'><li  class='avia-slideshow-slide av-rftts-26f67924483754d85a08c585f565a891__0  av-single-slide slide-1 slide-odd'><div data-rel='slideshow-1' class='avia-slide-wrap '   ><img decoding=\"async\" class=\"wp-image-3065 avia-img-lazy-loading-not-3065\"  src=\"https:\/\/www.nowcast.de\/wp-content\/uploads\/2020\/07\/header-Kopie-scaled-1500x430.jpg\" width=\"1500\" height=\"430\" title='safari car on offroad ,adventure trail' alt=''  itemprop=\"thumbnailUrl\"   \/><\/div><\/li><\/ul><\/div><\/div>\n\n<style type=\"text\/css\" data-created_by=\"avia_inline_auto\" id=\"style-css-av-anu00-0ee954036fc1810d953da98c439d479d\">\n.flex_column.av-anu00-0ee954036fc1810d953da98c439d479d{\n-webkit-border-radius:0px 0px 0px 0px;\n-moz-border-radius:0px 0px 0px 0px;\nborder-radius:0px 0px 0px 0px;\npadding:0px 0px 0px 0px;\n}\n<\/style>\n<div class='flex_column av-anu00-0ee954036fc1810d953da98c439d479d av_one_full  avia-builder-el-2  el_after_av_one_full  avia-builder-el-last  first flex_column_div av-zero-column-padding column-top-margin'     ><section  class='av_textblock_section av-ju9tm3kr-5d9fc07d97854be0477b55368a48b6de'  itemscope=\"itemscope\" itemtype=\"https:\/\/schema.org\/CreativeWork\" ><div class='avia_textblock'  itemprop=\"text\" ><p class=\"bodytext\"><b>LINET<\/b> mide la radiaci\u00f3n electromagn\u00e9tica emitida por los rayos. Esta medici\u00f3n se realiza mediante sensores de alta sensibilidad, distribuidos a una distancia de entre 150 a 250\u00a0km alrededor del \u00e1rea de medici\u00f3n. Dado que la radiaci\u00f3n electromagn\u00e9tica del rayo se propaga a la velocidad de la luz, llega a los sensores en diferentes momentos. A pesar de que la diferencia son solo microsegundos (\u00b5s), es posible calcular de manera exacta la ubicaci\u00f3n de emisi\u00f3n original del rayo. Para ello, los datos medidos por cada uno de los sensores se transmiten a un servidor central a trav\u00e9s de Internet. A continuaci\u00f3n, el servidor calcula la posici\u00f3n geogr\u00e1fica exacta para todos los rayos medidos (el llamado \u00absondeo\u00bb) y almacena la informaci\u00f3n en una base de datos. Los clientes disponen de los resultados en tiempo real. Este proceso de medici\u00f3n tambi\u00e9n se conoce como el proceso de la hora de llegada (\u00abTime of Arrival\u00bb).<\/p>\n<p>Sin embargo, <strong>LINET<\/strong> no solo mide la posici\u00f3n del rayo. <strong>LINET<\/strong> tambi\u00e9n registra la fuerza y la polaridad de los rayos, as\u00ed como, en especial, la altitud de los rayos intra o internubes, y complementa los datos sobre los rayos con la tercera dimensi\u00f3n. Esta caracter\u00edstica es \u00fanica en todo el mundo para las redes de baja frecuencia (VLF \/ LF) que se utilizan en grandes \u00e1reas. Los rayos detectados se ponen r\u00e1pidamente a disposici\u00f3n de los clientes comerciales en forma de paquetes de datos con informaci\u00f3n num\u00e9rica de los rayos (<a href=\"https:\/\/www.nowcast.de\/blitz-ortung-produkte\/linetdata.html\">LINET data<\/a>) o mediante una visualizaci\u00f3n (<a href=\"https:\/\/www.nowcast.de\/blitz-ortung-produkte\/linet-view.html\">LINET view<\/a>).<\/p>\n<h3>Componentes t\u00e9cnicos<\/h3>\n<p>El hardware de <strong>LINET<\/strong> se compone, esencialmente, de dos m\u00f3dulos: las estaciones de medici\u00f3n y un servidor central. Las estaciones de medici\u00f3n, compuestas por una antena de campo, un receptor GPS y un procesador de campo, se disponen en el \u00e1rea que ser\u00e1 analizada a una distancia de alrededor de 150 a 250\u00a0km entre s\u00ed (recomendado). La posici\u00f3n del servidor resulta irrelevante, en tanto haya una conexi\u00f3n a Internet lo suficientemente r\u00e1pida y estable. Un servidor de respaldo en otra ubicaci\u00f3n garantiza la fiabilidad y disponibilidad del sistema. La cantidad redundante de sensores constituye una gran ventaja. Solo las mejores se\u00f1ales se deber\u00e1n utilizar para el c\u00e1lculo. El mal funcionamiento de un sensor individual resulta insignificante para la calidad general del sistema de localizaci\u00f3n de rayos. Gracias a la f\u00e1cil manipulaci\u00f3n, una estaci\u00f3n de medici\u00f3n de <strong>LINET<\/strong> se puede configurar de manera r\u00e1pida y sencilla, siempre y cuando se disponga de energ\u00eda (al menos 30\u00a0W) y una conexi\u00f3n a Internet estable.<\/p>\n<h3>L\u00edder en calidad<\/h3>\n<p>Dentro de una red de medici\u00f3n <strong>LINET<\/strong> normal, la desviaci\u00f3n media (error medio) en el c\u00e1lculo de la posici\u00f3n de un rayo es de un promedio de 75\u00a0metros. Tambi\u00e9n es importante el hecho de que los mayores errores de sondeo se excluyen casi por completo. La calidad se verifica de manera regular mediante la comparaci\u00f3n de los datos de medici\u00f3n de LINET con los impactos confirmados contra torres, en los cuales se conoce su posici\u00f3n geogr\u00e1fica exacta. La precisi\u00f3n se puede mejorar a\u00fan m\u00e1s si se utilizan niveles de equipamiento m\u00e1s densos. Gracias a esta exactitud de localizaci\u00f3n, <strong>LINET<\/strong> es l\u00edder en calidad entre los sistemas de localizaci\u00f3n de rayos comerciales.<\/p>\n<\/div><\/section><\/div>\n","protected":false},"excerpt":{"rendered":"","protected":false},"author":1,"featured_media":0,"parent":1615,"menu_order":0,"comment_status":"closed","ping_status":"closed","template":"","meta":{"_relevanssi_hide_post":"","_relevanssi_hide_content":"","_relevanssi_pin_for_all":"","_relevanssi_pin_keywords":"","_relevanssi_unpin_keywords":"","_relevanssi_related_keywords":"","_relevanssi_related_include_ids":"","_relevanssi_related_exclude_ids":"","_relevanssi_related_no_append":"","_relevanssi_related_not_related":"","_relevanssi_related_posts":"","_relevanssi_noindex_reason":""},"acf":[],"yoast_head":"<!-- This site is optimized with the Yoast SEO plugin v19.10 - https:\/\/yoast.com\/wordpress\/plugins\/seo\/ -->\n<title>C&oacute;mo funciona LINET - nowcast<\/title>\n<meta name=\"robots\" content=\"index, follow, max-snippet:-1, max-image-preview:large, max-video-preview:-1\" \/>\n<link rel=\"canonical\" href=\"https:\/\/www.nowcast.de\/es\/compaa\/cmo-funciona-linet\/\" \/>\n<meta property=\"og:locale\" content=\"es_ES\" \/>\n<meta property=\"og:type\" content=\"article\" \/>\n<meta property=\"og:title\" content=\"C&oacute;mo funciona LINET - nowcast\" \/>\n<meta property=\"og:url\" content=\"https:\/\/www.nowcast.de\/es\/compaa\/cmo-funciona-linet\/\" \/>\n<meta property=\"og:site_name\" content=\"nowcast\" \/>\n<meta property=\"article:modified_time\" content=\"2021-02-19T13:01:51+00:00\" \/>\n<meta name=\"twitter:card\" content=\"summary_large_image\" \/>\n<meta name=\"twitter:label1\" content=\"Tiempo de lectura\" \/>\n\t<meta name=\"twitter:data1\" content=\"5 minutos\" \/>\n<script type=\"application\/ld+json\" class=\"yoast-schema-graph\">{\"@context\":\"https:\/\/schema.org\",\"@graph\":[{\"@type\":\"WebPage\",\"@id\":\"https:\/\/www.nowcast.de\/es\/compaa\/cmo-funciona-linet\/\",\"url\":\"https:\/\/www.nowcast.de\/es\/compaa\/cmo-funciona-linet\/\",\"name\":\"C&oacute;mo funciona LINET - nowcast\",\"isPartOf\":{\"@id\":\"https:\/\/www.nowcast.de\/es\/#website\"},\"datePublished\":\"2020-02-04T14:18:50+00:00\",\"dateModified\":\"2021-02-19T13:01:51+00:00\",\"breadcrumb\":{\"@id\":\"https:\/\/www.nowcast.de\/es\/compaa\/cmo-funciona-linet\/#breadcrumb\"},\"inLanguage\":\"es\",\"potentialAction\":[{\"@type\":\"ReadAction\",\"target\":[\"https:\/\/www.nowcast.de\/es\/compaa\/cmo-funciona-linet\/\"]}]},{\"@type\":\"BreadcrumbList\",\"@id\":\"https:\/\/www.nowcast.de\/es\/compaa\/cmo-funciona-linet\/#breadcrumb\",\"itemListElement\":[{\"@type\":\"ListItem\",\"position\":1,\"name\":\"Startseite\",\"item\":\"https:\/\/www.nowcast.de\/es\/nowcast-deteccion-de-rayos\/\"},{\"@type\":\"ListItem\",\"position\":2,\"name\":\"Compa&ntilde;&iacute;a\",\"item\":\"https:\/\/www.nowcast.de\/es\/compaa\/\"},{\"@type\":\"ListItem\",\"position\":3,\"name\":\"C&oacute;mo funciona LINET\"}]},{\"@type\":\"WebSite\",\"@id\":\"https:\/\/www.nowcast.de\/es\/#website\",\"url\":\"https:\/\/www.nowcast.de\/es\/\",\"name\":\"nowcast\",\"description\":\"Lightning Detection\",\"publisher\":{\"@id\":\"https:\/\/www.nowcast.de\/es\/#organization\"},\"potentialAction\":[{\"@type\":\"SearchAction\",\"target\":{\"@type\":\"EntryPoint\",\"urlTemplate\":\"https:\/\/www.nowcast.de\/es\/?s={search_term_string}\"},\"query-input\":\"required name=search_term_string\"}],\"inLanguage\":\"es\"},{\"@type\":\"Organization\",\"@id\":\"https:\/\/www.nowcast.de\/es\/#organization\",\"name\":\"nowcast GmbH\",\"url\":\"https:\/\/www.nowcast.de\/es\/\",\"logo\":{\"@type\":\"ImageObject\",\"inLanguage\":\"es\",\"@id\":\"https:\/\/www.nowcast.de\/es\/#\/schema\/logo\/image\/\",\"url\":\"https:\/\/www.nowcast.de\/wp-content\/uploads\/2020\/07\/logo-nowcast_lightning-detected_rgb.png\",\"contentUrl\":\"https:\/\/www.nowcast.de\/wp-content\/uploads\/2020\/07\/logo-nowcast_lightning-detected_rgb.png\",\"width\":800,\"height\":355,\"caption\":\"nowcast GmbH\"},\"image\":{\"@id\":\"https:\/\/www.nowcast.de\/es\/#\/schema\/logo\/image\/\"}}]}<\/script>\n<!-- \/ Yoast SEO plugin. -->","yoast_head_json":{"title":"C&oacute;mo funciona LINET - nowcast","robots":{"index":"index","follow":"follow","max-snippet":"max-snippet:-1","max-image-preview":"max-image-preview:large","max-video-preview":"max-video-preview:-1"},"canonical":"https:\/\/www.nowcast.de\/es\/compaa\/cmo-funciona-linet\/","og_locale":"es_ES","og_type":"article","og_title":"C&oacute;mo funciona LINET - nowcast","og_url":"https:\/\/www.nowcast.de\/es\/compaa\/cmo-funciona-linet\/","og_site_name":"nowcast","article_modified_time":"2021-02-19T13:01:51+00:00","twitter_card":"summary_large_image","twitter_misc":{"Tiempo de lectura":"5 minutos"},"schema":{"@context":"https:\/\/schema.org","@graph":[{"@type":"WebPage","@id":"https:\/\/www.nowcast.de\/es\/compaa\/cmo-funciona-linet\/","url":"https:\/\/www.nowcast.de\/es\/compaa\/cmo-funciona-linet\/","name":"C&oacute;mo funciona LINET - nowcast","isPartOf":{"@id":"https:\/\/www.nowcast.de\/es\/#website"},"datePublished":"2020-02-04T14:18:50+00:00","dateModified":"2021-02-19T13:01:51+00:00","breadcrumb":{"@id":"https:\/\/www.nowcast.de\/es\/compaa\/cmo-funciona-linet\/#breadcrumb"},"inLanguage":"es","potentialAction":[{"@type":"ReadAction","target":["https:\/\/www.nowcast.de\/es\/compaa\/cmo-funciona-linet\/"]}]},{"@type":"BreadcrumbList","@id":"https:\/\/www.nowcast.de\/es\/compaa\/cmo-funciona-linet\/#breadcrumb","itemListElement":[{"@type":"ListItem","position":1,"name":"Startseite","item":"https:\/\/www.nowcast.de\/es\/nowcast-deteccion-de-rayos\/"},{"@type":"ListItem","position":2,"name":"Compa&ntilde;&iacute;a","item":"https:\/\/www.nowcast.de\/es\/compaa\/"},{"@type":"ListItem","position":3,"name":"C&oacute;mo funciona LINET"}]},{"@type":"WebSite","@id":"https:\/\/www.nowcast.de\/es\/#website","url":"https:\/\/www.nowcast.de\/es\/","name":"nowcast","description":"Lightning Detection","publisher":{"@id":"https:\/\/www.nowcast.de\/es\/#organization"},"potentialAction":[{"@type":"SearchAction","target":{"@type":"EntryPoint","urlTemplate":"https:\/\/www.nowcast.de\/es\/?s={search_term_string}"},"query-input":"required name=search_term_string"}],"inLanguage":"es"},{"@type":"Organization","@id":"https:\/\/www.nowcast.de\/es\/#organization","name":"nowcast GmbH","url":"https:\/\/www.nowcast.de\/es\/","logo":{"@type":"ImageObject","inLanguage":"es","@id":"https:\/\/www.nowcast.de\/es\/#\/schema\/logo\/image\/","url":"https:\/\/www.nowcast.de\/wp-content\/uploads\/2020\/07\/logo-nowcast_lightning-detected_rgb.png","contentUrl":"https:\/\/www.nowcast.de\/wp-content\/uploads\/2020\/07\/logo-nowcast_lightning-detected_rgb.png","width":800,"height":355,"caption":"nowcast GmbH"},"image":{"@id":"https:\/\/www.nowcast.de\/es\/#\/schema\/logo\/image\/"}}]}},"_links":{"self":[{"href":"https:\/\/www.nowcast.de\/es\/wp-json\/wp\/v2\/pages\/1628"}],"collection":[{"href":"https:\/\/www.nowcast.de\/es\/wp-json\/wp\/v2\/pages"}],"about":[{"href":"https:\/\/www.nowcast.de\/es\/wp-json\/wp\/v2\/types\/page"}],"author":[{"embeddable":true,"href":"https:\/\/www.nowcast.de\/es\/wp-json\/wp\/v2\/users\/1"}],"replies":[{"embeddable":true,"href":"https:\/\/www.nowcast.de\/es\/wp-json\/wp\/v2\/comments?post=1628"}],"version-history":[{"count":5,"href":"https:\/\/www.nowcast.de\/es\/wp-json\/wp\/v2\/pages\/1628\/revisions"}],"predecessor-version":[{"id":5455,"href":"https:\/\/www.nowcast.de\/es\/wp-json\/wp\/v2\/pages\/1628\/revisions\/5455"}],"up":[{"embeddable":true,"href":"https:\/\/www.nowcast.de\/es\/wp-json\/wp\/v2\/pages\/1615"}],"wp:attachment":[{"href":"https:\/\/www.nowcast.de\/es\/wp-json\/wp\/v2\/media?parent=1628"}],"curies":[{"name":"wp","href":"https:\/\/api.w.org\/{rel}","templated":true}]}}