{"id":5976,"date":"2021-04-16T15:10:21","date_gmt":"2021-04-16T13:10:21","guid":{"rendered":"https:\/\/www.nowcast.de\/?page_id=5976"},"modified":"2021-05-12T14:42:18","modified_gmt":"2021-05-12T12:42:18","slug":"webinar","status":"publish","type":"page","link":"https:\/\/www.nowcast.de\/en\/webinar\/","title":{"rendered":"Webinar"},"content":{"rendered":"\n<style type=\"text\/css\" data-created_by=\"avia_inline_auto\" id=\"style-css-av-6dgsvc-7156cdf9edf351721bcb0f4ff67156a5\">\n.flex_column.av-6dgsvc-7156cdf9edf351721bcb0f4ff67156a5{\n-webkit-border-radius:0px 0px 0px 0px;\n-moz-border-radius:0px 0px 0px 0px;\nborder-radius:0px 0px 0px 0px;\npadding:0px 0px 0px 0px;\n}\n<\/style>\n<div class='flex_column av-6dgsvc-7156cdf9edf351721bcb0f4ff67156a5 av_one_full  avia-builder-el-0  el_before_av_one_half  avia-builder-el-first  first flex_column_div av-zero-column-padding '     ><p>\n<style type=\"text\/css\" data-created_by=\"avia_inline_auto\" id=\"style-css-av-knkbvsy9-b94001657d42af0051f3512dfe55f56e\">\n.avia-image-container.av-knkbvsy9-b94001657d42af0051f3512dfe55f56e img.avia_image{\nbox-shadow:none;\n}\n.avia-image-container.av-knkbvsy9-b94001657d42af0051f3512dfe55f56e .av-image-caption-overlay-center{\ncolor:#ffffff;\n}\n<\/style>\n<div  class='avia-image-container av-knkbvsy9-b94001657d42af0051f3512dfe55f56e av-styling- avia-align-center  avia-builder-el-1  el_before_av_image  avia-builder-el-first  av-small-hide av-mini-hide'   itemprop=\"image\" itemscope=\"itemscope\" itemtype=\"https:\/\/schema.org\/ImageObject\" ><div class=\"avia-image-container-inner\"><div class=\"avia-image-overlay-wrap\"><img decoding=\"async\" class='wp-image-6029 avia-img-lazy-loading-not-6029 avia_image ' src=\"https:\/\/www.nowcast.de\/wp-content\/uploads\/2021\/04\/Website-Banner_LP_v1-1.jpg\" alt='' title='Website-Banner_LP_v1'  height=\"526\" width=\"2015\"  itemprop=\"thumbnailUrl\" srcset=\"https:\/\/www.nowcast.de\/wp-content\/uploads\/2021\/04\/Website-Banner_LP_v1-1.jpg 2015w, https:\/\/www.nowcast.de\/wp-content\/uploads\/2021\/04\/Website-Banner_LP_v1-1-350x91.jpg 350w, https:\/\/www.nowcast.de\/wp-content\/uploads\/2021\/04\/Website-Banner_LP_v1-1-1030x269.jpg 1030w, https:\/\/www.nowcast.de\/wp-content\/uploads\/2021\/04\/Website-Banner_LP_v1-1-768x200.jpg 768w, https:\/\/www.nowcast.de\/wp-content\/uploads\/2021\/04\/Website-Banner_LP_v1-1-1536x401.jpg 1536w, https:\/\/www.nowcast.de\/wp-content\/uploads\/2021\/04\/Website-Banner_LP_v1-1-1500x392.jpg 1500w, https:\/\/www.nowcast.de\/wp-content\/uploads\/2021\/04\/Website-Banner_LP_v1-1-705x184.jpg 705w\" sizes=\"(max-width: 2015px) 100vw, 2015px\" \/><\/div><\/div><\/div><br \/>\n\n<style type=\"text\/css\" data-created_by=\"avia_inline_auto\" id=\"style-css-av-knq1v8a5-799a62100fca406bb34d0f805a2b579d\">\n.avia-image-container.av-knq1v8a5-799a62100fca406bb34d0f805a2b579d img.avia_image{\nbox-shadow:none;\n}\n.avia-image-container.av-knq1v8a5-799a62100fca406bb34d0f805a2b579d .av-image-caption-overlay-center{\ncolor:#ffffff;\n}\n<\/style>\n<div  class='avia-image-container av-knq1v8a5-799a62100fca406bb34d0f805a2b579d av-styling- avia-align-center  avia-builder-el-2  el_after_av_image  avia-builder-el-last  av-desktop-hide av-medium-hide'   itemprop=\"image\" itemscope=\"itemscope\" itemtype=\"https:\/\/schema.org\/ImageObject\" ><div class=\"avia-image-container-inner\"><div class=\"avia-image-overlay-wrap\"><img decoding=\"async\" class='wp-image-6033 avia-img-lazy-loading-not-6033 avia_image ' src=\"https:\/\/www.nowcast.de\/wp-content\/uploads\/2021\/04\/Website-Banner_mobile_v1-1.jpg\" alt='' title='Website-Banner_mobile_v1'  height=\"873\" width=\"713\"  itemprop=\"thumbnailUrl\" srcset=\"https:\/\/www.nowcast.de\/wp-content\/uploads\/2021\/04\/Website-Banner_mobile_v1-1.jpg 713w, https:\/\/www.nowcast.de\/wp-content\/uploads\/2021\/04\/Website-Banner_mobile_v1-1-286x350.jpg 286w, https:\/\/www.nowcast.de\/wp-content\/uploads\/2021\/04\/Website-Banner_mobile_v1-1-576x705.jpg 576w\" sizes=\"(max-width: 713px) 100vw, 713px\" \/><\/div><\/div><\/div><\/p><\/div>\n\n<style type=\"text\/css\" data-created_by=\"avia_inline_auto\" id=\"style-css-av-3rhbbc-c530f90e9c6060452d68fe8a2621ae31\">\n.flex_column.av-3rhbbc-c530f90e9c6060452d68fe8a2621ae31{\n-webkit-border-radius:0px 0px 0px 0px;\n-moz-border-radius:0px 0px 0px 0px;\nborder-radius:0px 0px 0px 0px;\npadding:0px 0px 0px 0px;\n}\n<\/style>\n<div class='flex_column av-3rhbbc-c530f90e9c6060452d68fe8a2621ae31 av_one_half  avia-builder-el-3  el_after_av_one_full  el_before_av_one_half  first flex_column_div av-zero-column-padding column-top-margin'     ><section  class='av_textblock_section av-knkbw3mw-cde4285b6921f43900606a9ff49c0783'  itemscope=\"itemscope\" itemtype=\"https:\/\/schema.org\/CreativeWork\" ><div class='avia_textblock'  itemprop=\"text\" ><h3>12 de mayo de 2021 a las 10:00 am (hora de Per\u00fa)<\/h3>\n<h1 class=\"registration-block-title\"><strong><em>&#8220;<b>Prevencion, Peligros\u00a0 y Costos<\/b><b>\u00a0 de las Tormentas El\u00e9ctricas<\/b>&#8220;<\/em><\/strong><\/h1>\n<h3 class=\"registration-block-title\"><b>Gestion moderna de Alerta temprana de Tormentas El\u00e9ctricas \/Monitoreo en tiempo real \/Alertas que salvan vidas y protegen tu inversion<\/b><\/h3>\n<p><strong>Descripci\u00f3n del seminario web:<\/strong><\/p>\n<p>Los rayos, especialmente en las zonas tropicales y subtropicales, son una amenaza grave y continua para las personas, las inversiones y los procesos.<\/p>\n<p>Aunque los rayos siguen siendo un fen\u00f3meno meteorol\u00f3gico salvaje, imprevisible y poderoso, la tecnolog\u00eda moderna puede ser un salvavidas.<\/p>\n<p>Estamos deseando reunirnos con usted y hablar sobre el fascinante pero peligroso fen\u00f3meno de las tormentas el\u00e9ctricas en Per\u00fa, as\u00ed como sobre los enfoques tecnol\u00f3gicos para utilizar la mejor detecci\u00f3n de rayos, que da lugar a excelentes datos hist\u00f3ricos y en tiempo real, as\u00ed como a alertas oportunas y fiables.<\/p>\n<p><strong>Agenda:<\/strong><\/p>\n<ol>\n<li>Conocimiento general de las tormentas el\u00e9ctricas<\/li>\n<li>Principios de detecci\u00f3n de rayos &#8211; una visi\u00f3n general<\/li>\n<li>La soluci\u00f3n LINET de nowcast<\/li>\n<li>Casos reales de uso en todo el mundo<\/li>\n<li>Sesi\u00f3n de preguntas y respuestas<\/li>\n<\/ol>\n<p><strong>\u00a1Te esperamos el 12 de mayo de 2020 a las 10:00 am (hora de Per\u00fa)!\u00a0<\/strong><\/p>\n<\/div><\/section><\/div>\n\n<style type=\"text\/css\" data-created_by=\"avia_inline_auto\" id=\"style-css-av-2czr7s-ff057f73b877645b9c5f52919f0126cb\">\n.flex_column.av-2czr7s-ff057f73b877645b9c5f52919f0126cb{\n-webkit-border-radius:0px 0px 0px 0px;\n-moz-border-radius:0px 0px 0px 0px;\nborder-radius:0px 0px 0px 0px;\npadding:0px 0px 0px 0px;\n}\n<\/style>\n<div class='flex_column av-2czr7s-ff057f73b877645b9c5f52919f0126cb av_one_half  avia-builder-el-5  el_after_av_one_half  el_before_av_hr  flex_column_div av-zero-column-padding column-top-margin'     ><\/div>\n<div  class='hr av-acn3s-0647f0abe3e73dcd3a3d439c7075ab40 hr-default  avia-builder-el-7  el_after_av_one_half  el_before_av_image '><span class='hr-inner '><span class=\"hr-inner-style\"><\/span><\/span><\/div>\n\n<style type=\"text\/css\" data-created_by=\"avia_inline_auto\" id=\"style-css-av-knzmuhcy-661f13a374b0fe0ea3614da6588e79ea\">\n.avia-image-container.av-knzmuhcy-661f13a374b0fe0ea3614da6588e79ea img.avia_image{\nbox-shadow:none;\n}\n.avia-image-container.av-knzmuhcy-661f13a374b0fe0ea3614da6588e79ea .av-image-caption-overlay-center{\ncolor:#ffffff;\n}\n<\/style>\n<div  class='avia-image-container av-knzmuhcy-661f13a374b0fe0ea3614da6588e79ea av-styling- avia-align-left  avia-builder-el-8  el_after_av_hr  el_before_av_hr  av-has-copyright av-copyright-always'   itemprop=\"image\" itemscope=\"itemscope\" itemtype=\"https:\/\/schema.org\/ImageObject\" ><div class=\"avia-image-container-inner\"><div class=\"avia-image-overlay-wrap\"><img decoding=\"async\" class='wp-image-6011 avia-img-lazy-loading-not-6011 avia_image ' src=\"https:\/\/www.nowcast.de\/wp-content\/uploads\/2021\/04\/logo-adr-peru-350x86.jpeg\" alt='' title='logo-adr-peru'  height=\"86\" width=\"350\"  itemprop=\"thumbnailUrl\" srcset=\"https:\/\/www.nowcast.de\/wp-content\/uploads\/2021\/04\/logo-adr-peru-350x86.jpeg 350w, https:\/\/www.nowcast.de\/wp-content\/uploads\/2021\/04\/logo-adr-peru-1030x254.jpeg 1030w, https:\/\/www.nowcast.de\/wp-content\/uploads\/2021\/04\/logo-adr-peru-768x190.jpeg 768w, https:\/\/www.nowcast.de\/wp-content\/uploads\/2021\/04\/logo-adr-peru-705x174.jpeg 705w, https:\/\/www.nowcast.de\/wp-content\/uploads\/2021\/04\/logo-adr-peru.jpeg 1280w\" sizes=\"(max-width: 350px) 100vw, 350px\" \/><\/div><small class=\"avia-copyright\">En cooperaci\u00f3n con nuestro socio peruano ADR<\/small><\/div><\/div>\n<div  class='hr av-av_hr-f04ef840c2b66cff6c43fead44ee8d66 hr-default  avia-builder-el-9  el_after_av_image  el_before_av_image '><span class='hr-inner '><span class=\"hr-inner-style\"><\/span><\/span><\/div>\n\n<style type=\"text\/css\" data-created_by=\"avia_inline_auto\" id=\"style-css-av-kolg6oay-8525a11753c250e530865131cf239732\">\n.avia-image-container.av-kolg6oay-8525a11753c250e530865131cf239732 img.avia_image{\nbox-shadow:none;\n}\n.avia-image-container.av-kolg6oay-8525a11753c250e530865131cf239732 .av-image-caption-overlay-center{\ncolor:#ffffff;\n}\n<\/style>\n<div  class='avia-image-container av-kolg6oay-8525a11753c250e530865131cf239732 av-styling- avia-align-left  avia-builder-el-10  el_after_av_hr  avia-builder-el-last  av-has-copyright av-copyright-always'   itemprop=\"image\" itemscope=\"itemscope\" itemtype=\"https:\/\/schema.org\/ImageObject\" ><div class=\"avia-image-container-inner\"><div class=\"avia-image-overlay-wrap\"><img decoding=\"async\" class='wp-image-6064 avia-img-lazy-loading-not-6064 avia_image ' src=\"https:\/\/www.nowcast.de\/wp-content\/uploads\/2021\/05\/Logo-Keraunos-HD-350x154.png\" alt='' title='Logo Keraunos-HD'  height=\"154\" width=\"350\"  itemprop=\"thumbnailUrl\" srcset=\"https:\/\/www.nowcast.de\/wp-content\/uploads\/2021\/05\/Logo-Keraunos-HD-350x154.png 350w, https:\/\/www.nowcast.de\/wp-content\/uploads\/2021\/05\/Logo-Keraunos-HD-1030x453.png 1030w, https:\/\/www.nowcast.de\/wp-content\/uploads\/2021\/05\/Logo-Keraunos-HD-768x338.png 768w, https:\/\/www.nowcast.de\/wp-content\/uploads\/2021\/05\/Logo-Keraunos-HD-1536x675.png 1536w, https:\/\/www.nowcast.de\/wp-content\/uploads\/2021\/05\/Logo-Keraunos-HD-1500x660.png 1500w, https:\/\/www.nowcast.de\/wp-content\/uploads\/2021\/05\/Logo-Keraunos-HD-705x310.png 705w, https:\/\/www.nowcast.de\/wp-content\/uploads\/2021\/05\/Logo-Keraunos-HD.png 1701w\" sizes=\"(max-width: 350px) 100vw, 350px\" \/><\/div><small class=\"avia-copyright\"> En cooperaci\u00f3n con nuestro socio colombiano KERAUNOS<\/small><\/div><\/div>\n","protected":false},"excerpt":{"rendered":"","protected":false},"author":12,"featured_media":0,"parent":0,"menu_order":0,"comment_status":"closed","ping_status":"closed","template":"template-frontpage.php","meta":{"_relevanssi_hide_post":"","_relevanssi_hide_content":"","_relevanssi_pin_for_all":"","_relevanssi_pin_keywords":"","_relevanssi_unpin_keywords":"","_relevanssi_related_keywords":"","_relevanssi_related_include_ids":"","_relevanssi_related_exclude_ids":"","_relevanssi_related_no_append":"","_relevanssi_related_not_related":"","_relevanssi_related_posts":"3541,4452,4584,3686,3672,4444","_relevanssi_noindex_reason":""},"acf":[],"yoast_head":"<!-- This site is optimized with the Yoast SEO plugin v19.10 - https:\/\/yoast.com\/wordpress\/plugins\/seo\/ -->\n<title>Webinar - nowcast<\/title>\n<meta name=\"robots\" content=\"noindex, nofollow\" \/>\n<meta property=\"og:locale\" content=\"en_US\" \/>\n<meta property=\"og:type\" content=\"article\" \/>\n<meta property=\"og:title\" content=\"Webinar - nowcast\" \/>\n<meta property=\"og:url\" content=\"https:\/\/www.nowcast.de\/en\/webinar\/\" \/>\n<meta property=\"og:site_name\" content=\"nowcast\" \/>\n<meta property=\"article:modified_time\" content=\"2021-05-12T12:42:18+00:00\" \/>\n<meta name=\"twitter:card\" content=\"summary_large_image\" \/>\n<meta name=\"twitter:label1\" content=\"Est. reading time\" \/>\n\t<meta name=\"twitter:data1\" content=\"3 minutes\" \/>\n<script type=\"application\/ld+json\" class=\"yoast-schema-graph\">{\"@context\":\"https:\/\/schema.org\",\"@graph\":[{\"@type\":\"WebPage\",\"@id\":\"https:\/\/www.nowcast.de\/en\/webinar\/\",\"url\":\"https:\/\/www.nowcast.de\/en\/webinar\/\",\"name\":\"Webinar - nowcast\",\"isPartOf\":{\"@id\":\"https:\/\/www.nowcast.de\/en\/#website\"},\"datePublished\":\"2021-04-16T13:10:21+00:00\",\"dateModified\":\"2021-05-12T12:42:18+00:00\",\"breadcrumb\":{\"@id\":\"https:\/\/www.nowcast.de\/en\/webinar\/#breadcrumb\"},\"inLanguage\":\"en-US\",\"potentialAction\":[{\"@type\":\"ReadAction\",\"target\":[\"https:\/\/www.nowcast.de\/en\/webinar\/\"]}]},{\"@type\":\"BreadcrumbList\",\"@id\":\"https:\/\/www.nowcast.de\/en\/webinar\/#breadcrumb\",\"itemListElement\":[{\"@type\":\"ListItem\",\"position\":1,\"name\":\"Startseite\",\"item\":\"https:\/\/www.nowcast.de\/en\/\"},{\"@type\":\"ListItem\",\"position\":2,\"name\":\"Webinar\"}]},{\"@type\":\"WebSite\",\"@id\":\"https:\/\/www.nowcast.de\/en\/#website\",\"url\":\"https:\/\/www.nowcast.de\/en\/\",\"name\":\"nowcast\",\"description\":\"Lightning.Detected.\",\"publisher\":{\"@id\":\"https:\/\/www.nowcast.de\/en\/#organization\"},\"potentialAction\":[{\"@type\":\"SearchAction\",\"target\":{\"@type\":\"EntryPoint\",\"urlTemplate\":\"https:\/\/www.nowcast.de\/en\/?s={search_term_string}\"},\"query-input\":\"required name=search_term_string\"}],\"inLanguage\":\"en-US\"},{\"@type\":\"Organization\",\"@id\":\"https:\/\/www.nowcast.de\/en\/#organization\",\"name\":\"nowcast GmbH\",\"url\":\"https:\/\/www.nowcast.de\/en\/\",\"logo\":{\"@type\":\"ImageObject\",\"inLanguage\":\"en-US\",\"@id\":\"https:\/\/www.nowcast.de\/en\/#\/schema\/logo\/image\/\",\"url\":\"https:\/\/www.nowcast.de\/wp-content\/uploads\/2020\/07\/logo-nowcast_lightning-detected_rgb.png\",\"contentUrl\":\"https:\/\/www.nowcast.de\/wp-content\/uploads\/2020\/07\/logo-nowcast_lightning-detected_rgb.png\",\"width\":800,\"height\":355,\"caption\":\"nowcast GmbH\"},\"image\":{\"@id\":\"https:\/\/www.nowcast.de\/en\/#\/schema\/logo\/image\/\"}}]}<\/script>\n<!-- \/ Yoast SEO plugin. -->","yoast_head_json":{"title":"Webinar - nowcast","robots":{"index":"noindex","follow":"nofollow"},"og_locale":"en_US","og_type":"article","og_title":"Webinar - nowcast","og_url":"https:\/\/www.nowcast.de\/en\/webinar\/","og_site_name":"nowcast","article_modified_time":"2021-05-12T12:42:18+00:00","twitter_card":"summary_large_image","twitter_misc":{"Est. reading time":"3 minutes"},"schema":{"@context":"https:\/\/schema.org","@graph":[{"@type":"WebPage","@id":"https:\/\/www.nowcast.de\/en\/webinar\/","url":"https:\/\/www.nowcast.de\/en\/webinar\/","name":"Webinar - nowcast","isPartOf":{"@id":"https:\/\/www.nowcast.de\/en\/#website"},"datePublished":"2021-04-16T13:10:21+00:00","dateModified":"2021-05-12T12:42:18+00:00","breadcrumb":{"@id":"https:\/\/www.nowcast.de\/en\/webinar\/#breadcrumb"},"inLanguage":"en-US","potentialAction":[{"@type":"ReadAction","target":["https:\/\/www.nowcast.de\/en\/webinar\/"]}]},{"@type":"BreadcrumbList","@id":"https:\/\/www.nowcast.de\/en\/webinar\/#breadcrumb","itemListElement":[{"@type":"ListItem","position":1,"name":"Startseite","item":"https:\/\/www.nowcast.de\/en\/"},{"@type":"ListItem","position":2,"name":"Webinar"}]},{"@type":"WebSite","@id":"https:\/\/www.nowcast.de\/en\/#website","url":"https:\/\/www.nowcast.de\/en\/","name":"nowcast","description":"Lightning.Detected.","publisher":{"@id":"https:\/\/www.nowcast.de\/en\/#organization"},"potentialAction":[{"@type":"SearchAction","target":{"@type":"EntryPoint","urlTemplate":"https:\/\/www.nowcast.de\/en\/?s={search_term_string}"},"query-input":"required name=search_term_string"}],"inLanguage":"en-US"},{"@type":"Organization","@id":"https:\/\/www.nowcast.de\/en\/#organization","name":"nowcast GmbH","url":"https:\/\/www.nowcast.de\/en\/","logo":{"@type":"ImageObject","inLanguage":"en-US","@id":"https:\/\/www.nowcast.de\/en\/#\/schema\/logo\/image\/","url":"https:\/\/www.nowcast.de\/wp-content\/uploads\/2020\/07\/logo-nowcast_lightning-detected_rgb.png","contentUrl":"https:\/\/www.nowcast.de\/wp-content\/uploads\/2020\/07\/logo-nowcast_lightning-detected_rgb.png","width":800,"height":355,"caption":"nowcast GmbH"},"image":{"@id":"https:\/\/www.nowcast.de\/en\/#\/schema\/logo\/image\/"}}]}},"_links":{"self":[{"href":"https:\/\/www.nowcast.de\/en\/wp-json\/wp\/v2\/pages\/5976"}],"collection":[{"href":"https:\/\/www.nowcast.de\/en\/wp-json\/wp\/v2\/pages"}],"about":[{"href":"https:\/\/www.nowcast.de\/en\/wp-json\/wp\/v2\/types\/page"}],"author":[{"embeddable":true,"href":"https:\/\/www.nowcast.de\/en\/wp-json\/wp\/v2\/users\/12"}],"replies":[{"embeddable":true,"href":"https:\/\/www.nowcast.de\/en\/wp-json\/wp\/v2\/comments?post=5976"}],"version-history":[{"count":42,"href":"https:\/\/www.nowcast.de\/en\/wp-json\/wp\/v2\/pages\/5976\/revisions"}],"predecessor-version":[{"id":6070,"href":"https:\/\/www.nowcast.de\/en\/wp-json\/wp\/v2\/pages\/5976\/revisions\/6070"}],"wp:attachment":[{"href":"https:\/\/www.nowcast.de\/en\/wp-json\/wp\/v2\/media?parent=5976"}],"curies":[{"name":"wp","href":"https:\/\/api.w.org\/{rel}","templated":true}]}}