{"id":727,"date":"2019-04-12T13:53:59","date_gmt":"2019-04-12T11:53:59","guid":{"rendered":"https:\/\/www.nowcast.de\/?page_id=727"},"modified":"2021-03-04T14:24:40","modified_gmt":"2021-03-04T13:24:40","slug":"lokalisierungsgenauigkeit","status":"publish","type":"page","link":"https:\/\/www.nowcast.de\/de\/lokalisierungsgenauigkeit\/","title":{"rendered":"Lokalisierungsgenauigkeit"},"content":{"rendered":"\n<style type=\"text\/css\" data-created_by=\"avia_inline_auto\" id=\"style-css-av-13ned3-0d906d015444376d0903442e206b4c4e\">\n.flex_column.av-13ned3-0d906d015444376d0903442e206b4c4e{\n-webkit-border-radius:0px 0px 0px 0px;\n-moz-border-radius:0px 0px 0px 0px;\nborder-radius:0px 0px 0px 0px;\npadding:0px 0px 0px 0px;\n}\n<\/style>\n<div class='flex_column av-13ned3-0d906d015444376d0903442e206b4c4e av_one_full  avia-builder-el-0  el_before_av_one_full  avia-builder-el-first  first flex_column_div av-zero-column-padding '     ><div  class='avia-slideshow av-zkg8n-5a44d73ecf80eedb6e3de5faaba13eeb avia-slideshow-featured av_slideshow avia-slide-slider  avia-builder-el-1  avia-builder-el-no-sibling  av-slideshow-ui av-control-default av-slideshow-manual av-loop-once av-loop-manual-endless av-default-height-applied avia-slideshow-1' data-slideshow-options=\"{&quot;animation&quot;:&quot;slide&quot;,&quot;autoplay&quot;:false,&quot;loop_autoplay&quot;:&quot;once&quot;,&quot;interval&quot;:5,&quot;loop_manual&quot;:&quot;manual-endless&quot;,&quot;autoplay_stopper&quot;:false,&quot;noNavigation&quot;:false,&quot;bg_slider&quot;:false,&quot;keep_padding&quot;:false,&quot;hoverpause&quot;:false,&quot;show_slide_delay&quot;:0}\"  itemprop=\"image\" itemscope=\"itemscope\" itemtype=\"https:\/\/schema.org\/ImageObject\" ><ul class='avia-slideshow-inner ' style='padding-bottom: 28.666666666667%;'><li  class='avia-slideshow-slide av-zkg8n-5a44d73ecf80eedb6e3de5faaba13eeb__0  av-single-slide slide-1 slide-odd'><div data-rel='slideshow-1' class='avia-slide-wrap '   ><img decoding=\"async\" class=\"wp-image-1329 avia-img-lazy-loading-not-1329\"  src=\"https:\/\/www.nowcast.de\/wp-content\/uploads\/2019\/11\/Blitzantenne_6-1500x430.jpg\" width=\"1500\" height=\"430\" title='Blitzantenne_6' alt=''  itemprop=\"thumbnailUrl\" srcset=\"https:\/\/www.nowcast.de\/wp-content\/uploads\/2019\/11\/Blitzantenne_6.jpg 1500w, https:\/\/www.nowcast.de\/wp-content\/uploads\/2019\/11\/Blitzantenne_6-350x100.jpg 350w, https:\/\/www.nowcast.de\/wp-content\/uploads\/2019\/11\/Blitzantenne_6-1030x295.jpg 1030w, https:\/\/www.nowcast.de\/wp-content\/uploads\/2019\/11\/Blitzantenne_6-768x220.jpg 768w, https:\/\/www.nowcast.de\/wp-content\/uploads\/2019\/11\/Blitzantenne_6-705x202.jpg 705w, https:\/\/www.nowcast.de\/wp-content\/uploads\/2019\/11\/Blitzantenne_6-128x37.jpg 128w\" sizes=\"(max-width: 1500px) 100vw, 1500px\" \/><\/div><\/li><\/ul><\/div><\/div>\n\n<style type=\"text\/css\" data-created_by=\"avia_inline_auto\" id=\"style-css-av-pgq3r-efe6bcd10d22274eed6b1ca7e95f0458\">\n.flex_column.av-pgq3r-efe6bcd10d22274eed6b1ca7e95f0458{\n-webkit-border-radius:0px 0px 0px 0px;\n-moz-border-radius:0px 0px 0px 0px;\nborder-radius:0px 0px 0px 0px;\npadding:0px 0px 0px 0px;\n}\n<\/style>\n<div class='flex_column av-pgq3r-efe6bcd10d22274eed6b1ca7e95f0458 av_one_full  avia-builder-el-2  el_after_av_one_full  el_before_av_two_third  first flex_column_div av-zero-column-padding column-top-margin'     ><section  class='av_textblock_section av-jue06a2b-ee4f04506cc9968492228a50fa65be7f'  itemscope=\"itemscope\" itemtype=\"https:\/\/schema.org\/CreativeWork\" ><div class='avia_textblock'  itemprop=\"text\" ><h2><strong>Lokalisierungsgenauigkeit<\/strong><\/h2>\n<p><strong>Warum ist LINET so genau?<\/strong><\/p>\n<p>Die Lokalisierung von Blitzen im LINET-Messnetz ist bis zu wenigen Metern genau. Die Berechnung des geographischen Orts eines Blitzes birgt aus physikalischen Gr\u00fcnden eine unvermeidbare Unsch\u00e4rfe. Ungeachtet der Tatsache, dass jeder Blitz auch eine gewisse Ausdehnung hat, wird bei Bodenblitzen der Punkt der Fangentladung gemessen, der sich rund 100 Meter \u00fcber dem Boden befindet. Durch geschickte Anpassung zahlreicher Parameter ist es nowcast gelungen, die Lokalisierungsgenauigkeit beeindruckend zu perfektionieren. Die Genauigkeit der Blitzortung von LINET wird regelm\u00e4\u00dfig \u00fcber den Vergleich mit best\u00e4tigten Einschl\u00e4gen in T\u00fcrmen, deren geographische Position bekannt ist, \u00fcberpr\u00fcft und best\u00e4tigt.<\/p>\n<\/div><\/section><\/div>\n<style type=\"text\/css\" data-created_by=\"avia_inline_auto\" id=\"style-css-av-is75j-842683e91100103dc9371e39ec18c837\">\n.flex_column.av-is75j-842683e91100103dc9371e39ec18c837{\n-webkit-border-radius:0px 0px 0px 0px;\n-moz-border-radius:0px 0px 0px 0px;\nborder-radius:0px 0px 0px 0px;\npadding:0px 0px 0px 0px;\n}\n<\/style>\n<div class='flex_column av-is75j-842683e91100103dc9371e39ec18c837 av_two_third  avia-builder-el-4  el_after_av_one_full  el_before_av_one_third  first flex_column_div av-zero-column-padding column-top-margin'     ><section  class='av_textblock_section av-jue07cqa-7c2a0e8376554d054c9a28ea954d1a69'  itemscope=\"itemscope\" itemtype=\"https:\/\/schema.org\/CreativeWork\" ><div class='avia_textblock'  itemprop=\"text\" ><p><strong>Eine hohe Lokalisierungsgenauigkeit ist unerl\u00e4sslich<\/strong><\/p>\n<p>Vergleich der LINET-Blitzdaten mit Einschl\u00e4gen in T\u00fcrmen in Slowenien und \u00d6sterreich:<\/p>\n<p>Die hohe Lokalisierungsgenauigkeit macht zuverl\u00e4ssige Aussagen \u00fcber aktuelle und vergangene Blitzereignisse erst m\u00f6glich. Um beispielsweise den Ausfall einer Hochspannungsleitung mit einem Blitzschlag in Verbindung bringen zu k\u00f6nnen, darf die gemessene Position des verursachenden Blitzes nicht weit von der Trasse entfernt liegen. Nur so ist eine zuverl\u00e4ssige Zuordnung m\u00f6glich.<\/p>\n<p>Die Lokalisierungsgenauigkeit erm\u00f6glicht eine scharfe Abgrenzung von Gewitterzellen. Denn nicht nur die mittlere Abweichung ist vorbildlich, sondern auch die Streuung der Peilwerte ist \u00e4u\u00dferst niedrig.<\/p>\n<p>Bei der nachtr\u00e4glichen Verifizierung von Sch\u00e4den ist die Wichtigkeit der Lokalisierungsgenauigkeit offensichtlich. Nur eine pr\u00e4zise Messung erm\u00f6glicht eine zuverl\u00e4ssige Aussage, ob ein Schaden durch Blitzschlag oder \u00dcberspannung aufgrund eines Blitzes tats\u00e4chlich stattgefunden hat.<\/p>\n<\/div><\/section><\/div>\n<style type=\"text\/css\" data-created_by=\"avia_inline_auto\" id=\"style-css-av-hr2qf-8cbf76f4b4337eab7eb0db5293c52447\">\n.flex_column.av-hr2qf-8cbf76f4b4337eab7eb0db5293c52447{\n-webkit-border-radius:0px 0px 0px 0px;\n-moz-border-radius:0px 0px 0px 0px;\nborder-radius:0px 0px 0px 0px;\npadding:0px 0px 0px 0px;\n}\n<\/style>\n<div class='flex_column av-hr2qf-8cbf76f4b4337eab7eb0db5293c52447 av_one_third  avia-builder-el-6  el_after_av_two_third  el_before_av_one_full  flex_column_div av-zero-column-padding column-top-margin'     ><p>\n<style type=\"text\/css\" data-created_by=\"avia_inline_auto\" id=\"style-css-av-jue07zan-0d37fddb265eedc5ac94990c5bf6f840\">\n.avia-image-container.av-jue07zan-0d37fddb265eedc5ac94990c5bf6f840 img.avia_image{\nbox-shadow:none;\n}\n.avia-image-container.av-jue07zan-0d37fddb265eedc5ac94990c5bf6f840 .av-image-caption-overlay-center{\ncolor:#ffffff;\n}\n<\/style>\n<div  class='avia-image-container av-jue07zan-0d37fddb265eedc5ac94990c5bf6f840 av-styling- avia-align-center  avia-builder-el-7  el_before_av_image  avia-builder-el-first '   itemprop=\"image\" itemscope=\"itemscope\" itemtype=\"https:\/\/schema.org\/ImageObject\" ><div class=\"avia-image-container-inner\"><div class=\"avia-image-overlay-wrap\"><a href=\"https:\/\/www.nowcast.de\/wp-content\/uploads\/2019\/04\/csm_lokalisierung-turmeinschlaege_01_3eb3c738e8.png\" data-srcset=\"https:\/\/www.nowcast.de\/wp-content\/uploads\/2019\/04\/csm_lokalisierung-turmeinschlaege_01_3eb3c738e8.png 800w, https:\/\/www.nowcast.de\/wp-content\/uploads\/2019\/04\/csm_lokalisierung-turmeinschlaege_01_3eb3c738e8-350x179.png 350w, https:\/\/www.nowcast.de\/wp-content\/uploads\/2019\/04\/csm_lokalisierung-turmeinschlaege_01_3eb3c738e8-768x392.png 768w, https:\/\/www.nowcast.de\/wp-content\/uploads\/2019\/04\/csm_lokalisierung-turmeinschlaege_01_3eb3c738e8-705x360.png 705w, https:\/\/www.nowcast.de\/wp-content\/uploads\/2019\/04\/csm_lokalisierung-turmeinschlaege_01_3eb3c738e8-128x65.png 128w\" data-sizes=\"(max-width: 800px) 100vw, 800px\" class='avia_image' ><img decoding=\"async\" class='wp-image-728 avia-img-lazy-loading-not-728 avia_image ' src=\"https:\/\/www.nowcast.de\/wp-content\/uploads\/2019\/04\/csm_lokalisierung-turmeinschlaege_01_3eb3c738e8-350x179.png\" alt='' title='csm_lokalisierung-turmeinschlaege_01_3eb3c738e8'  height=\"179\" width=\"350\"  itemprop=\"thumbnailUrl\" srcset=\"https:\/\/www.nowcast.de\/wp-content\/uploads\/2019\/04\/csm_lokalisierung-turmeinschlaege_01_3eb3c738e8-350x179.png 350w, https:\/\/www.nowcast.de\/wp-content\/uploads\/2019\/04\/csm_lokalisierung-turmeinschlaege_01_3eb3c738e8-768x392.png 768w, https:\/\/www.nowcast.de\/wp-content\/uploads\/2019\/04\/csm_lokalisierung-turmeinschlaege_01_3eb3c738e8-705x360.png 705w, https:\/\/www.nowcast.de\/wp-content\/uploads\/2019\/04\/csm_lokalisierung-turmeinschlaege_01_3eb3c738e8-128x65.png 128w, https:\/\/www.nowcast.de\/wp-content\/uploads\/2019\/04\/csm_lokalisierung-turmeinschlaege_01_3eb3c738e8.png 800w\" sizes=\"(max-width: 350px) 100vw, 350px\" \/><\/a><\/div><\/div><\/div><br \/>\n\n<style type=\"text\/css\" data-created_by=\"avia_inline_auto\" id=\"style-css-av-jue07zan-c2171c7b716fcc143a971bb56169f6c4\">\n.avia-image-container.av-jue07zan-c2171c7b716fcc143a971bb56169f6c4 img.avia_image{\nbox-shadow:none;\n}\n.avia-image-container.av-jue07zan-c2171c7b716fcc143a971bb56169f6c4 .av-image-caption-overlay-center{\ncolor:#ffffff;\n}\n<\/style>\n<div  class='avia-image-container av-jue07zan-c2171c7b716fcc143a971bb56169f6c4 av-styling- avia-align-center  avia-builder-el-8  el_after_av_image  avia-builder-el-last '   itemprop=\"image\" itemscope=\"itemscope\" itemtype=\"https:\/\/schema.org\/ImageObject\" ><div class=\"avia-image-container-inner\"><div class=\"avia-image-overlay-wrap\"><img decoding=\"async\" class='wp-image-1495 avia-img-lazy-loading-not-1495 avia_image ' src=\"https:\/\/www.nowcast.de\/wp-content\/uploads\/2020\/01\/Ant-6-scaled-350x215.jpg\" alt='' title='Ant-6'  height=\"215\" width=\"350\"  itemprop=\"thumbnailUrl\" srcset=\"https:\/\/www.nowcast.de\/wp-content\/uploads\/2020\/01\/Ant-6-scaled-350x215.jpg 350w, https:\/\/www.nowcast.de\/wp-content\/uploads\/2020\/01\/Ant-6-scaled-1030x631.jpg 1030w, https:\/\/www.nowcast.de\/wp-content\/uploads\/2020\/01\/Ant-6-scaled-768x471.jpg 768w, https:\/\/www.nowcast.de\/wp-content\/uploads\/2020\/01\/Ant-6-scaled-1536x941.jpg 1536w, https:\/\/www.nowcast.de\/wp-content\/uploads\/2020\/01\/Ant-6-scaled-2048x1255.jpg 2048w, https:\/\/www.nowcast.de\/wp-content\/uploads\/2020\/01\/Ant-6-scaled-1500x919.jpg 1500w, https:\/\/www.nowcast.de\/wp-content\/uploads\/2020\/01\/Ant-6-scaled-705x432.jpg 705w, https:\/\/www.nowcast.de\/wp-content\/uploads\/2020\/01\/Ant-6-scaled-128x78.jpg 128w\" sizes=\"(max-width: 350px) 100vw, 350px\" \/><\/div><\/div><\/div><\/p><\/div><\/p>\n\n<style type=\"text\/css\" data-created_by=\"avia_inline_auto\" id=\"style-css-av-8gdcn-8bde8478d5fb7a099aa0da05528488ad\">\n.flex_column.av-8gdcn-8bde8478d5fb7a099aa0da05528488ad{\n-webkit-border-radius:0px 0px 0px 0px;\n-moz-border-radius:0px 0px 0px 0px;\nborder-radius:0px 0px 0px 0px;\npadding:0px 0px 0px 0px;\n}\n<\/style>\n<div class='flex_column av-8gdcn-8bde8478d5fb7a099aa0da05528488ad av_one_full  avia-builder-el-9  el_after_av_one_third  avia-builder-el-last  first flex_column_div av-zero-column-padding column-top-margin'     ><section  class='av_textblock_section av-jue0jmq1-d864be783bda73105de11c40ec81071e'  itemscope=\"itemscope\" itemtype=\"https:\/\/schema.org\/CreativeWork\" ><div class='avia_textblock'  itemprop=\"text\" ><p><strong>Details zur Lokalisierungsgenauigkeit<\/strong><\/p>\n<p>Die ersten Blitzortungssysteme nutzten zun\u00e4chst das Verfahren der Winkelpeilung. Diese ist aufgrund verschiedener St\u00f6reffekte recht ungenau und erzeugt Peilfehler in einer Gr\u00f6\u00dfenordnung von mehreren Kilometern. Mit der Verf\u00fcgbarkeit von GPS-Zeitsignalen wurde das Laufzeitverfahren \u00fcblich (Time of Arrival), welches wesentlich genauer ist und \u00fcblicherweise eine Pr\u00e4zision von etwa 400 Metern erlaubt.<\/p>\n<p>Die nowcast GmbH hat dieses allseits bekannte Verfahren optimiert und erzielt Lokalisierungswerte bis zu wenigen Metern Genauigkeit. Dies lie\u00df sich anhand von Blitzeinschl\u00e4gen in T\u00fcrme bekannter Standorte einwandfrei belegen (Betz et al., \u201eLINET \u2013 An International VLF\/LF Lightning Detection Network in Europe\u201d, in: \u201cLightning: Principles, Instruments and Applications\u201d, Eds. H.-D. Betz, U. Schumann, and P. Laroche, ch. 5, Dordrecht (NL), Springer, 2008).<\/p>\n<p>F\u00fcr viele Anwendungszwecke ist es von besonderer Bedeutung, dass keine gro\u00dfen Fehler bei der Blitz-Erfassung auftreten. Beispielsweise ist es \u00e4u\u00dferst irref\u00fchrend, wenn einzelne fehlgepeilte Blitze in tats\u00e4chlich gewitterfreie Bereiche projiziert werden und f\u00e4lschlicherweise eine Gewitterbildung vort\u00e4uschen. Zur Vermeidung solcher Fehlpeilungen hat nowcast effiziente Methoden entwickelt, welche eine extrem schmale Streuung der Peilfehler um den Mittelwert erlauben. Die jahrelange, kontinuierliche Nutzung der nowcast-Blitzdaten durch den Deutschen Wetterdienst (DWD) hat die Wirksamkeit unserer Verfahren immer wieder best\u00e4tigt.<\/p>\n<\/div><\/section><\/div>\n","protected":false},"excerpt":{"rendered":"","protected":false},"author":12,"featured_media":0,"parent":0,"menu_order":0,"comment_status":"closed","ping_status":"closed","template":"","meta":{"_relevanssi_hide_post":"","_relevanssi_hide_content":"","_relevanssi_pin_for_all":"","_relevanssi_pin_keywords":"","_relevanssi_unpin_keywords":"","_relevanssi_related_keywords":"","_relevanssi_related_include_ids":"","_relevanssi_related_exclude_ids":"","_relevanssi_related_no_append":"","_relevanssi_related_not_related":"","_relevanssi_related_posts":"3686,4617,4215,4452,4444,4540","_relevanssi_noindex_reason":""},"acf":[],"yoast_head":"<!-- This site is optimized with the Yoast SEO plugin v19.10 - https:\/\/yoast.com\/wordpress\/plugins\/seo\/ -->\n<title>Lokalisierungsgenauigkeit - nowcast<\/title>\n<meta name=\"robots\" content=\"index, follow, max-snippet:-1, max-image-preview:large, max-video-preview:-1\" \/>\n<link rel=\"canonical\" href=\"https:\/\/www.nowcast.de\/de\/lokalisierungsgenauigkeit\/\" \/>\n<meta property=\"og:locale\" content=\"de_DE\" \/>\n<meta property=\"og:type\" content=\"article\" \/>\n<meta property=\"og:title\" content=\"Lokalisierungsgenauigkeit - nowcast\" \/>\n<meta property=\"og:url\" content=\"https:\/\/www.nowcast.de\/de\/lokalisierungsgenauigkeit\/\" \/>\n<meta property=\"og:site_name\" content=\"nowcast\" \/>\n<meta property=\"article:modified_time\" content=\"2021-03-04T13:24:40+00:00\" \/>\n<meta name=\"twitter:card\" content=\"summary_large_image\" \/>\n<meta name=\"twitter:label1\" content=\"Gesch\u00e4tzte Lesezeit\" \/>\n\t<meta name=\"twitter:data1\" content=\"6 Minuten\" \/>\n<script type=\"application\/ld+json\" class=\"yoast-schema-graph\">{\"@context\":\"https:\/\/schema.org\",\"@graph\":[{\"@type\":\"WebPage\",\"@id\":\"https:\/\/www.nowcast.de\/de\/lokalisierungsgenauigkeit\/\",\"url\":\"https:\/\/www.nowcast.de\/de\/lokalisierungsgenauigkeit\/\",\"name\":\"Lokalisierungsgenauigkeit - nowcast\",\"isPartOf\":{\"@id\":\"https:\/\/www.nowcast.de\/de\/#website\"},\"datePublished\":\"2019-04-12T11:53:59+00:00\",\"dateModified\":\"2021-03-04T13:24:40+00:00\",\"breadcrumb\":{\"@id\":\"https:\/\/www.nowcast.de\/de\/lokalisierungsgenauigkeit\/#breadcrumb\"},\"inLanguage\":\"de-DE\",\"potentialAction\":[{\"@type\":\"ReadAction\",\"target\":[\"https:\/\/www.nowcast.de\/de\/lokalisierungsgenauigkeit\/\"]}]},{\"@type\":\"BreadcrumbList\",\"@id\":\"https:\/\/www.nowcast.de\/de\/lokalisierungsgenauigkeit\/#breadcrumb\",\"itemListElement\":[{\"@type\":\"ListItem\",\"position\":1,\"name\":\"Startseite\",\"item\":\"https:\/\/www.nowcast.de\/de\/\"},{\"@type\":\"ListItem\",\"position\":2,\"name\":\"Lokalisierungsgenauigkeit\"}]},{\"@type\":\"WebSite\",\"@id\":\"https:\/\/www.nowcast.de\/de\/#website\",\"url\":\"https:\/\/www.nowcast.de\/de\/\",\"name\":\"nowcast\",\"description\":\"Lightning.Detected.\",\"publisher\":{\"@id\":\"https:\/\/www.nowcast.de\/de\/#organization\"},\"potentialAction\":[{\"@type\":\"SearchAction\",\"target\":{\"@type\":\"EntryPoint\",\"urlTemplate\":\"https:\/\/www.nowcast.de\/de\/?s={search_term_string}\"},\"query-input\":\"required name=search_term_string\"}],\"inLanguage\":\"de-DE\"},{\"@type\":\"Organization\",\"@id\":\"https:\/\/www.nowcast.de\/de\/#organization\",\"name\":\"nowcast GmbH\",\"url\":\"https:\/\/www.nowcast.de\/de\/\",\"logo\":{\"@type\":\"ImageObject\",\"inLanguage\":\"de-DE\",\"@id\":\"https:\/\/www.nowcast.de\/de\/#\/schema\/logo\/image\/\",\"url\":\"https:\/\/www.nowcast.de\/wp-content\/uploads\/2020\/07\/logo-nowcast_lightning-detected_rgb.png\",\"contentUrl\":\"https:\/\/www.nowcast.de\/wp-content\/uploads\/2020\/07\/logo-nowcast_lightning-detected_rgb.png\",\"width\":800,\"height\":355,\"caption\":\"nowcast GmbH\"},\"image\":{\"@id\":\"https:\/\/www.nowcast.de\/de\/#\/schema\/logo\/image\/\"}}]}<\/script>\n<!-- \/ Yoast SEO plugin. -->","yoast_head_json":{"title":"Lokalisierungsgenauigkeit - nowcast","robots":{"index":"index","follow":"follow","max-snippet":"max-snippet:-1","max-image-preview":"max-image-preview:large","max-video-preview":"max-video-preview:-1"},"canonical":"https:\/\/www.nowcast.de\/de\/lokalisierungsgenauigkeit\/","og_locale":"de_DE","og_type":"article","og_title":"Lokalisierungsgenauigkeit - nowcast","og_url":"https:\/\/www.nowcast.de\/de\/lokalisierungsgenauigkeit\/","og_site_name":"nowcast","article_modified_time":"2021-03-04T13:24:40+00:00","twitter_card":"summary_large_image","twitter_misc":{"Gesch\u00e4tzte Lesezeit":"6 Minuten"},"schema":{"@context":"https:\/\/schema.org","@graph":[{"@type":"WebPage","@id":"https:\/\/www.nowcast.de\/de\/lokalisierungsgenauigkeit\/","url":"https:\/\/www.nowcast.de\/de\/lokalisierungsgenauigkeit\/","name":"Lokalisierungsgenauigkeit - nowcast","isPartOf":{"@id":"https:\/\/www.nowcast.de\/de\/#website"},"datePublished":"2019-04-12T11:53:59+00:00","dateModified":"2021-03-04T13:24:40+00:00","breadcrumb":{"@id":"https:\/\/www.nowcast.de\/de\/lokalisierungsgenauigkeit\/#breadcrumb"},"inLanguage":"de-DE","potentialAction":[{"@type":"ReadAction","target":["https:\/\/www.nowcast.de\/de\/lokalisierungsgenauigkeit\/"]}]},{"@type":"BreadcrumbList","@id":"https:\/\/www.nowcast.de\/de\/lokalisierungsgenauigkeit\/#breadcrumb","itemListElement":[{"@type":"ListItem","position":1,"name":"Startseite","item":"https:\/\/www.nowcast.de\/de\/"},{"@type":"ListItem","position":2,"name":"Lokalisierungsgenauigkeit"}]},{"@type":"WebSite","@id":"https:\/\/www.nowcast.de\/de\/#website","url":"https:\/\/www.nowcast.de\/de\/","name":"nowcast","description":"Lightning.Detected.","publisher":{"@id":"https:\/\/www.nowcast.de\/de\/#organization"},"potentialAction":[{"@type":"SearchAction","target":{"@type":"EntryPoint","urlTemplate":"https:\/\/www.nowcast.de\/de\/?s={search_term_string}"},"query-input":"required name=search_term_string"}],"inLanguage":"de-DE"},{"@type":"Organization","@id":"https:\/\/www.nowcast.de\/de\/#organization","name":"nowcast GmbH","url":"https:\/\/www.nowcast.de\/de\/","logo":{"@type":"ImageObject","inLanguage":"de-DE","@id":"https:\/\/www.nowcast.de\/de\/#\/schema\/logo\/image\/","url":"https:\/\/www.nowcast.de\/wp-content\/uploads\/2020\/07\/logo-nowcast_lightning-detected_rgb.png","contentUrl":"https:\/\/www.nowcast.de\/wp-content\/uploads\/2020\/07\/logo-nowcast_lightning-detected_rgb.png","width":800,"height":355,"caption":"nowcast GmbH"},"image":{"@id":"https:\/\/www.nowcast.de\/de\/#\/schema\/logo\/image\/"}}]}},"_links":{"self":[{"href":"https:\/\/www.nowcast.de\/de\/wp-json\/wp\/v2\/pages\/727"}],"collection":[{"href":"https:\/\/www.nowcast.de\/de\/wp-json\/wp\/v2\/pages"}],"about":[{"href":"https:\/\/www.nowcast.de\/de\/wp-json\/wp\/v2\/types\/page"}],"author":[{"embeddable":true,"href":"https:\/\/www.nowcast.de\/de\/wp-json\/wp\/v2\/users\/12"}],"replies":[{"embeddable":true,"href":"https:\/\/www.nowcast.de\/de\/wp-json\/wp\/v2\/comments?post=727"}],"version-history":[{"count":10,"href":"https:\/\/www.nowcast.de\/de\/wp-json\/wp\/v2\/pages\/727\/revisions"}],"predecessor-version":[{"id":5663,"href":"https:\/\/www.nowcast.de\/de\/wp-json\/wp\/v2\/pages\/727\/revisions\/5663"}],"wp:attachment":[{"href":"https:\/\/www.nowcast.de\/de\/wp-json\/wp\/v2\/media?parent=727"}],"curies":[{"name":"wp","href":"https:\/\/api.w.org\/{rel}","templated":true}]}}