{"id":663,"date":"2019-04-12T09:44:59","date_gmt":"2019-04-12T07:44:59","guid":{"rendered":"https:\/\/www.nowcast.de\/?page_id=663"},"modified":"2021-01-29T16:21:07","modified_gmt":"2021-01-29T15:21:07","slug":"3d-messung-der-emissionshoehe","status":"publish","type":"page","link":"https:\/\/www.nowcast.de\/de\/blitzortung\/3d-messung-der-emissionshoehe\/","title":{"rendered":"3D-Messung der Emissionsh\u00f6he"},"content":{"rendered":"","protected":false},"excerpt":{"rendered":"","protected":false},"author":12,"featured_media":0,"parent":581,"menu_order":0,"comment_status":"closed","ping_status":"closed","template":"","meta":{"_relevanssi_hide_post":"","_relevanssi_hide_content":"","_relevanssi_pin_for_all":"","_relevanssi_pin_keywords":"","_relevanssi_unpin_keywords":"","_relevanssi_related_keywords":"","_relevanssi_related_include_ids":"","_relevanssi_related_exclude_ids":"","_relevanssi_related_no_append":"","_relevanssi_related_not_related":"","_relevanssi_related_posts":"","_relevanssi_noindex_reason":""},"acf":[],"yoast_head":"<!-- This site is optimized with the Yoast SEO plugin v19.10 - https:\/\/yoast.com\/wordpress\/plugins\/seo\/ -->\n<title>Echte 3D-Blitzortung inkl. H\u00f6henangabe der Wolkeblitze<\/title>\n<meta name=\"description\" content=\"Die patentierte Blitzortungstechnologie von nowcast erm\u00f6glicht auch die H\u00f6hen von Wolkeblitzen zu erfassen.\" \/>\n<meta name=\"robots\" content=\"index, follow, max-snippet:-1, max-image-preview:large, max-video-preview:-1\" \/>\n<link rel=\"canonical\" href=\"https:\/\/www.nowcast.de\/de\/blitzortung\/3d-messung-der-emissionshoehe\/\" \/>\n<meta property=\"og:locale\" content=\"de_DE\" \/>\n<meta property=\"og:type\" content=\"article\" \/>\n<meta property=\"og:title\" content=\"Echte 3D-Blitzortung inkl. H\u00f6henangabe der Wolkeblitze\" \/>\n<meta property=\"og:description\" content=\"Die patentierte Blitzortungstechnologie von nowcast erm\u00f6glicht auch die H\u00f6hen von Wolkeblitzen zu erfassen.\" \/>\n<meta property=\"og:url\" content=\"https:\/\/www.nowcast.de\/de\/blitzortung\/3d-messung-der-emissionshoehe\/\" \/>\n<meta property=\"og:site_name\" content=\"nowcast\" \/>\n<meta property=\"article:modified_time\" content=\"2021-01-29T15:21:07+00:00\" \/>\n<meta name=\"twitter:card\" content=\"summary_large_image\" \/>\n<script type=\"application\/ld+json\" class=\"yoast-schema-graph\">{\"@context\":\"https:\/\/schema.org\",\"@graph\":[{\"@type\":\"WebPage\",\"@id\":\"https:\/\/www.nowcast.de\/de\/blitzortung\/3d-messung-der-emissionshoehe\/\",\"url\":\"https:\/\/www.nowcast.de\/de\/blitzortung\/3d-messung-der-emissionshoehe\/\",\"name\":\"Echte 3D-Blitzortung inkl. H\u00f6henangabe der Wolkeblitze\",\"isPartOf\":{\"@id\":\"https:\/\/www.nowcast.de\/de\/#website\"},\"datePublished\":\"2019-04-12T07:44:59+00:00\",\"dateModified\":\"2021-01-29T15:21:07+00:00\",\"description\":\"Die patentierte Blitzortungstechnologie von nowcast erm\u00f6glicht auch die H\u00f6hen von Wolkeblitzen zu erfassen.\",\"breadcrumb\":{\"@id\":\"https:\/\/www.nowcast.de\/de\/blitzortung\/3d-messung-der-emissionshoehe\/#breadcrumb\"},\"inLanguage\":\"de-DE\",\"potentialAction\":[{\"@type\":\"ReadAction\",\"target\":[\"https:\/\/www.nowcast.de\/de\/blitzortung\/3d-messung-der-emissionshoehe\/\"]}]},{\"@type\":\"BreadcrumbList\",\"@id\":\"https:\/\/www.nowcast.de\/de\/blitzortung\/3d-messung-der-emissionshoehe\/#breadcrumb\",\"itemListElement\":[{\"@type\":\"ListItem\",\"position\":1,\"name\":\"Startseite\",\"item\":\"https:\/\/www.nowcast.de\/de\/\"},{\"@type\":\"ListItem\",\"position\":2,\"name\":\"Blitzortung\",\"item\":\"https:\/\/www.nowcast.de\/de\/blitzortung\/\"},{\"@type\":\"ListItem\",\"position\":3,\"name\":\"3D-Messung der Emissionsh\u00f6he\"}]},{\"@type\":\"WebSite\",\"@id\":\"https:\/\/www.nowcast.de\/de\/#website\",\"url\":\"https:\/\/www.nowcast.de\/de\/\",\"name\":\"nowcast\",\"description\":\"Lightning.Detected.\",\"publisher\":{\"@id\":\"https:\/\/www.nowcast.de\/de\/#organization\"},\"potentialAction\":[{\"@type\":\"SearchAction\",\"target\":{\"@type\":\"EntryPoint\",\"urlTemplate\":\"https:\/\/www.nowcast.de\/de\/?s={search_term_string}\"},\"query-input\":\"required name=search_term_string\"}],\"inLanguage\":\"de-DE\"},{\"@type\":\"Organization\",\"@id\":\"https:\/\/www.nowcast.de\/de\/#organization\",\"name\":\"nowcast GmbH\",\"url\":\"https:\/\/www.nowcast.de\/de\/\",\"logo\":{\"@type\":\"ImageObject\",\"inLanguage\":\"de-DE\",\"@id\":\"https:\/\/www.nowcast.de\/de\/#\/schema\/logo\/image\/\",\"url\":\"https:\/\/www.nowcast.de\/wp-content\/uploads\/2020\/07\/logo-nowcast_lightning-detected_rgb.png\",\"contentUrl\":\"https:\/\/www.nowcast.de\/wp-content\/uploads\/2020\/07\/logo-nowcast_lightning-detected_rgb.png\",\"width\":800,\"height\":355,\"caption\":\"nowcast GmbH\"},\"image\":{\"@id\":\"https:\/\/www.nowcast.de\/de\/#\/schema\/logo\/image\/\"}}]}<\/script>\n<!-- \/ Yoast SEO plugin. -->","yoast_head_json":{"title":"Echte 3D-Blitzortung inkl. H\u00f6henangabe der Wolkeblitze","description":"Die patentierte Blitzortungstechnologie von nowcast erm\u00f6glicht auch die H\u00f6hen von Wolkeblitzen zu erfassen.","robots":{"index":"index","follow":"follow","max-snippet":"max-snippet:-1","max-image-preview":"max-image-preview:large","max-video-preview":"max-video-preview:-1"},"canonical":"https:\/\/www.nowcast.de\/de\/blitzortung\/3d-messung-der-emissionshoehe\/","og_locale":"de_DE","og_type":"article","og_title":"Echte 3D-Blitzortung inkl. H\u00f6henangabe der Wolkeblitze","og_description":"Die patentierte Blitzortungstechnologie von nowcast erm\u00f6glicht auch die H\u00f6hen von Wolkeblitzen zu erfassen.","og_url":"https:\/\/www.nowcast.de\/de\/blitzortung\/3d-messung-der-emissionshoehe\/","og_site_name":"nowcast","article_modified_time":"2021-01-29T15:21:07+00:00","twitter_card":"summary_large_image","schema":{"@context":"https:\/\/schema.org","@graph":[{"@type":"WebPage","@id":"https:\/\/www.nowcast.de\/de\/blitzortung\/3d-messung-der-emissionshoehe\/","url":"https:\/\/www.nowcast.de\/de\/blitzortung\/3d-messung-der-emissionshoehe\/","name":"Echte 3D-Blitzortung inkl. H\u00f6henangabe der Wolkeblitze","isPartOf":{"@id":"https:\/\/www.nowcast.de\/de\/#website"},"datePublished":"2019-04-12T07:44:59+00:00","dateModified":"2021-01-29T15:21:07+00:00","description":"Die patentierte Blitzortungstechnologie von nowcast erm\u00f6glicht auch die H\u00f6hen von Wolkeblitzen zu erfassen.","breadcrumb":{"@id":"https:\/\/www.nowcast.de\/de\/blitzortung\/3d-messung-der-emissionshoehe\/#breadcrumb"},"inLanguage":"de-DE","potentialAction":[{"@type":"ReadAction","target":["https:\/\/www.nowcast.de\/de\/blitzortung\/3d-messung-der-emissionshoehe\/"]}]},{"@type":"BreadcrumbList","@id":"https:\/\/www.nowcast.de\/de\/blitzortung\/3d-messung-der-emissionshoehe\/#breadcrumb","itemListElement":[{"@type":"ListItem","position":1,"name":"Startseite","item":"https:\/\/www.nowcast.de\/de\/"},{"@type":"ListItem","position":2,"name":"Blitzortung","item":"https:\/\/www.nowcast.de\/de\/blitzortung\/"},{"@type":"ListItem","position":3,"name":"3D-Messung der Emissionsh\u00f6he"}]},{"@type":"WebSite","@id":"https:\/\/www.nowcast.de\/de\/#website","url":"https:\/\/www.nowcast.de\/de\/","name":"nowcast","description":"Lightning.Detected.","publisher":{"@id":"https:\/\/www.nowcast.de\/de\/#organization"},"potentialAction":[{"@type":"SearchAction","target":{"@type":"EntryPoint","urlTemplate":"https:\/\/www.nowcast.de\/de\/?s={search_term_string}"},"query-input":"required name=search_term_string"}],"inLanguage":"de-DE"},{"@type":"Organization","@id":"https:\/\/www.nowcast.de\/de\/#organization","name":"nowcast GmbH","url":"https:\/\/www.nowcast.de\/de\/","logo":{"@type":"ImageObject","inLanguage":"de-DE","@id":"https:\/\/www.nowcast.de\/de\/#\/schema\/logo\/image\/","url":"https:\/\/www.nowcast.de\/wp-content\/uploads\/2020\/07\/logo-nowcast_lightning-detected_rgb.png","contentUrl":"https:\/\/www.nowcast.de\/wp-content\/uploads\/2020\/07\/logo-nowcast_lightning-detected_rgb.png","width":800,"height":355,"caption":"nowcast GmbH"},"image":{"@id":"https:\/\/www.nowcast.de\/de\/#\/schema\/logo\/image\/"}}]}},"_links":{"self":[{"href":"https:\/\/www.nowcast.de\/de\/wp-json\/wp\/v2\/pages\/663"}],"collection":[{"href":"https:\/\/www.nowcast.de\/de\/wp-json\/wp\/v2\/pages"}],"about":[{"href":"https:\/\/www.nowcast.de\/de\/wp-json\/wp\/v2\/types\/page"}],"author":[{"embeddable":true,"href":"https:\/\/www.nowcast.de\/de\/wp-json\/wp\/v2\/users\/12"}],"replies":[{"embeddable":true,"href":"https:\/\/www.nowcast.de\/de\/wp-json\/wp\/v2\/comments?post=663"}],"version-history":[{"count":13,"href":"https:\/\/www.nowcast.de\/de\/wp-json\/wp\/v2\/pages\/663\/revisions"}],"predecessor-version":[{"id":5002,"href":"https:\/\/www.nowcast.de\/de\/wp-json\/wp\/v2\/pages\/663\/revisions\/5002"}],"up":[{"embeddable":true,"href":"https:\/\/www.nowcast.de\/de\/wp-json\/wp\/v2\/pages\/581"}],"wp:attachment":[{"href":"https:\/\/www.nowcast.de\/de\/wp-json\/wp\/v2\/media?parent=663"}],"curies":[{"name":"wp","href":"https:\/\/api.w.org\/{rel}","templated":true}]}}