{"id":567,"date":"2019-04-09T15:44:27","date_gmt":"2019-04-09T13:44:27","guid":{"rendered":"https:\/\/www.nowcast.de\/?page_id=567"},"modified":"2020-11-18T10:38:28","modified_gmt":"2020-11-18T09:38:28","slug":"erfassung-schwacher-signale","status":"publish","type":"page","link":"https:\/\/www.nowcast.de\/de\/erfassung-schwacher-signale\/","title":{"rendered":"Erfassung schwacher Signale"},"content":{"rendered":"\n<style type=\"text\/css\" data-created_by=\"avia_inline_auto\" id=\"style-css-av-k9stb-a095003217da1fe4ee5002c343586904\">\n.flex_column.av-k9stb-a095003217da1fe4ee5002c343586904{\n-webkit-border-radius:0px 0px 0px 0px;\n-moz-border-radius:0px 0px 0px 0px;\nborder-radius:0px 0px 0px 0px;\npadding:0px 0px 0px 0px;\n}\n<\/style>\n<div class='flex_column av-k9stb-a095003217da1fe4ee5002c343586904 av_one_full  avia-builder-el-0  el_before_av_one_full  avia-builder-el-first  first flex_column_div av-zero-column-padding '     ><div  class='avia-slideshow av-ju9u697c-aec2d72cd7363e3d860eff5df00690c7 avia-slideshow-featured av_slideshow avia-slide-slider  avia-builder-el-1  avia-builder-el-no-sibling  av-slideshow-ui av-control-default av-slideshow-manual av-loop-once av-loop-manual-endless av-default-height-applied avia-slideshow-1' data-slideshow-options=\"{&quot;animation&quot;:&quot;slide&quot;,&quot;autoplay&quot;:false,&quot;loop_autoplay&quot;:&quot;once&quot;,&quot;interval&quot;:5,&quot;loop_manual&quot;:&quot;manual-endless&quot;,&quot;autoplay_stopper&quot;:false,&quot;noNavigation&quot;:false,&quot;bg_slider&quot;:false,&quot;keep_padding&quot;:false,&quot;hoverpause&quot;:false,&quot;show_slide_delay&quot;:0}\"  itemprop=\"image\" itemscope=\"itemscope\" itemtype=\"https:\/\/schema.org\/ImageObject\" ><ul class='avia-slideshow-inner ' style='padding-bottom: 28.666666666667%;'><li  class='avia-slideshow-slide av-ju9u697c-aec2d72cd7363e3d860eff5df00690c7__0  av-single-slide slide-1 slide-odd'><div data-rel='slideshow-1' class='avia-slide-wrap '   ><img decoding=\"async\" class=\"wp-image-1326 avia-img-lazy-loading-not-1326\"  src=\"https:\/\/www.nowcast.de\/wp-content\/uploads\/2019\/11\/Blitzantenne_3-1500x430.jpg\" width=\"1500\" height=\"430\" title='Blitzantenne_3' alt=''  itemprop=\"thumbnailUrl\" srcset=\"https:\/\/www.nowcast.de\/wp-content\/uploads\/2019\/11\/Blitzantenne_3.jpg 1500w, https:\/\/www.nowcast.de\/wp-content\/uploads\/2019\/11\/Blitzantenne_3-350x100.jpg 350w, https:\/\/www.nowcast.de\/wp-content\/uploads\/2019\/11\/Blitzantenne_3-1030x295.jpg 1030w, https:\/\/www.nowcast.de\/wp-content\/uploads\/2019\/11\/Blitzantenne_3-768x220.jpg 768w, https:\/\/www.nowcast.de\/wp-content\/uploads\/2019\/11\/Blitzantenne_3-705x202.jpg 705w, https:\/\/www.nowcast.de\/wp-content\/uploads\/2019\/11\/Blitzantenne_3-128x37.jpg 128w\" sizes=\"(max-width: 1500px) 100vw, 1500px\" \/><\/div><\/li><\/ul><\/div><\/div>\n\n<style type=\"text\/css\" data-created_by=\"avia_inline_auto\" id=\"style-css-av-8zz8v-40fa5193a3b4c912f92d6a86b3f828b8\">\n.flex_column.av-8zz8v-40fa5193a3b4c912f92d6a86b3f828b8{\n-webkit-border-radius:0px 0px 0px 0px;\n-moz-border-radius:0px 0px 0px 0px;\nborder-radius:0px 0px 0px 0px;\npadding:0px 0px 0px 0px;\n}\n<\/style>\n<div class='flex_column av-8zz8v-40fa5193a3b4c912f92d6a86b3f828b8 av_one_full  avia-builder-el-2  el_after_av_one_full  avia-builder-el-last  first flex_column_div av-zero-column-padding column-top-margin'     ><section  class='av_textblock_section av-ju9u0ym4-b555ab98313f95d4d027b7aa25211804'  itemscope=\"itemscope\" itemtype=\"https:\/\/schema.org\/CreativeWork\" ><div class='avia_textblock'  itemprop=\"text\" ><h2>Erfassung schwacher Signale<\/h2>\n<p>Ein professionelles Blitzortungssystem sollte den Anspruch haben, m\u00f6glichst alle Blitze zu erfassen, die in seinem Messbereich entstehen. Nur so ist eine umfassende Aussage \u00fcber die Qualit\u00e4t und Entwicklung eines Gewitters m\u00f6glich. Insbesondere Wolkeblitze, die wichtig f\u00fcr die Einsch\u00e4tzung der Schwere eines Gewitters sind, zeichnen sich durch geringe Signalst\u00e4rken aus. Au\u00dferdem k\u00f6nnen auch schwache Bodenblitze ernsthafte Sch\u00e4den verursachen.<\/p>\n<p><strong>LINET misst deutlich mehr Signale<\/strong><\/p>\n<p>Ein ausgekl\u00fcgeltes Antennendesign, hocheffiziente Messtechnik und \u00fcber Jahre hinweg optimierte Filtermechanismen erlauben LINET eine \u00e4u\u00dferst niedrige Schwelle f\u00fcr die Messempfindlichkeit der Sensoren. Dadurch k\u00f6nnen auch besonders schwache Blitze erfasst und lokalisiert werden. Die erheblich h\u00f6here Anzahl gemessener Blitzereignisse hilft enorm bei der Veredelung der Daten, wie z.B. dem Cell-Tracking und Nowcasting. F\u00fcr die ausgezeichnete Lokalisierungsgenauigkeit von LINET ist die hohe Empfindlichkeit der Sensoren ebenfalls ausschlaggebend.<\/p>\n<p><strong>Details zur Erfassung schwacher Blitze<\/strong><\/p>\n<p>Historisch bedingt sind die meisten Blitzortungssysteme darauf spezialisiert, starke Bodenblitze zu melden. Diese sog. \u201aReturn Strokes\u2019 sind in der Regel anhand charakteristischer Feldspr\u00fcnge und Signalformen zu erkennen. Damit lie\u00dfen sich auch Algorithmen zur Diskriminierung gegen\u00fcber Wolkeblitzen entwickeln. Eine m\u00f6glichst vollst\u00e4ndige Erfassung aller Blitze erfordert aber auch die zuverl\u00e4ssige Peilung schwacher Teilblitze, welche nicht immer anhand der Signalform eindeutig zu erkennen sind. Daher hat nowcast eine Peilung aller Blitzsignale implementiert, die unabh\u00e4ngig von der speziellen Signalform arbeitet. Damit ergab sich eine deutlich h\u00f6here Nachweiswahrscheinlichkeit f\u00fcr schwache Blitze.<\/p>\n<p>Interessanterweise gibt es auch Bodenblitze, die nach einem klassischen \u201aReturn Stroke\u2019 in einem eigenen Blitzkanal auftreten und nicht die typische Signalform aufweisen. Diese werden von LINET, jedoch nicht von anderen Blitzortungssystemen erfasst (Stolzenburg et al., \u201cStroke-Like Upward Illumination Occurring Within a Few Milliseconds After Lightning Return Strokes\u201d, submitted to JGRD, 2012).<\/p>\n<p>Das von nowcast\u00a0gew\u00e4hlte Verfahren ist unerl\u00e4sslich, wenn auch Wolkeblitze effizient geortet werden sollen. Diese weisen n\u00e4mlich vielf\u00e4ltigste Signalformen auf, die sich nicht leicht kategorisieren lassen. Daher bietet LINET \u201aTotal Lightning\u2019 an, d.h. die effiziente Meldung von Boden- und Wolkeblitzen. Dies ist f\u00fcr die Erkennung von Gewitterentwicklungen von wesentlicher Bedeutung.<\/p>\n<p>Die Nachweiswahrscheinlichkeit wird von nowcast anhand der detektierten Blitzstromst\u00e4rken (Ampere) angegeben, jedoch nicht in Prozent, wie dies sonst allgemein \u00fcblich ist. Der Grund daf\u00fcr liegt darin, dass in Wahrheit nicht bekannt ist, wie viele Blitze es insgesamt gibt. Insbesondere bei Wolkeblitzen ist g\u00e4nzlich unbekannt, wie viele schwache Entladungen tats\u00e4chlich auftreten. Bei der von nowcast empfohlenen Sensordichte werden jedoch repr\u00e4sentativ ausreichend viele Wolkeblitze erfasst. In den vergangenen Jahren haben nowcast sowie Kunden und Partner von nowcast mit vielen anderen Netzen Datenvergleiche durchgef\u00fchrt und stets festgestellt, dass nowcast deutlich mehr Blitzereignisse lokalisiert als jedes andere Niederfrequenz-System.<\/p>\n<p>Im Jahr 2010 hat nowcast einen Datenvergleich mit dem hochspezialisierten lokalen Blitzortungssystem der NASA f\u00fcr das Kennedy Space Center in Florida vorgenommen. Es misst sowohl Blitze im hochfrequenten als auch schwache Leitblitzentladungen (\u201aLeader Steps\u2019) im niederfrequenten Bereich und erm\u00f6glicht damit eine hocheffiziente Erfassung von Wolkeentladungen. Wie sich herausstellte, misst das nowcast-Netz genauso viele Wolkeblitze (Gesamtblitze, \u201aCloud Flashes\u2019), wie das NASA-System und kann damit das Qualit\u00e4tssiegel \u201eTotal Lightning\u201c f\u00fcr sich in Anspruch nehmen.<\/p>\n<\/div><\/section><\/div>\n","protected":false},"excerpt":{"rendered":"","protected":false},"author":12,"featured_media":0,"parent":0,"menu_order":0,"comment_status":"closed","ping_status":"closed","template":"","meta":{"_relevanssi_hide_post":"","_relevanssi_hide_content":"","_relevanssi_pin_for_all":"","_relevanssi_pin_keywords":"","_relevanssi_unpin_keywords":"","_relevanssi_related_keywords":"","_relevanssi_related_include_ids":"","_relevanssi_related_exclude_ids":"","_relevanssi_related_no_append":"","_relevanssi_related_not_related":"","_relevanssi_related_posts":"","_relevanssi_noindex_reason":""},"acf":[],"yoast_head":"<!-- This site is optimized with the Yoast SEO plugin v19.10 - https:\/\/yoast.com\/wordpress\/plugins\/seo\/ -->\n<title>Erfassung schwacher Signale - nowcast<\/title>\n<meta name=\"robots\" content=\"index, follow, max-snippet:-1, max-image-preview:large, max-video-preview:-1\" \/>\n<link rel=\"canonical\" href=\"https:\/\/www.nowcast.de\/de\/erfassung-schwacher-signale\/\" \/>\n<meta property=\"og:locale\" content=\"de_DE\" \/>\n<meta property=\"og:type\" content=\"article\" \/>\n<meta property=\"og:title\" content=\"Erfassung schwacher Signale - nowcast\" \/>\n<meta property=\"og:url\" content=\"https:\/\/www.nowcast.de\/de\/erfassung-schwacher-signale\/\" \/>\n<meta property=\"og:site_name\" content=\"nowcast\" \/>\n<meta property=\"article:modified_time\" content=\"2020-11-18T09:38:28+00:00\" \/>\n<meta name=\"twitter:card\" content=\"summary_large_image\" \/>\n<meta name=\"twitter:label1\" content=\"Gesch\u00e4tzte Lesezeit\" \/>\n\t<meta name=\"twitter:data1\" content=\"4 Minuten\" \/>\n<script type=\"application\/ld+json\" class=\"yoast-schema-graph\">{\"@context\":\"https:\/\/schema.org\",\"@graph\":[{\"@type\":\"WebPage\",\"@id\":\"https:\/\/www.nowcast.de\/de\/erfassung-schwacher-signale\/\",\"url\":\"https:\/\/www.nowcast.de\/de\/erfassung-schwacher-signale\/\",\"name\":\"Erfassung schwacher Signale - nowcast\",\"isPartOf\":{\"@id\":\"https:\/\/www.nowcast.de\/de\/#website\"},\"datePublished\":\"2019-04-09T13:44:27+00:00\",\"dateModified\":\"2020-11-18T09:38:28+00:00\",\"breadcrumb\":{\"@id\":\"https:\/\/www.nowcast.de\/de\/erfassung-schwacher-signale\/#breadcrumb\"},\"inLanguage\":\"de-DE\",\"potentialAction\":[{\"@type\":\"ReadAction\",\"target\":[\"https:\/\/www.nowcast.de\/de\/erfassung-schwacher-signale\/\"]}]},{\"@type\":\"BreadcrumbList\",\"@id\":\"https:\/\/www.nowcast.de\/de\/erfassung-schwacher-signale\/#breadcrumb\",\"itemListElement\":[{\"@type\":\"ListItem\",\"position\":1,\"name\":\"Startseite\",\"item\":\"https:\/\/www.nowcast.de\/de\/\"},{\"@type\":\"ListItem\",\"position\":2,\"name\":\"Erfassung schwacher Signale\"}]},{\"@type\":\"WebSite\",\"@id\":\"https:\/\/www.nowcast.de\/de\/#website\",\"url\":\"https:\/\/www.nowcast.de\/de\/\",\"name\":\"nowcast\",\"description\":\"Lightning.Detected.\",\"publisher\":{\"@id\":\"https:\/\/www.nowcast.de\/de\/#organization\"},\"potentialAction\":[{\"@type\":\"SearchAction\",\"target\":{\"@type\":\"EntryPoint\",\"urlTemplate\":\"https:\/\/www.nowcast.de\/de\/?s={search_term_string}\"},\"query-input\":\"required name=search_term_string\"}],\"inLanguage\":\"de-DE\"},{\"@type\":\"Organization\",\"@id\":\"https:\/\/www.nowcast.de\/de\/#organization\",\"name\":\"nowcast GmbH\",\"url\":\"https:\/\/www.nowcast.de\/de\/\",\"logo\":{\"@type\":\"ImageObject\",\"inLanguage\":\"de-DE\",\"@id\":\"https:\/\/www.nowcast.de\/de\/#\/schema\/logo\/image\/\",\"url\":\"https:\/\/www.nowcast.de\/wp-content\/uploads\/2020\/07\/logo-nowcast_lightning-detected_rgb.png\",\"contentUrl\":\"https:\/\/www.nowcast.de\/wp-content\/uploads\/2020\/07\/logo-nowcast_lightning-detected_rgb.png\",\"width\":800,\"height\":355,\"caption\":\"nowcast GmbH\"},\"image\":{\"@id\":\"https:\/\/www.nowcast.de\/de\/#\/schema\/logo\/image\/\"}}]}<\/script>\n<!-- \/ Yoast SEO plugin. -->","yoast_head_json":{"title":"Erfassung schwacher Signale - nowcast","robots":{"index":"index","follow":"follow","max-snippet":"max-snippet:-1","max-image-preview":"max-image-preview:large","max-video-preview":"max-video-preview:-1"},"canonical":"https:\/\/www.nowcast.de\/de\/erfassung-schwacher-signale\/","og_locale":"de_DE","og_type":"article","og_title":"Erfassung schwacher Signale - nowcast","og_url":"https:\/\/www.nowcast.de\/de\/erfassung-schwacher-signale\/","og_site_name":"nowcast","article_modified_time":"2020-11-18T09:38:28+00:00","twitter_card":"summary_large_image","twitter_misc":{"Gesch\u00e4tzte Lesezeit":"4 Minuten"},"schema":{"@context":"https:\/\/schema.org","@graph":[{"@type":"WebPage","@id":"https:\/\/www.nowcast.de\/de\/erfassung-schwacher-signale\/","url":"https:\/\/www.nowcast.de\/de\/erfassung-schwacher-signale\/","name":"Erfassung schwacher Signale - nowcast","isPartOf":{"@id":"https:\/\/www.nowcast.de\/de\/#website"},"datePublished":"2019-04-09T13:44:27+00:00","dateModified":"2020-11-18T09:38:28+00:00","breadcrumb":{"@id":"https:\/\/www.nowcast.de\/de\/erfassung-schwacher-signale\/#breadcrumb"},"inLanguage":"de-DE","potentialAction":[{"@type":"ReadAction","target":["https:\/\/www.nowcast.de\/de\/erfassung-schwacher-signale\/"]}]},{"@type":"BreadcrumbList","@id":"https:\/\/www.nowcast.de\/de\/erfassung-schwacher-signale\/#breadcrumb","itemListElement":[{"@type":"ListItem","position":1,"name":"Startseite","item":"https:\/\/www.nowcast.de\/de\/"},{"@type":"ListItem","position":2,"name":"Erfassung schwacher Signale"}]},{"@type":"WebSite","@id":"https:\/\/www.nowcast.de\/de\/#website","url":"https:\/\/www.nowcast.de\/de\/","name":"nowcast","description":"Lightning.Detected.","publisher":{"@id":"https:\/\/www.nowcast.de\/de\/#organization"},"potentialAction":[{"@type":"SearchAction","target":{"@type":"EntryPoint","urlTemplate":"https:\/\/www.nowcast.de\/de\/?s={search_term_string}"},"query-input":"required name=search_term_string"}],"inLanguage":"de-DE"},{"@type":"Organization","@id":"https:\/\/www.nowcast.de\/de\/#organization","name":"nowcast GmbH","url":"https:\/\/www.nowcast.de\/de\/","logo":{"@type":"ImageObject","inLanguage":"de-DE","@id":"https:\/\/www.nowcast.de\/de\/#\/schema\/logo\/image\/","url":"https:\/\/www.nowcast.de\/wp-content\/uploads\/2020\/07\/logo-nowcast_lightning-detected_rgb.png","contentUrl":"https:\/\/www.nowcast.de\/wp-content\/uploads\/2020\/07\/logo-nowcast_lightning-detected_rgb.png","width":800,"height":355,"caption":"nowcast GmbH"},"image":{"@id":"https:\/\/www.nowcast.de\/de\/#\/schema\/logo\/image\/"}}]}},"_links":{"self":[{"href":"https:\/\/www.nowcast.de\/de\/wp-json\/wp\/v2\/pages\/567"}],"collection":[{"href":"https:\/\/www.nowcast.de\/de\/wp-json\/wp\/v2\/pages"}],"about":[{"href":"https:\/\/www.nowcast.de\/de\/wp-json\/wp\/v2\/types\/page"}],"author":[{"embeddable":true,"href":"https:\/\/www.nowcast.de\/de\/wp-json\/wp\/v2\/users\/12"}],"replies":[{"embeddable":true,"href":"https:\/\/www.nowcast.de\/de\/wp-json\/wp\/v2\/comments?post=567"}],"version-history":[{"count":5,"href":"https:\/\/www.nowcast.de\/de\/wp-json\/wp\/v2\/pages\/567\/revisions"}],"predecessor-version":[{"id":4392,"href":"https:\/\/www.nowcast.de\/de\/wp-json\/wp\/v2\/pages\/567\/revisions\/4392"}],"wp:attachment":[{"href":"https:\/\/www.nowcast.de\/de\/wp-json\/wp\/v2\/media?parent=567"}],"curies":[{"name":"wp","href":"https:\/\/api.w.org\/{rel}","templated":true}]}}