{"id":528,"date":"2019-04-09T12:45:33","date_gmt":"2019-04-09T10:45:33","guid":{"rendered":"https:\/\/www.nowcast.de\/?page_id=528"},"modified":"2019-11-19T09:49:16","modified_gmt":"2019-11-19T08:49:16","slug":"das-einzigartige-design-von-linet","status":"publish","type":"page","link":"https:\/\/www.nowcast.de\/de\/blitzortung\/das-einzigartige-design-von-linet\/","title":{"rendered":"Das einzigartige Design von LINET"},"content":{"rendered":"\n<style type=\"text\/css\" data-created_by=\"avia_inline_auto\" id=\"style-css-av-1b6oew-cae5a1b4df48cfb3ce3697a88890377f\">\n.flex_column.av-1b6oew-cae5a1b4df48cfb3ce3697a88890377f{\n-webkit-border-radius:0px 0px 0px 0px;\n-moz-border-radius:0px 0px 0px 0px;\nborder-radius:0px 0px 0px 0px;\npadding:0px 0px 0px 0px;\n}\n<\/style>\n<div class='flex_column av-1b6oew-cae5a1b4df48cfb3ce3697a88890377f av_one_full  avia-builder-el-0  el_before_av_one_full  avia-builder-el-first  first flex_column_div av-zero-column-padding '     ><div  class='avia-slideshow av-3ras0-c0b8f60c0f64ad27f921b6d137db19f2 avia-slideshow-featured av_slideshow avia-slide-slider  avia-builder-el-1  avia-builder-el-no-sibling  av-slideshow-ui av-control-default av-slideshow-manual av-loop-once av-loop-manual-endless av-default-height-applied avia-slideshow-1' data-slideshow-options=\"{&quot;animation&quot;:&quot;slide&quot;,&quot;autoplay&quot;:false,&quot;loop_autoplay&quot;:&quot;once&quot;,&quot;interval&quot;:5,&quot;loop_manual&quot;:&quot;manual-endless&quot;,&quot;autoplay_stopper&quot;:false,&quot;noNavigation&quot;:false,&quot;bg_slider&quot;:false,&quot;keep_padding&quot;:false,&quot;hoverpause&quot;:false,&quot;show_slide_delay&quot;:0}\"  itemprop=\"image\" itemscope=\"itemscope\" itemtype=\"https:\/\/schema.org\/ImageObject\" ><ul class='avia-slideshow-inner ' style='padding-bottom: 28.666666666667%;'><li  class='avia-slideshow-slide av-3ras0-c0b8f60c0f64ad27f921b6d137db19f2__0  av-single-slide slide-1 slide-odd'><div data-rel='slideshow-1' class='avia-slide-wrap '   ><img decoding=\"async\" class=\"wp-image-1328 avia-img-lazy-loading-not-1328\"  src=\"https:\/\/www.nowcast.de\/wp-content\/uploads\/2019\/11\/Blitzantenne_5-1500x430.jpg\" width=\"1500\" height=\"430\" title='Blitzantenne_5' alt=''  itemprop=\"thumbnailUrl\" srcset=\"https:\/\/www.nowcast.de\/wp-content\/uploads\/2019\/11\/Blitzantenne_5.jpg 1500w, https:\/\/www.nowcast.de\/wp-content\/uploads\/2019\/11\/Blitzantenne_5-350x100.jpg 350w, https:\/\/www.nowcast.de\/wp-content\/uploads\/2019\/11\/Blitzantenne_5-1030x295.jpg 1030w, https:\/\/www.nowcast.de\/wp-content\/uploads\/2019\/11\/Blitzantenne_5-768x220.jpg 768w, https:\/\/www.nowcast.de\/wp-content\/uploads\/2019\/11\/Blitzantenne_5-705x202.jpg 705w, https:\/\/www.nowcast.de\/wp-content\/uploads\/2019\/11\/Blitzantenne_5-128x37.jpg 128w\" sizes=\"(max-width: 1500px) 100vw, 1500px\" \/><\/div><\/li><\/ul><\/div><\/div>\n\n<style type=\"text\/css\" data-created_by=\"avia_inline_auto\" id=\"style-css-av-xgogo-9a3e91a744fe97a6fd031ba8e4eb1930\">\n.flex_column.av-xgogo-9a3e91a744fe97a6fd031ba8e4eb1930{\n-webkit-border-radius:0px 0px 0px 0px;\n-moz-border-radius:0px 0px 0px 0px;\nborder-radius:0px 0px 0px 0px;\npadding:0px 0px 0px 0px;\n}\n<\/style>\n<div class='flex_column av-xgogo-9a3e91a744fe97a6fd031ba8e4eb1930 av_one_full  avia-builder-el-2  el_after_av_one_full  el_before_av_one_full  first flex_column_div av-zero-column-padding column-top-margin'     ><style type=\"text\/css\" data-created_by=\"avia_inline_auto\" id=\"style-css-av-ju9orba2-f88c25ce9db45d96d6ba2e4e4f8e41e7\">\n#top .av-special-heading.av-ju9orba2-f88c25ce9db45d96d6ba2e4e4f8e41e7{\npadding-bottom:10px;\n}\nbody .av-special-heading.av-ju9orba2-f88c25ce9db45d96d6ba2e4e4f8e41e7 .av-special-heading-tag .heading-char{\nfont-size:25px;\n}\n.av-special-heading.av-ju9orba2-f88c25ce9db45d96d6ba2e4e4f8e41e7 .av-subheading{\nfont-size:15px;\n}\n<\/style>\n<div  class='av-special-heading av-ju9orba2-f88c25ce9db45d96d6ba2e4e4f8e41e7 av-special-heading-h3  avia-builder-el-3  avia-builder-el-no-sibling '><h3 class='av-special-heading-tag'  itemprop=\"headline\"  >Das einzigartige Design von LINET<\/h3><div class=\"special-heading-border\"><div class=\"special-heading-inner-border\"><\/div><\/div><\/div><\/div>\n\n<style type=\"text\/css\" data-created_by=\"avia_inline_auto\" id=\"style-css-av-siw00-b22d48fbd0ba2f73d53fa2d10281338e\">\n.flex_column.av-siw00-b22d48fbd0ba2f73d53fa2d10281338e{\n-webkit-border-radius:0px 0px 0px 0px;\n-moz-border-radius:0px 0px 0px 0px;\nborder-radius:0px 0px 0px 0px;\npadding:0px 0px 0px 0px;\n}\n<\/style>\n<div class='flex_column av-siw00-b22d48fbd0ba2f73d53fa2d10281338e av_one_full  avia-builder-el-4  el_after_av_one_full  avia-builder-el-last  first flex_column_div av-zero-column-padding column-top-margin'     ><div  class='avia-icon-list-container av-ju9npt9e-4a4784f3cdf6e0b72f6eed2db62e82a4  avia-builder-el-5  avia-builder-el-no-sibling '><ul class='avia-icon-list avia_animate_when_almost_visible avia-icon-list-left av-iconlist-big av-ju9npt9e-4a4784f3cdf6e0b72f6eed2db62e82a4 avia-iconlist-animate'>\n<li><div class='iconlist_icon av-n5ru8-6d9f05a8fa350d5f1c55248d034501d6 avia-font-entypo-fontello'><span class='iconlist-char' aria-hidden='true' data-av_icon='\ue809' data-av_iconfont='entypo-fontello'><\/span><\/div><article class=\"article-icon-entry \"  itemscope=\"itemscope\" itemtype=\"https:\/\/schema.org\/CreativeWork\" ><div class=\"iconlist_content_wrap\"><header class=\"entry-content-header\"><h4 class='av_iconlist_title iconlist_title  '  itemprop=\"headline\" >Patentierte 3D-Peilung<\/h4><\/header><div class='iconlist_content '  itemprop=\"text\" ><h4><\/h4>\n<h4><\/h4>\n<p><strong>Die patentierte Niederfrequenz-3D-Peilung verarbeitet verlustfrei alle gemessenen Wolke- und Bodenblitzsignale.<\/strong><\/p>\n<p><img decoding=\"async\" class=\"size-medium wp-image-533 alignleft\" src=\"https:\/\/www.nowcast.de\/wp-content\/uploads\/2019\/04\/USP_Infografik_3D_Peilung_nowcast_de-350x232.png\" alt=\"\" width=\"350\" height=\"232\" srcset=\"https:\/\/www.nowcast.de\/wp-content\/uploads\/2019\/04\/USP_Infografik_3D_Peilung_nowcast_de-350x232.png 350w, https:\/\/www.nowcast.de\/wp-content\/uploads\/2019\/04\/USP_Infografik_3D_Peilung_nowcast_de-705x466.png 705w, https:\/\/www.nowcast.de\/wp-content\/uploads\/2019\/04\/USP_Infografik_3D_Peilung_nowcast_de-128x85.png 128w, https:\/\/www.nowcast.de\/wp-content\/uploads\/2019\/04\/USP_Infografik_3D_Peilung_nowcast_de.png 768w\" sizes=\"(max-width: 350px) 100vw, 350px\" \/>LINET unterscheidet nicht nur Wolkeblitze von Bodenblitzen, sondern erfasst zus\u00e4tzlich die H\u00f6he der Wolkeblitze. nowcast hat dazu den \u201eTime of Arrival\u201c-Algorithmus perfektioniert und alle relevanten Einfl\u00fcsse der Umgebung auf die elektromagnetische Strahlung des Blitzes auf ihrem Weg bis zum Sensor modelliert. Dadurch wird eine Bestimmung der Blitzh\u00f6he aufgrund des TOA-Verfahrens erst m\u00f6glich. Es k\u00f6nnen alle gemessenen elektromagnetischen Signale zur Lokalisierung des Blitzes verwendet werden, denn kein Blitzsignal muss aufgrund einer schlecht identifizierbaren Wellenform verworfen werden.<\/p>\n<p>Die Ortung der Wolkeblitze erfolgt dabei \u00fcber das Niederfrequenzspektrum (LF\/VLF). Dadurch wird die fl\u00e4chendeckende Wolkeblitzortung bei Sensorabst\u00e4nden von bis zu 250 km m\u00f6glich. Diese innovative Methode der Wolkeblitzortung wurde von nowcast erfunden und patentiert. Die 3D-Peilung ist nur aufgrund der Pr\u00e4zision und Sensitivit\u00e4t des Gesamtsystems zu erzielen.<\/p>\n<p>Im Vergleich mit hochspezialisierten Forschungssystemen hat sich gezeigt, dass die H\u00f6henangaben f\u00fcr Wolkeblitze von LINET durchwegs mit den Messungen des Referenzsystems \u00fcbereinstimmen.*<\/p>\n<p>*Quelle: Stolzenburg et al., 2010<\/p>\n<p><img decoding=\"async\" class=\"size-medium wp-image-535 alignleft\" src=\"https:\/\/www.nowcast.de\/wp-content\/uploads\/2019\/04\/USP_Infografik_3D_Peilung_herkoemml_Systeme_de-350x232.png\" alt=\"\" width=\"350\" height=\"232\" srcset=\"https:\/\/www.nowcast.de\/wp-content\/uploads\/2019\/04\/USP_Infografik_3D_Peilung_herkoemml_Systeme_de-350x232.png 350w, https:\/\/www.nowcast.de\/wp-content\/uploads\/2019\/04\/USP_Infografik_3D_Peilung_herkoemml_Systeme_de-705x466.png 705w, https:\/\/www.nowcast.de\/wp-content\/uploads\/2019\/04\/USP_Infografik_3D_Peilung_herkoemml_Systeme_de-128x85.png 128w, https:\/\/www.nowcast.de\/wp-content\/uploads\/2019\/04\/USP_Infografik_3D_Peilung_herkoemml_Systeme_de.png 768w\" sizes=\"(max-width: 350px) 100vw, 350px\" \/>Herk\u00f6mmliche fl\u00e4chendeckende Blitzmesssysteme (LF\/VLF) k\u00f6nnen die H\u00f6he von Wolkeblitzen nicht bestimmen. Zur Unterscheidung von Wolke- und Bodenblitzen wenden sie die Methode \u201eWaveform Discrimination\u201c an, die einen erheblichen Teil der gemessenen Daten aussortiert, da sie nicht in das Schema der Diskriminierungsmethode passen. Diese Blitze fehlen dann in der Datenbank.<br \/>\nHochfrequenzsysteme (HF\/VHF), die die H\u00f6he von Wolkeblitzen teilweise erfassen k\u00f6nnen, sind aufgrund der Natur von Hochfrequenzsignalen auf k\u00fcrzere Sensorabst\u00e4nde \u2013 also h\u00f6here Installationskosten \u2013 angewiesen und leiden dar\u00fcber hinaus stark unter St\u00f6reinfl\u00fcssen im Hochfrequenzspektrum.<\/p>\n<\/div><\/div><footer class=\"entry-footer\"><\/footer><\/article><div class=\"iconlist-timeline\"><\/div><\/li>\n<li><div class='iconlist_icon av-av_iconlist_item-ea33ed67c970febbd399dde478a8406a avia-font-entypo-fontello'><span class='iconlist-char' aria-hidden='true' data-av_icon='\ue84b' data-av_iconfont='entypo-fontello'><\/span><\/div><article class=\"article-icon-entry \"  itemscope=\"itemscope\" itemtype=\"https:\/\/schema.org\/CreativeWork\" ><div class=\"iconlist_content_wrap\"><header class=\"entry-content-header\"><h4 class='av_iconlist_title iconlist_title  '  itemprop=\"headline\" >Unerreichte Nachweiswahrscheinlichkeit<\/h4><\/header><div class='iconlist_content '  itemprop=\"text\" ><p><strong>Weil LINET auch sehr schwache Blitze erfasst, verf\u00fcgt es \u00fcber eine herausragende Nachweiswahrscheinlichkeit f\u00fcr Boden- und Wolkeblitze.<\/strong><\/p>\n<p><img decoding=\"async\" class=\"size-medium wp-image-545 alignleft\" src=\"https:\/\/www.nowcast.de\/wp-content\/uploads\/2019\/04\/USP_Infografik_Nachweiswahrscheinlichkeit_nowcast_de-350x232.png\" alt=\"\" width=\"350\" height=\"232\" srcset=\"https:\/\/www.nowcast.de\/wp-content\/uploads\/2019\/04\/USP_Infografik_Nachweiswahrscheinlichkeit_nowcast_de-350x232.png 350w, https:\/\/www.nowcast.de\/wp-content\/uploads\/2019\/04\/USP_Infografik_Nachweiswahrscheinlichkeit_nowcast_de-705x466.png 705w, https:\/\/www.nowcast.de\/wp-content\/uploads\/2019\/04\/USP_Infografik_Nachweiswahrscheinlichkeit_nowcast_de-128x85.png 128w, https:\/\/www.nowcast.de\/wp-content\/uploads\/2019\/04\/USP_Infografik_Nachweiswahrscheinlichkeit_nowcast_de.png 768w\" sizes=\"(max-width: 350px) 100vw, 350px\" \/>Die hohe Sensitivit\u00e4t von LINET erm\u00f6glicht dem System auch eine Messung \u00e4u\u00dferst schwacher Signale. Dadurch werden Blitze mit niedrigsten Stromst\u00e4rken erfasst. Folglich detektiert LINET einen repr\u00e4sentativen Anteil von Wolkeblitzen und dar\u00fcber hinaus auch schwache Bodenblitze, die von anderen Systemen nicht gemessen werden k\u00f6nnen.<\/p>\n<p>In diversen Forschungskampagnen konnte nachgewiesen werden, dass LINET Bodenblitze mit weniger als 4 kA Stromst\u00e4rke, die von anderen Systemen nicht gemessen wurden, korrekt erfasst und lokalisiert. Optische Aufzeichnungen von Kameras identifizierten entsprechende Blitze eindeutig als Bodenblitze.*<\/p>\n<p>*Quelle: Stolzenburg et al., 2010<\/p>\n<p><img decoding=\"async\" class=\"size-medium wp-image-551 alignleft\" src=\"https:\/\/www.nowcast.de\/wp-content\/uploads\/2019\/04\/USP_Infografik_Nachweiswahrscheinlichkeit_herkoemml_Systeme-350x232.png\" alt=\"\" width=\"350\" height=\"232\" srcset=\"https:\/\/www.nowcast.de\/wp-content\/uploads\/2019\/04\/USP_Infografik_Nachweiswahrscheinlichkeit_herkoemml_Systeme-350x232.png 350w, https:\/\/www.nowcast.de\/wp-content\/uploads\/2019\/04\/USP_Infografik_Nachweiswahrscheinlichkeit_herkoemml_Systeme-705x466.png 705w, https:\/\/www.nowcast.de\/wp-content\/uploads\/2019\/04\/USP_Infografik_Nachweiswahrscheinlichkeit_herkoemml_Systeme-128x85.png 128w, https:\/\/www.nowcast.de\/wp-content\/uploads\/2019\/04\/USP_Infografik_Nachweiswahrscheinlichkeit_herkoemml_Systeme.png 768w\" sizes=\"(max-width: 350px) 100vw, 350px\" \/>Herk\u00f6mmliche Blitzmesssysteme k\u00f6nnen aufgrund ihres weniger effizienten Gesamtdesigns schwache Blitze kaum oder nur sehr ungenau erfassen. Schwache Bodenblitze k\u00f6nnen jedoch erhebliche Sch\u00e4den verursachen. Der Anteil schwacher Bodenblitze ist nach aktuellen Erkenntnissen deutlich h\u00f6her als bisher angenommen.<\/p>\n<p>F\u00fcr die repr\u00e4sentative Erfassung von Wolkeblitzen ist die Messung schwacher Blitzsignale eine zwangsl\u00e4ufige Voraussetzung. Der weitaus gr\u00f6\u00dfte Teil der Wolkeblitze weist Stromst\u00e4rken von weniger als 6 kA auf.<\/p>\n<\/div><\/div><footer class=\"entry-footer\"><\/footer><\/article><div class=\"iconlist-timeline\"><\/div><\/li>\n<li><div class='iconlist_icon av-8iicw-001ed85ac068e4851b18d9db2c52cb4a avia-font-entypo-fontello'><span class='iconlist-char' aria-hidden='true' data-av_icon='\ue8ae' data-av_iconfont='entypo-fontello'><\/span><\/div><article class=\"article-icon-entry \"  itemscope=\"itemscope\" itemtype=\"https:\/\/schema.org\/CreativeWork\" ><div class=\"iconlist_content_wrap\"><header class=\"entry-content-header\"><h4 class='av_iconlist_title iconlist_title  '  itemprop=\"headline\" >Un\u00fcbertroffene Lokalisierungsgenauigkeit<\/h4><\/header><div class='iconlist_content '  itemprop=\"text\" ><p><strong>Die hohe Nachweiswahrscheinlichkeit erlaubt die Lokalisierung von Blitzen mit mindestens 5 Sensoren \u2013 die unverzichtbare Voraussetzung f\u00fcr unerreichte Lokalisierungsgenauigkeit und minimale Streuung.<\/strong><\/p>\n<p><img decoding=\"async\" class=\"size-medium wp-image-552 alignleft\" src=\"https:\/\/www.nowcast.de\/wp-content\/uploads\/2019\/04\/USP_Infografik_Lokalisierung_Nowcast-350x232.png\" alt=\"\" width=\"350\" height=\"232\" srcset=\"https:\/\/www.nowcast.de\/wp-content\/uploads\/2019\/04\/USP_Infografik_Lokalisierung_Nowcast-350x232.png 350w, https:\/\/www.nowcast.de\/wp-content\/uploads\/2019\/04\/USP_Infografik_Lokalisierung_Nowcast-705x466.png 705w, https:\/\/www.nowcast.de\/wp-content\/uploads\/2019\/04\/USP_Infografik_Lokalisierung_Nowcast-128x85.png 128w, https:\/\/www.nowcast.de\/wp-content\/uploads\/2019\/04\/USP_Infografik_Lokalisierung_Nowcast.png 768w\" sizes=\"(max-width: 350px) 100vw, 350px\" \/><\/p>\n<p>Im Laufe der Forschung von nowcast wurden viele Versuche mit unterschiedlichen Lokalisierungsmethoden durchgef\u00fchrt. Es hat sich gezeigt, dass eine Verwendung der Methode \u201eDirection Finding\u201c, die ab einer Anzahl von zwei Sensoren m\u00f6glich ist, zu unerw\u00fcnscht gro\u00dfen Fehlpeilungen f\u00fchrt. Die \u201eTime of Arrival\u201c Methode hingegen konnte mithilfe zahlreicher Optimierungen soweit perfektioniert werden, dass Blitze auf etwa 75 Meter genau (Mittelwert mit geringer Streuung) lokalisiert werden.<\/p>\n<p>Folge der pr\u00e4zisen Messung sind scharfe und naturgetreue Abbildungen der realen Gewittersituation. Neben einer zuverl\u00e4ssigen Datenbasis f\u00fcr die Analyse von Sch\u00e4den durch Blitzeinschl\u00e4ge ist dies auch eine Voraussetzung f\u00fcr Cell-Tracking und Nowcasting.<br \/>\nDie Qualit\u00e4t der Ortungsgenauigkeit wird regelm\u00e4\u00dfig \u00fcber den Datenabgleich mit nachgewiesenen Einschl\u00e4gen in T\u00fcrme und Messeinrichtungen kontrolliert.<\/p>\n<p><img decoding=\"async\" class=\"size-medium wp-image-554 alignleft\" src=\"https:\/\/www.nowcast.de\/wp-content\/uploads\/2019\/04\/USP_Infografik_Lokalisierung_herkoemml_Systeme-350x232.png\" alt=\"\" width=\"350\" height=\"232\" srcset=\"https:\/\/www.nowcast.de\/wp-content\/uploads\/2019\/04\/USP_Infografik_Lokalisierung_herkoemml_Systeme-350x232.png 350w, https:\/\/www.nowcast.de\/wp-content\/uploads\/2019\/04\/USP_Infografik_Lokalisierung_herkoemml_Systeme-705x466.png 705w, https:\/\/www.nowcast.de\/wp-content\/uploads\/2019\/04\/USP_Infografik_Lokalisierung_herkoemml_Systeme-128x85.png 128w, https:\/\/www.nowcast.de\/wp-content\/uploads\/2019\/04\/USP_Infografik_Lokalisierung_herkoemml_Systeme.png 768w\" sizes=\"(max-width: 350px) 100vw, 350px\" \/>Herk\u00f6mmliche Blitzmesssysteme nutzen &#8222;Directional Finding&#8220; mit zwei Sensoren, um schw\u00e4chere Blitze orten zu k\u00f6nnen, die sonst gar nicht erfasst werden w\u00fcrden. Dabei werden Fehlpeilungen von mehreren Kilometern in Kauf genommen. Diese Fehlpeilungen erzeugen nicht nur ein unscharfes Bild der Gewittersituation, sie liefern auch im Nachgang unzuverl\u00e4ssige Informationen \u00fcber Blitzeinschl\u00e4ge, die Sch\u00e4den verursacht haben.<\/p>\n<p>Ohne \u201eDirectional Finding m\u00fcssten diese Blitzmesssysteme allerdings auf einen erheblichen Anteil der gemessenen Blitze verzichten.<\/p>\n<\/div><\/div><footer class=\"entry-footer\"><\/footer><\/article><div class=\"iconlist-timeline\"><\/div><\/li>\n<\/ul><\/div><\/div>\n","protected":false},"excerpt":{"rendered":"","protected":false},"author":12,"featured_media":0,"parent":581,"menu_order":0,"comment_status":"closed","ping_status":"closed","template":"","meta":{"_relevanssi_hide_post":"","_relevanssi_hide_content":"","_relevanssi_pin_for_all":"","_relevanssi_pin_keywords":"","_relevanssi_unpin_keywords":"","_relevanssi_related_keywords":"","_relevanssi_related_include_ids":"","_relevanssi_related_exclude_ids":"","_relevanssi_related_no_append":"","_relevanssi_related_not_related":"","_relevanssi_related_posts":"","_relevanssi_noindex_reason":""},"acf":[],"yoast_head":"<!-- This site is optimized with the Yoast SEO plugin v19.10 - https:\/\/yoast.com\/wordpress\/plugins\/seo\/ -->\n<title>Das einzigartige Design von LINET - nowcast<\/title>\n<meta name=\"robots\" content=\"index, follow, max-snippet:-1, max-image-preview:large, max-video-preview:-1\" \/>\n<link rel=\"canonical\" href=\"https:\/\/www.nowcast.de\/de\/blitzortung\/das-einzigartige-design-von-linet\/\" \/>\n<meta property=\"og:locale\" content=\"de_DE\" \/>\n<meta property=\"og:type\" content=\"article\" \/>\n<meta property=\"og:title\" content=\"Das einzigartige Design von LINET - nowcast\" \/>\n<meta property=\"og:url\" content=\"https:\/\/www.nowcast.de\/de\/blitzortung\/das-einzigartige-design-von-linet\/\" \/>\n<meta property=\"og:site_name\" content=\"nowcast\" \/>\n<meta property=\"article:modified_time\" content=\"2019-11-19T08:49:16+00:00\" \/>\n<meta property=\"og:image\" content=\"https:\/\/www.nowcast.de\/wp-content\/uploads\/2019\/04\/USP_Infografik_3D_Peilung_nowcast_de-350x232.png\" \/>\n<meta name=\"twitter:card\" content=\"summary_large_image\" \/>\n<meta name=\"twitter:label1\" content=\"Gesch\u00e4tzte Lesezeit\" \/>\n\t<meta name=\"twitter:data1\" content=\"6 Minuten\" \/>\n<script type=\"application\/ld+json\" class=\"yoast-schema-graph\">{\"@context\":\"https:\/\/schema.org\",\"@graph\":[{\"@type\":\"WebPage\",\"@id\":\"https:\/\/www.nowcast.de\/de\/blitzortung\/das-einzigartige-design-von-linet\/\",\"url\":\"https:\/\/www.nowcast.de\/de\/blitzortung\/das-einzigartige-design-von-linet\/\",\"name\":\"Das einzigartige Design von LINET - nowcast\",\"isPartOf\":{\"@id\":\"https:\/\/www.nowcast.de\/de\/#website\"},\"datePublished\":\"2019-04-09T10:45:33+00:00\",\"dateModified\":\"2019-11-19T08:49:16+00:00\",\"breadcrumb\":{\"@id\":\"https:\/\/www.nowcast.de\/de\/blitzortung\/das-einzigartige-design-von-linet\/#breadcrumb\"},\"inLanguage\":\"de-DE\",\"potentialAction\":[{\"@type\":\"ReadAction\",\"target\":[\"https:\/\/www.nowcast.de\/de\/blitzortung\/das-einzigartige-design-von-linet\/\"]}]},{\"@type\":\"BreadcrumbList\",\"@id\":\"https:\/\/www.nowcast.de\/de\/blitzortung\/das-einzigartige-design-von-linet\/#breadcrumb\",\"itemListElement\":[{\"@type\":\"ListItem\",\"position\":1,\"name\":\"Startseite\",\"item\":\"https:\/\/www.nowcast.de\/de\/\"},{\"@type\":\"ListItem\",\"position\":2,\"name\":\"Blitzortung\",\"item\":\"https:\/\/www.nowcast.de\/de\/blitzortung\/\"},{\"@type\":\"ListItem\",\"position\":3,\"name\":\"Das einzigartige Design von LINET\"}]},{\"@type\":\"WebSite\",\"@id\":\"https:\/\/www.nowcast.de\/de\/#website\",\"url\":\"https:\/\/www.nowcast.de\/de\/\",\"name\":\"nowcast\",\"description\":\"Lightning.Detected.\",\"publisher\":{\"@id\":\"https:\/\/www.nowcast.de\/de\/#organization\"},\"potentialAction\":[{\"@type\":\"SearchAction\",\"target\":{\"@type\":\"EntryPoint\",\"urlTemplate\":\"https:\/\/www.nowcast.de\/de\/?s={search_term_string}\"},\"query-input\":\"required name=search_term_string\"}],\"inLanguage\":\"de-DE\"},{\"@type\":\"Organization\",\"@id\":\"https:\/\/www.nowcast.de\/de\/#organization\",\"name\":\"nowcast GmbH\",\"url\":\"https:\/\/www.nowcast.de\/de\/\",\"logo\":{\"@type\":\"ImageObject\",\"inLanguage\":\"de-DE\",\"@id\":\"https:\/\/www.nowcast.de\/de\/#\/schema\/logo\/image\/\",\"url\":\"https:\/\/www.nowcast.de\/wp-content\/uploads\/2020\/07\/logo-nowcast_lightning-detected_rgb.png\",\"contentUrl\":\"https:\/\/www.nowcast.de\/wp-content\/uploads\/2020\/07\/logo-nowcast_lightning-detected_rgb.png\",\"width\":800,\"height\":355,\"caption\":\"nowcast GmbH\"},\"image\":{\"@id\":\"https:\/\/www.nowcast.de\/de\/#\/schema\/logo\/image\/\"}}]}<\/script>\n<!-- \/ Yoast SEO plugin. -->","yoast_head_json":{"title":"Das einzigartige Design von LINET - nowcast","robots":{"index":"index","follow":"follow","max-snippet":"max-snippet:-1","max-image-preview":"max-image-preview:large","max-video-preview":"max-video-preview:-1"},"canonical":"https:\/\/www.nowcast.de\/de\/blitzortung\/das-einzigartige-design-von-linet\/","og_locale":"de_DE","og_type":"article","og_title":"Das einzigartige Design von LINET - nowcast","og_url":"https:\/\/www.nowcast.de\/de\/blitzortung\/das-einzigartige-design-von-linet\/","og_site_name":"nowcast","article_modified_time":"2019-11-19T08:49:16+00:00","og_image":[{"url":"https:\/\/www.nowcast.de\/wp-content\/uploads\/2019\/04\/USP_Infografik_3D_Peilung_nowcast_de-350x232.png"}],"twitter_card":"summary_large_image","twitter_misc":{"Gesch\u00e4tzte Lesezeit":"6 Minuten"},"schema":{"@context":"https:\/\/schema.org","@graph":[{"@type":"WebPage","@id":"https:\/\/www.nowcast.de\/de\/blitzortung\/das-einzigartige-design-von-linet\/","url":"https:\/\/www.nowcast.de\/de\/blitzortung\/das-einzigartige-design-von-linet\/","name":"Das einzigartige Design von LINET - nowcast","isPartOf":{"@id":"https:\/\/www.nowcast.de\/de\/#website"},"datePublished":"2019-04-09T10:45:33+00:00","dateModified":"2019-11-19T08:49:16+00:00","breadcrumb":{"@id":"https:\/\/www.nowcast.de\/de\/blitzortung\/das-einzigartige-design-von-linet\/#breadcrumb"},"inLanguage":"de-DE","potentialAction":[{"@type":"ReadAction","target":["https:\/\/www.nowcast.de\/de\/blitzortung\/das-einzigartige-design-von-linet\/"]}]},{"@type":"BreadcrumbList","@id":"https:\/\/www.nowcast.de\/de\/blitzortung\/das-einzigartige-design-von-linet\/#breadcrumb","itemListElement":[{"@type":"ListItem","position":1,"name":"Startseite","item":"https:\/\/www.nowcast.de\/de\/"},{"@type":"ListItem","position":2,"name":"Blitzortung","item":"https:\/\/www.nowcast.de\/de\/blitzortung\/"},{"@type":"ListItem","position":3,"name":"Das einzigartige Design von LINET"}]},{"@type":"WebSite","@id":"https:\/\/www.nowcast.de\/de\/#website","url":"https:\/\/www.nowcast.de\/de\/","name":"nowcast","description":"Lightning.Detected.","publisher":{"@id":"https:\/\/www.nowcast.de\/de\/#organization"},"potentialAction":[{"@type":"SearchAction","target":{"@type":"EntryPoint","urlTemplate":"https:\/\/www.nowcast.de\/de\/?s={search_term_string}"},"query-input":"required name=search_term_string"}],"inLanguage":"de-DE"},{"@type":"Organization","@id":"https:\/\/www.nowcast.de\/de\/#organization","name":"nowcast GmbH","url":"https:\/\/www.nowcast.de\/de\/","logo":{"@type":"ImageObject","inLanguage":"de-DE","@id":"https:\/\/www.nowcast.de\/de\/#\/schema\/logo\/image\/","url":"https:\/\/www.nowcast.de\/wp-content\/uploads\/2020\/07\/logo-nowcast_lightning-detected_rgb.png","contentUrl":"https:\/\/www.nowcast.de\/wp-content\/uploads\/2020\/07\/logo-nowcast_lightning-detected_rgb.png","width":800,"height":355,"caption":"nowcast GmbH"},"image":{"@id":"https:\/\/www.nowcast.de\/de\/#\/schema\/logo\/image\/"}}]}},"_links":{"self":[{"href":"https:\/\/www.nowcast.de\/de\/wp-json\/wp\/v2\/pages\/528"}],"collection":[{"href":"https:\/\/www.nowcast.de\/de\/wp-json\/wp\/v2\/pages"}],"about":[{"href":"https:\/\/www.nowcast.de\/de\/wp-json\/wp\/v2\/types\/page"}],"author":[{"embeddable":true,"href":"https:\/\/www.nowcast.de\/de\/wp-json\/wp\/v2\/users\/12"}],"replies":[{"embeddable":true,"href":"https:\/\/www.nowcast.de\/de\/wp-json\/wp\/v2\/comments?post=528"}],"version-history":[{"count":4,"href":"https:\/\/www.nowcast.de\/de\/wp-json\/wp\/v2\/pages\/528\/revisions"}],"predecessor-version":[{"id":1360,"href":"https:\/\/www.nowcast.de\/de\/wp-json\/wp\/v2\/pages\/528\/revisions\/1360"}],"up":[{"embeddable":true,"href":"https:\/\/www.nowcast.de\/de\/wp-json\/wp\/v2\/pages\/581"}],"wp:attachment":[{"href":"https:\/\/www.nowcast.de\/de\/wp-json\/wp\/v2\/media?parent=528"}],"curies":[{"name":"wp","href":"https:\/\/api.w.org\/{rel}","templated":true}]}}