{"id":475,"date":"2019-04-04T18:03:17","date_gmt":"2019-04-04T16:03:17","guid":{"rendered":"https:\/\/www.nowcast.de\/?page_id=475"},"modified":"2020-08-05T16:52:58","modified_gmt":"2020-08-05T14:52:58","slug":"geschichte","status":"publish","type":"page","link":"https:\/\/www.nowcast.de\/de\/unternehmen\/geschichte\/","title":{"rendered":"Geschichte"},"content":{"rendered":"\n<style type=\"text\/css\" data-created_by=\"avia_inline_auto\" id=\"style-css-av-1jlt6j-99630c2e74100263d24d29929680dbc6\">\n.flex_column.av-1jlt6j-99630c2e74100263d24d29929680dbc6{\n-webkit-border-radius:0px 0px 0px 0px;\n-moz-border-radius:0px 0px 0px 0px;\nborder-radius:0px 0px 0px 0px;\npadding:0px 0px 0px 0px;\n}\n<\/style>\n<div class='flex_column av-1jlt6j-99630c2e74100263d24d29929680dbc6 av_one_full  avia-builder-el-0  el_before_av_three_fourth  avia-builder-el-first  first flex_column_div av-zero-column-padding '     ><\/div>\n\n<style type=\"text\/css\" data-created_by=\"avia_inline_auto\" id=\"style-css-av-19l2ar-d17219e0ff164a7a1ad054e8a6fbc315\">\n.flex_column.av-19l2ar-d17219e0ff164a7a1ad054e8a6fbc315{\n-webkit-border-radius:0px 0px 0px 0px;\n-moz-border-radius:0px 0px 0px 0px;\nborder-radius:0px 0px 0px 0px;\npadding:0px 0px 0px 0px;\n}\n<\/style>\n<div class='flex_column av-19l2ar-d17219e0ff164a7a1ad054e8a6fbc315 av_three_fourth  avia-builder-el-2  el_after_av_one_full  el_before_av_one_fourth  first flex_column_div av-zero-column-padding column-top-margin'     ><section  class='av_textblock_section av-ju2tvtlt-a7439ce99713145493d716ec3e2988f2'  itemscope=\"itemscope\" itemtype=\"https:\/\/schema.org\/CreativeWork\" ><div class='avia_textblock'  itemprop=\"text\" ><h2>nowcast Erfolgsgeschichte: Vom universit\u00e4ren Forschungsprojekt zum Qualit\u00e4tsf\u00fchrer in der kommerziellen Blitzmessung<\/h2>\n<p class=\"bodytext\">Die Erfolgsgeschichte von\u00a0<b>nowcast<\/b>\u00a0begann Ende der 80er Jahre im Rahmen eines Forschungsprojektes der Ludwig-Maximilians-Universit\u00e4t M\u00fcnchen unter der Leitung von Prof. Dr. Hans-Dieter Betz.<\/p>\n<p class=\"bodytext\">Prof. Betz hatte zu diesem Zeitpunkt bereits Erfahrungen mit den wenigen existierenden Blitzortungssystemen gesammelt und war best\u00fcrzt von der ungen\u00fcgenden Qualit\u00e4t der Messdaten. Er war sich sicher, dass durch die Optimierung des Messprinzips und der Verbesserung verschiedener Komponenten eine entscheidende Verbesserung der Qualit\u00e4t \u2013 insbesondere der Lokalisierungsgenauigkeit und der Empfindlichkeit \u2013 zu erreichen sei. Damit wurde die Entwicklung von Systemkomponenten und Software-Konzepten zur hochpr\u00e4zisen Blitzdatenerhebung zur zentralen Forschungsaufgabe.<\/p>\n<p><strong>So entstand das in Deutschland entwickelte und direkt vor Ort in M\u00fcnchen produzierte Hochpr\u00e4zisions-Blitzmessnetz LINET (<b>Li<\/b><\/strong>ghtning Detection<strong><b>Net<\/b><\/strong>work<strong>).<\/strong><\/p>\n<p class=\"bodytext\">Nach Jahren intensiver Forschung zeigte sich, dass\u00a0<b>LINET<\/b> entscheidende und signifikante Verbesserungen gegen\u00fcber bestehenden Blitzortungssystemen aufzeigte. Diese patentierten Verbesserungen bilden bis heute die Grundlage f\u00fcr die unerreichte Pr\u00e4zision dieses Blitzortungssystems.<\/p>\n<\/div><\/section><\/div>\n\n<style type=\"text\/css\" data-created_by=\"avia_inline_auto\" id=\"style-css-av-13ph0j-01b9239825a4baf7fb6d00f61d8db265\">\n.flex_column.av-13ph0j-01b9239825a4baf7fb6d00f61d8db265{\n-webkit-border-radius:0px 0px 0px 0px;\n-moz-border-radius:0px 0px 0px 0px;\nborder-radius:0px 0px 0px 0px;\npadding:0px 0px 0px 0px;\n}\n<\/style>\n<div class='flex_column av-13ph0j-01b9239825a4baf7fb6d00f61d8db265 av_one_fourth  avia-builder-el-4  el_after_av_three_fourth  el_before_av_one_full  flex_column_div av-zero-column-padding column-top-margin'     ><p>\n<style type=\"text\/css\" data-created_by=\"avia_inline_auto\" id=\"style-css-av-ju2tw9rc-de73f63f6303ba6542c6327375fa00f8\">\n.avia-image-container.av-ju2tw9rc-de73f63f6303ba6542c6327375fa00f8 img.avia_image{\nbox-shadow:none;\n}\n.avia-image-container.av-ju2tw9rc-de73f63f6303ba6542c6327375fa00f8 .av-image-caption-overlay-center{\ncolor:#ffffff;\n}\n<\/style>\n<div  class='avia-image-container av-ju2tw9rc-de73f63f6303ba6542c6327375fa00f8 av-styling- avia-align-center  avia-builder-el-5  el_before_av_textblock  avia-builder-el-first '   itemprop=\"image\" itemscope=\"itemscope\" itemtype=\"https:\/\/schema.org\/ImageObject\" ><div class=\"avia-image-container-inner\"><div class=\"avia-image-overlay-wrap\"><img decoding=\"async\" class='wp-image-302 avia-img-lazy-loading-not-302 avia_image ' src=\"https:\/\/www.nowcast.de\/wp-content\/uploads\/2019\/04\/prof.-dr.-hans-dieter-betz-nowcast-founder-and-thunderstorm-expert-_Web.jpg\" alt='' title='Prof. Dr. Hans-Dieter Betz'  height=\"250\" width=\"167\"  itemprop=\"thumbnailUrl\" srcset=\"https:\/\/www.nowcast.de\/wp-content\/uploads\/2019\/04\/prof.-dr.-hans-dieter-betz-nowcast-founder-and-thunderstorm-expert-_Web.jpg 167w, https:\/\/www.nowcast.de\/wp-content\/uploads\/2019\/04\/prof.-dr.-hans-dieter-betz-nowcast-founder-and-thunderstorm-expert-_Web-86x128.jpg 86w\" sizes=\"(max-width: 167px) 100vw, 167px\" \/><\/div><\/div><\/div><br \/>\n<section  class='av_textblock_section av-kdhhpmdz-ddbe2b7b12c3ac527dd3265e7d34a917'  itemscope=\"itemscope\" itemtype=\"https:\/\/schema.org\/CreativeWork\" ><div class='avia_textblock'  itemprop=\"text\" ><p style=\"text-align: center;\"><em>Prof. Dr. Hans-Dieter Betz<\/em><\/p>\n<\/div><\/section><\/p><\/div>\n<style type=\"text\/css\" data-created_by=\"avia_inline_auto\" id=\"style-css-av-ud47v-12ab09fa97ff691b6ee749a79a2c8a5e\">\n.flex_column.av-ud47v-12ab09fa97ff691b6ee749a79a2c8a5e{\n-webkit-border-radius:0px 0px 0px 0px;\n-moz-border-radius:0px 0px 0px 0px;\nborder-radius:0px 0px 0px 0px;\npadding:0px 0px 0px 0px;\n}\n<\/style>\n<div class='flex_column av-ud47v-12ab09fa97ff691b6ee749a79a2c8a5e av_one_full  avia-builder-el-7  el_after_av_one_fourth  avia-builder-el-last  first flex_column_div av-zero-column-padding column-top-margin'     ><style type=\"text\/css\" data-created_by=\"avia_inline_auto\" id=\"style-css-av-s453f-9ab8e08e635c4e202eb90163d55056c4\">\n.avia-timeline-container.av-s453f-9ab8e08e635c4e202eb90163d55056c4 .av-milestone-date{\nfont-size:,;\n}\n<\/style>\n<div  id=\"avia-timeline-1\"  class='avia-timeline-container av-s453f-9ab8e08e635c4e202eb90163d55056c4 av-slideshow-ui  avia-builder-el-8  avia-builder-el-no-sibling ' ><ul class='avia-timeline avia-timeline-vertical av-milestone-placement-alternate avia-timeline- avia_animate_when_almost_visible avia-timeline-animate'>\n<li  class='av-milestone av-hmocz-08a4396150f6dd06ccc7ed179a9f2667 av-animated-generic fade-in av-milestone-valign-baseline av-milestone-odd'><h2 class='av-milestone-date ' id='milestone-2019'><strong>2019<span class='av-milestone-indicator'><\/span><\/strong><\/h2><div class=\"av-milestone-icon-wrap\"><span class='av-milestone-icon milestone_icon avia-font-entypo-fontello'><span class='av-milestone-icon-inner milestone_inner'><i class='milestone-char' aria-hidden='true' data-av_icon='\ue800' data-av_iconfont='entypo-fontello'><\/i><\/span><\/span><\/div><article class='av-milestone-content-wrap'><div class='av-milestone-contentbox'><header class=\"entry-content-header\"><h4 class='av-milestone-title '>LINET-Blitzmessnetz in Malawi<\/h4><\/header><div class='av-milestone-content'><p>nowcast realisiert im Rahmen einer UNDP-Ausschreibung ein hochpr\u00e4zises LINET-Blitzmessnetz in Malawi, Afrika<\/p>\n<\/div><\/div><footer class='av-milestone-article-footer entry-footer'><\/footer><\/article><\/li>\n<li  class='av-milestone av-97l3f-fee224636a084f957e241907fd86e68e av-animated-generic fade-in av-milestone-valign-baseline av-milestone-even'><h2 class='av-milestone-date ' id='milestone-2018'><strong>2018<span class='av-milestone-indicator'><\/span><\/strong><\/h2><article class='av-milestone-content-wrap'><div class='av-milestone-contentbox'><header class=\"entry-content-header\"><h4 class='av-milestone-title '>Neukunden<\/h4><\/header><div class='av-milestone-content'><p>nowcast gewinnt die s\u00fcdkoreanische Luftwaffe als Neukunden &#038; nimmt ein LINET Blitzmessnetz in Peru in Betrieb<\/p>\n<\/div><\/div><footer class='av-milestone-article-footer entry-footer'><\/footer><\/article><div class=\"av-milestone-icon-wrap\"><span class='av-milestone-icon milestone_icon avia-font-entypo-fontello'><span class='av-milestone-icon-inner milestone_inner'><i class='milestone-char' aria-hidden='true' data-av_icon='\ue8dd' data-av_iconfont='entypo-fontello'><\/i><\/span><\/span><\/div><h2 class='av-milestone-date ' id='milestone-2018'><strong>2018<span class='av-milestone-indicator'><\/span><\/strong><\/h2><\/li>\n<li  class='av-milestone av-hur97-deec37e94f1dd39e493890fe5acc3344 av-animated-generic fade-in av-milestone-valign-baseline av-milestone-odd'><h2 class='av-milestone-date ' id='milestone-2012'><strong>2012<span class='av-milestone-indicator'><\/span><\/strong><\/h2><div class=\"av-milestone-icon-wrap\"><span class='av-milestone-icon milestone_icon avia-font-entypo-fontello'><span class='av-milestone-icon-inner milestone_inner'><i class='milestone-char' aria-hidden='true' data-av_icon='\ue808' data-av_iconfont='entypo-fontello'><\/i><\/span><\/span><\/div><article class='av-milestone-content-wrap'><div class='av-milestone-contentbox'><header class=\"entry-content-header\"><h4 class='av-milestone-title '>LINET Premium-Anbieter<\/h4><\/header><div class='av-milestone-content'><p>nowcast hat sich mit LINET innerhalb weniger Jahre als Premium-Anbieter f\u00fcr Blitzinformationen etabliert.<\/p>\n<\/div><\/div><footer class='av-milestone-article-footer entry-footer'><\/footer><\/article><\/li>\n<li  class='av-milestone av-llq1v-56c09f422d2248126b2dc81f24477f0a av-animated-generic fade-in av-milestone-valign-baseline av-milestone-even'><h2 class='av-milestone-date ' id='milestone-2009'><strong>2009<span class='av-milestone-indicator'><\/span><\/strong><\/h2><article class='av-milestone-content-wrap'><div class='av-milestone-contentbox'><header class=\"entry-content-header\"><h4 class='av-milestone-title '>Neukunde Allianz<\/h4><\/header><div class='av-milestone-content'><p>Der weltgr\u00f6\u00dfte Schadenversicherer, die Allianz, entscheidet sich f\u00fcr nowcast.<\/p>\n<\/div><\/div><footer class='av-milestone-article-footer entry-footer'><\/footer><\/article><div class=\"av-milestone-icon-wrap\"><span class='av-milestone-icon milestone_icon avia-font-entypo-fontello'><span class='av-milestone-icon-inner milestone_inner'><i class='milestone-char' aria-hidden='true' data-av_icon='\ue8a8' data-av_iconfont='entypo-fontello'><\/i><\/span><\/span><\/div><h2 class='av-milestone-date ' id='milestone-2009'><strong>2009<span class='av-milestone-indicator'><\/span><\/strong><\/h2><\/li>\n<li  class='av-milestone av-tjrw3-4d4e4ee96fdcd143e3a9ac5265c06d3f av-animated-generic fade-in av-milestone-valign-baseline av-milestone-odd'><h2 class='av-milestone-date ' id='milestone-2006'><strong>2006<span class='av-milestone-indicator'><\/span><\/strong><\/h2><div class=\"av-milestone-icon-wrap\"><span class='av-milestone-icon milestone_icon avia-font-entypo-fontello'><span class='av-milestone-icon-inner milestone_inner'><i class='milestone-char' aria-hidden='true' data-av_icon='\ue8a8' data-av_iconfont='entypo-fontello'><\/i><\/span><\/span><\/div><article class='av-milestone-content-wrap'><div class='av-milestone-contentbox'><header class=\"entry-content-header\"><h4 class='av-milestone-title '>Neukunde DWD<\/h4><\/header><div class='av-milestone-content'><p>Der Deutsche Wetterdienst entscheidet sich f\u00fcr nowcast und best\u00e4tigt diese Entscheidung nach einer erneuten Ausschreibung 2009.<\/p>\n<\/div><\/div><footer class='av-milestone-article-footer entry-footer'><\/footer><\/article><\/li>\n<li  class='av-milestone av-9hq2b-df9b423657836330aefbabe1e6ab098f av-animated-generic fade-in av-milestone-valign-baseline av-milestone-even'><h2 class='av-milestone-date ' id='milestone-2002'><strong>2002<span class='av-milestone-indicator'><\/span><\/strong><\/h2><article class='av-milestone-content-wrap'><div class='av-milestone-contentbox'><header class=\"entry-content-header\"><h4 class='av-milestone-title '>Gr\u00fcndung von nowcast<\/h4><\/header><div class='av-milestone-content'><p>Die erfolgreiche Forschungsarbeit wird Wetterdiensten &#038; wetterabh\u00e4ngigen Unternehmen verf\u00fcgbar gemacht<img decoding=\"async\" class=\"alignnone wp-image-1498 size-medium\" src=\"https:\/\/www.nowcast.de\/wp-content\/uploads\/2020\/01\/Ant-7-350x230.jpg\" alt=\"\" width=\"350\" height=\"230\" \/><\/p>\n<\/div><\/div><footer class='av-milestone-article-footer entry-footer'><\/footer><\/article><div class=\"av-milestone-icon-wrap\"><span class='av-milestone-icon milestone_icon avia-font-entypo-fontello'><span class='av-milestone-icon-inner milestone_inner'><i class='milestone-char' aria-hidden='true' data-av_icon='\ue809' data-av_iconfont='entypo-fontello'><\/i><\/span><\/span><\/div><h2 class='av-milestone-date ' id='milestone-2002'><strong>2002<span class='av-milestone-indicator'><\/span><\/strong><\/h2><\/li>\n<\/ul><\/div><\/div><\/p>\n","protected":false},"excerpt":{"rendered":"","protected":false},"author":12,"featured_media":0,"parent":24,"menu_order":0,"comment_status":"closed","ping_status":"closed","template":"","meta":{"_relevanssi_hide_post":"","_relevanssi_hide_content":"","_relevanssi_pin_for_all":"","_relevanssi_pin_keywords":"","_relevanssi_unpin_keywords":"","_relevanssi_related_keywords":"","_relevanssi_related_include_ids":"","_relevanssi_related_exclude_ids":"","_relevanssi_related_no_append":"","_relevanssi_related_not_related":"","_relevanssi_related_posts":"","_relevanssi_noindex_reason":""},"acf":[],"yoast_head":"<!-- This site is optimized with the Yoast SEO plugin v19.10 - https:\/\/yoast.com\/wordpress\/plugins\/seo\/ -->\n<title>Geschichte - nowcast<\/title>\n<meta name=\"robots\" content=\"index, follow, max-snippet:-1, max-image-preview:large, max-video-preview:-1\" \/>\n<link rel=\"canonical\" href=\"https:\/\/www.nowcast.de\/de\/unternehmen\/geschichte\/\" \/>\n<meta property=\"og:locale\" content=\"de_DE\" \/>\n<meta property=\"og:type\" content=\"article\" \/>\n<meta property=\"og:title\" content=\"Geschichte - nowcast\" \/>\n<meta property=\"og:url\" content=\"https:\/\/www.nowcast.de\/de\/unternehmen\/geschichte\/\" \/>\n<meta property=\"og:site_name\" content=\"nowcast\" \/>\n<meta property=\"article:modified_time\" content=\"2020-08-05T14:52:58+00:00\" \/>\n<meta property=\"og:image\" content=\"https:\/\/www.nowcast.de\/wp-content\/uploads\/2020\/01\/Ant-7-350x230.jpg\" \/>\n<meta name=\"twitter:card\" content=\"summary_large_image\" \/>\n<meta name=\"twitter:label1\" content=\"Gesch\u00e4tzte Lesezeit\" \/>\n\t<meta name=\"twitter:data1\" content=\"7 Minuten\" \/>\n<script type=\"application\/ld+json\" class=\"yoast-schema-graph\">{\"@context\":\"https:\/\/schema.org\",\"@graph\":[{\"@type\":\"WebPage\",\"@id\":\"https:\/\/www.nowcast.de\/de\/unternehmen\/geschichte\/\",\"url\":\"https:\/\/www.nowcast.de\/de\/unternehmen\/geschichte\/\",\"name\":\"Geschichte - nowcast\",\"isPartOf\":{\"@id\":\"https:\/\/www.nowcast.de\/de\/#website\"},\"datePublished\":\"2019-04-04T16:03:17+00:00\",\"dateModified\":\"2020-08-05T14:52:58+00:00\",\"breadcrumb\":{\"@id\":\"https:\/\/www.nowcast.de\/de\/unternehmen\/geschichte\/#breadcrumb\"},\"inLanguage\":\"de-DE\",\"potentialAction\":[{\"@type\":\"ReadAction\",\"target\":[\"https:\/\/www.nowcast.de\/de\/unternehmen\/geschichte\/\"]}]},{\"@type\":\"BreadcrumbList\",\"@id\":\"https:\/\/www.nowcast.de\/de\/unternehmen\/geschichte\/#breadcrumb\",\"itemListElement\":[{\"@type\":\"ListItem\",\"position\":1,\"name\":\"Startseite\",\"item\":\"https:\/\/www.nowcast.de\/de\/\"},{\"@type\":\"ListItem\",\"position\":2,\"name\":\"Unternehmen\",\"item\":\"https:\/\/www.nowcast.de\/de\/unternehmen\/\"},{\"@type\":\"ListItem\",\"position\":3,\"name\":\"Geschichte\"}]},{\"@type\":\"WebSite\",\"@id\":\"https:\/\/www.nowcast.de\/de\/#website\",\"url\":\"https:\/\/www.nowcast.de\/de\/\",\"name\":\"nowcast\",\"description\":\"Lightning.Detected.\",\"publisher\":{\"@id\":\"https:\/\/www.nowcast.de\/de\/#organization\"},\"potentialAction\":[{\"@type\":\"SearchAction\",\"target\":{\"@type\":\"EntryPoint\",\"urlTemplate\":\"https:\/\/www.nowcast.de\/de\/?s={search_term_string}\"},\"query-input\":\"required name=search_term_string\"}],\"inLanguage\":\"de-DE\"},{\"@type\":\"Organization\",\"@id\":\"https:\/\/www.nowcast.de\/de\/#organization\",\"name\":\"nowcast GmbH\",\"url\":\"https:\/\/www.nowcast.de\/de\/\",\"logo\":{\"@type\":\"ImageObject\",\"inLanguage\":\"de-DE\",\"@id\":\"https:\/\/www.nowcast.de\/de\/#\/schema\/logo\/image\/\",\"url\":\"https:\/\/www.nowcast.de\/wp-content\/uploads\/2020\/07\/logo-nowcast_lightning-detected_rgb.png\",\"contentUrl\":\"https:\/\/www.nowcast.de\/wp-content\/uploads\/2020\/07\/logo-nowcast_lightning-detected_rgb.png\",\"width\":800,\"height\":355,\"caption\":\"nowcast GmbH\"},\"image\":{\"@id\":\"https:\/\/www.nowcast.de\/de\/#\/schema\/logo\/image\/\"}}]}<\/script>\n<!-- \/ Yoast SEO plugin. -->","yoast_head_json":{"title":"Geschichte - nowcast","robots":{"index":"index","follow":"follow","max-snippet":"max-snippet:-1","max-image-preview":"max-image-preview:large","max-video-preview":"max-video-preview:-1"},"canonical":"https:\/\/www.nowcast.de\/de\/unternehmen\/geschichte\/","og_locale":"de_DE","og_type":"article","og_title":"Geschichte - nowcast","og_url":"https:\/\/www.nowcast.de\/de\/unternehmen\/geschichte\/","og_site_name":"nowcast","article_modified_time":"2020-08-05T14:52:58+00:00","og_image":[{"url":"https:\/\/www.nowcast.de\/wp-content\/uploads\/2020\/01\/Ant-7-350x230.jpg"}],"twitter_card":"summary_large_image","twitter_misc":{"Gesch\u00e4tzte Lesezeit":"7 Minuten"},"schema":{"@context":"https:\/\/schema.org","@graph":[{"@type":"WebPage","@id":"https:\/\/www.nowcast.de\/de\/unternehmen\/geschichte\/","url":"https:\/\/www.nowcast.de\/de\/unternehmen\/geschichte\/","name":"Geschichte - nowcast","isPartOf":{"@id":"https:\/\/www.nowcast.de\/de\/#website"},"datePublished":"2019-04-04T16:03:17+00:00","dateModified":"2020-08-05T14:52:58+00:00","breadcrumb":{"@id":"https:\/\/www.nowcast.de\/de\/unternehmen\/geschichte\/#breadcrumb"},"inLanguage":"de-DE","potentialAction":[{"@type":"ReadAction","target":["https:\/\/www.nowcast.de\/de\/unternehmen\/geschichte\/"]}]},{"@type":"BreadcrumbList","@id":"https:\/\/www.nowcast.de\/de\/unternehmen\/geschichte\/#breadcrumb","itemListElement":[{"@type":"ListItem","position":1,"name":"Startseite","item":"https:\/\/www.nowcast.de\/de\/"},{"@type":"ListItem","position":2,"name":"Unternehmen","item":"https:\/\/www.nowcast.de\/de\/unternehmen\/"},{"@type":"ListItem","position":3,"name":"Geschichte"}]},{"@type":"WebSite","@id":"https:\/\/www.nowcast.de\/de\/#website","url":"https:\/\/www.nowcast.de\/de\/","name":"nowcast","description":"Lightning.Detected.","publisher":{"@id":"https:\/\/www.nowcast.de\/de\/#organization"},"potentialAction":[{"@type":"SearchAction","target":{"@type":"EntryPoint","urlTemplate":"https:\/\/www.nowcast.de\/de\/?s={search_term_string}"},"query-input":"required name=search_term_string"}],"inLanguage":"de-DE"},{"@type":"Organization","@id":"https:\/\/www.nowcast.de\/de\/#organization","name":"nowcast GmbH","url":"https:\/\/www.nowcast.de\/de\/","logo":{"@type":"ImageObject","inLanguage":"de-DE","@id":"https:\/\/www.nowcast.de\/de\/#\/schema\/logo\/image\/","url":"https:\/\/www.nowcast.de\/wp-content\/uploads\/2020\/07\/logo-nowcast_lightning-detected_rgb.png","contentUrl":"https:\/\/www.nowcast.de\/wp-content\/uploads\/2020\/07\/logo-nowcast_lightning-detected_rgb.png","width":800,"height":355,"caption":"nowcast GmbH"},"image":{"@id":"https:\/\/www.nowcast.de\/de\/#\/schema\/logo\/image\/"}}]}},"_links":{"self":[{"href":"https:\/\/www.nowcast.de\/de\/wp-json\/wp\/v2\/pages\/475"}],"collection":[{"href":"https:\/\/www.nowcast.de\/de\/wp-json\/wp\/v2\/pages"}],"about":[{"href":"https:\/\/www.nowcast.de\/de\/wp-json\/wp\/v2\/types\/page"}],"author":[{"embeddable":true,"href":"https:\/\/www.nowcast.de\/de\/wp-json\/wp\/v2\/users\/12"}],"replies":[{"embeddable":true,"href":"https:\/\/www.nowcast.de\/de\/wp-json\/wp\/v2\/comments?post=475"}],"version-history":[{"count":11,"href":"https:\/\/www.nowcast.de\/de\/wp-json\/wp\/v2\/pages\/475\/revisions"}],"predecessor-version":[{"id":3129,"href":"https:\/\/www.nowcast.de\/de\/wp-json\/wp\/v2\/pages\/475\/revisions\/3129"}],"up":[{"embeddable":true,"href":"https:\/\/www.nowcast.de\/de\/wp-json\/wp\/v2\/pages\/24"}],"wp:attachment":[{"href":"https:\/\/www.nowcast.de\/de\/wp-json\/wp\/v2\/media?parent=475"}],"curies":[{"name":"wp","href":"https:\/\/api.w.org\/{rel}","templated":true}]}}