{"id":341,"date":"2019-04-03T17:49:19","date_gmt":"2019-04-03T15:49:19","guid":{"rendered":"https:\/\/www.nowcast.de\/?page_id=341"},"modified":"2022-08-29T13:47:16","modified_gmt":"2022-08-29T11:47:16","slug":"team","status":"publish","type":"page","link":"https:\/\/www.nowcast.de\/de\/unternehmen\/team\/","title":{"rendered":"Team"},"content":{"rendered":"\n<style type=\"text\/css\" data-created_by=\"avia_inline_auto\" id=\"style-css-av-ju1ds4ns-2ccf1fe9bf5cb1514f29ba2966c2cd0b\">\n.flex_column.av-ju1ds4ns-2ccf1fe9bf5cb1514f29ba2966c2cd0b{\n-webkit-border-radius:0px 0px 0px 0px;\n-moz-border-radius:0px 0px 0px 0px;\nborder-radius:0px 0px 0px 0px;\npadding:0px 0px 0px 0px;\n}\n<\/style>\n<div class='flex_column av-ju1ds4ns-2ccf1fe9bf5cb1514f29ba2966c2cd0b av_one_full  avia-builder-el-0  el_before_av_one_half  avia-builder-el-first  first flex_column_div av-zero-column-padding '     ><section  class='av_textblock_section av-ju1dsuhr-f0c0adb54472abe4fd3c46fcc01ff9da'  itemscope=\"itemscope\" itemtype=\"https:\/\/schema.org\/CreativeWork\" ><div class='avia_textblock'  itemprop=\"text\" ><h2>Das Management von nowcast<\/h2>\n<p>Alle unsere Mitarbeiter leben aus \u00dcberzeugung eine kundenorientierte Arbeitsweise, unterst\u00fctzt von prozess- und zielorientiertem Denken. Jeder unserer Mitarbeiter ist auf seinem Gebiet ein Spezialist mit einmaligem Know-how.<\/p>\n<\/div><\/section><\/div>\n\n<style type=\"text\/css\" data-created_by=\"avia_inline_auto\" id=\"style-css-av-1e8765-4265bf30aae36149a2ef1ca6d3429e98\">\n.flex_column.av-1e8765-4265bf30aae36149a2ef1ca6d3429e98{\n-webkit-border-radius:0px 0px 0px 0px;\n-moz-border-radius:0px 0px 0px 0px;\nborder-radius:0px 0px 0px 0px;\npadding:0px 0px 0px 0px;\n}\n<\/style>\n<div class='flex_column av-1e8765-4265bf30aae36149a2ef1ca6d3429e98 av_one_half  avia-builder-el-2  el_after_av_one_full  el_before_av_one_half  first flex_column_div av-zero-column-padding column-top-margin'     ><section  class='avia-team-member av-kg80j4qg-ad89d6e805ea4d56314cef297ec7cd3c  avia-builder-el-3  avia-builder-el-no-sibling '  itemscope=\"itemscope\" itemtype=\"https:\/\/schema.org\/Person\" ><div class=\"team-img-container\"><img decoding=\"async\" class='wp-image-3815 avia-img-lazy-loading-not-3815 avia_image avia_image_team' src=\"https:\/\/www.nowcast.de\/wp-content\/uploads\/2020\/10\/Richard-Fellner-Nowcast-Lightning-Detection-350x227.jpg\" alt='Richard Fellner'  itemprop=\"image\"   height=\"227\" width=\"350\" srcset=\"https:\/\/www.nowcast.de\/wp-content\/uploads\/2020\/10\/Richard-Fellner-Nowcast-Lightning-Detection-350x227.jpg 350w, https:\/\/www.nowcast.de\/wp-content\/uploads\/2020\/10\/Richard-Fellner-Nowcast-Lightning-Detection-128x83.jpg 128w, https:\/\/www.nowcast.de\/wp-content\/uploads\/2020\/10\/Richard-Fellner-Nowcast-Lightning-Detection.jpg 700w\" sizes=\"(max-width: 350px) 100vw, 350px\" \/><div class=\"team-social\"><div class=\"team-social-inner\"><span class='hidden av_member_url_markup linkedin'  itemprop=\"url\" >https:\/\/www.linkedin.com\/in\/richard-fellner-15884520\/<\/span><a href='https:\/\/www.linkedin.com\/in\/richard-fellner-15884520\/' class='avia-team-icon av-18zsrh-d61894a9451074909c903632170f49a4 linkedin' rel=\"v:url noopener\" data-avia-tooltip=\"Richard Fellner on LinkedIn\" target='_blank' aria-hidden='true' data-av_icon='\ue8fc' data-av_iconfont='entypo-fontello'><\/a><\/div><\/div><\/div><h3 class='team-member-name '  itemprop=\"name\" >Richard Fellner<\/h3><div class='team-member-job-title '  itemprop=\"jobTitle\" >CEO<\/div><div class='team-member-description '  itemprop=\"description\" ><p>Richard Fellner ist CEO und verantwortlich f\u00fcr die Unternehmensstrategie sowie f\u00fcr das gesamte kommerzielle und betriebliche Management. Nach seinem Studium der Elektrotechnik hatte er mehrere F\u00fchrungspositionen im Management von Produktlinien, technischen Vertrieb und Marketing bei Siemens und sp\u00e4ter bei Nokia Siemens Networks inne. Sp\u00e4ter leitete er das Gesch\u00e4ft von Coriant, einem Hersteller von optischen \u00dcbertragungsnetzen in Europa, dem Nahen Osten und Afrika.<\/p>\n<\/div><span class='hidden team-member-affiliation'  itemprop=\"affiliation\" >nowcast<\/span><\/section><\/div>\n\n<style type=\"text\/css\" data-created_by=\"avia_inline_auto\" id=\"style-css-av-14vqil-16fe59368ae03af70abff65f7244779d\">\n.flex_column.av-14vqil-16fe59368ae03af70abff65f7244779d{\n-webkit-border-radius:0px 0px 0px 0px;\n-moz-border-radius:0px 0px 0px 0px;\nborder-radius:0px 0px 0px 0px;\npadding:0px 0px 0px 0px;\n}\n<\/style>\n<div class='flex_column av-14vqil-16fe59368ae03af70abff65f7244779d av_one_half  avia-builder-el-4  el_after_av_one_half  el_before_av_one_half  flex_column_div av-zero-column-padding column-top-margin'     ><section  class='avia-team-member av-l7ep45gd-30d6081baec9f840cb5fb79d7ab8b952  avia-builder-el-5  avia-builder-el-no-sibling '  itemscope=\"itemscope\" itemtype=\"https:\/\/schema.org\/Person\" ><h3 class='team-member-name '  itemprop=\"name\" >Andreas Bl\u00fcmmel<\/h3><div class='team-member-job-title '  itemprop=\"jobTitle\" >CTO<\/div><span class='hidden team-member-affiliation'  itemprop=\"affiliation\" >nowcast<\/span><\/section><\/div>\n<style type=\"text\/css\" data-created_by=\"avia_inline_auto\" id=\"style-css-av-sfr79-460c45506725f4fd3c7dad7d4f6931e1\">\n.flex_column.av-sfr79-460c45506725f4fd3c7dad7d4f6931e1{\n-webkit-border-radius:0px 0px 0px 0px;\n-moz-border-radius:0px 0px 0px 0px;\nborder-radius:0px 0px 0px 0px;\npadding:0px 0px 0px 0px;\n}\n<\/style>\n<div class='flex_column av-sfr79-460c45506725f4fd3c7dad7d4f6931e1 av_one_half  avia-builder-el-6  el_after_av_one_half  avia-builder-el-last  first flex_column_div av-zero-column-padding column-top-margin'     ><section  class='avia-team-member av-kg80j4qg-1-e8149ad3ac497318d97f50096b6c864b  avia-builder-el-7  avia-builder-el-no-sibling '  itemscope=\"itemscope\" itemtype=\"https:\/\/schema.org\/Person\" ><div class=\"team-img-container\"><img decoding=\"async\" class='wp-image-3812 avia-img-lazy-loading-not-3812 avia_image avia_image_team' src=\"https:\/\/www.nowcast.de\/wp-content\/uploads\/2020\/10\/Dirk-Brandlein-Nowcast-Lightning-Detection-350x227.jpg\" alt='Dr. Dirk Br\u00e4ndlein'  itemprop=\"image\"   height=\"227\" width=\"350\" srcset=\"https:\/\/www.nowcast.de\/wp-content\/uploads\/2020\/10\/Dirk-Brandlein-Nowcast-Lightning-Detection-350x227.jpg 350w, https:\/\/www.nowcast.de\/wp-content\/uploads\/2020\/10\/Dirk-Brandlein-Nowcast-Lightning-Detection-128x83.jpg 128w, https:\/\/www.nowcast.de\/wp-content\/uploads\/2020\/10\/Dirk-Brandlein-Nowcast-Lightning-Detection.jpg 700w\" sizes=\"(max-width: 350px) 100vw, 350px\" \/><div class=\"team-social\"><div class=\"team-social-inner\"><span class='hidden av_member_url_markup linkedin'  itemprop=\"url\" >https:\/\/www.linkedin.com\/in\/dirk-br%C3%A4ndlein\/<\/span><a href='https:\/\/www.linkedin.com\/in\/dirk-br%C3%A4ndlein\/' class='avia-team-icon av-lxam5-5e69f66dbf74eeec6f8f426256740a38 linkedin' rel=\"v:url noopener\" data-avia-tooltip=\"Dirk Br\u00e4ndlein on LinkedIn\" target='_blank' aria-hidden='true' data-av_icon='\ue8fc' data-av_iconfont='entypo-fontello'><\/a><\/div><\/div><\/div><h3 class='team-member-name '  itemprop=\"name\" >Dr. Dirk Br\u00e4ndlein<\/h3><div class='team-member-job-title '  itemprop=\"jobTitle\" >COO<\/div><div class='team-member-description '  itemprop=\"description\" ><p>Dirk verf\u00fcgt \u00fcber fundierte Kenntnisse in den Bereichen Sensortechnologie und netzwerkbasierte L\u00f6sungen. Er hat in Geophysik promoviert und hat sein umfangreiches theoretisches Fachwissen stets mit praktischer technischer Ausf\u00fchrungsarbeit vor Ort kombiniert. So ist er in der Lage, sowohl die technischen als auch die allgemeinen Bed\u00fcrfnisse unserer Kunden zu vereinen, um unsere Blitzortungsprojekte zu einem gro\u00dfen Erfolg zu bringen. Dirk hat an vielen geophysikalischen und atmosph\u00e4rischen\/raumphysikalischen Projekten rund um den Globus mitgearbeitet und darin seine F\u00e4higkeiten f\u00fcr eine unkomplizierte Durchf\u00fchrung mit h\u00f6chsten Qualit\u00e4tsstandards immer wieder bewiesen. Er ist auch Mitglied des WMO-Expertenteams f\u00fcr \"Upper-air Measurement\" und verantwortet dort das Kapitel zur Blitzortung.<\/p>\n<\/div><span class='hidden team-member-affiliation'  itemprop=\"affiliation\" >nowcast<\/span><\/section><\/div><\/p>\n","protected":false},"excerpt":{"rendered":"","protected":false},"author":12,"featured_media":0,"parent":24,"menu_order":0,"comment_status":"closed","ping_status":"closed","template":"","meta":{"_relevanssi_hide_post":"","_relevanssi_hide_content":"","_relevanssi_pin_for_all":"","_relevanssi_pin_keywords":"","_relevanssi_unpin_keywords":"","_relevanssi_related_keywords":"","_relevanssi_related_include_ids":"","_relevanssi_related_exclude_ids":"","_relevanssi_related_no_append":"","_relevanssi_related_not_related":"","_relevanssi_related_posts":"3541,3672,3686","_relevanssi_noindex_reason":""},"acf":[],"yoast_head":"<!-- This site is optimized with the Yoast SEO plugin v19.10 - https:\/\/yoast.com\/wordpress\/plugins\/seo\/ -->\n<title>Team - nowcast<\/title>\n<meta name=\"robots\" content=\"index, follow, max-snippet:-1, max-image-preview:large, max-video-preview:-1\" \/>\n<link rel=\"canonical\" href=\"https:\/\/www.nowcast.de\/de\/unternehmen\/team\/\" \/>\n<meta property=\"og:locale\" content=\"de_DE\" \/>\n<meta property=\"og:type\" content=\"article\" \/>\n<meta property=\"og:title\" content=\"Team - nowcast\" \/>\n<meta property=\"og:url\" content=\"https:\/\/www.nowcast.de\/de\/unternehmen\/team\/\" \/>\n<meta property=\"og:site_name\" content=\"nowcast\" \/>\n<meta property=\"article:modified_time\" content=\"2022-08-29T11:47:16+00:00\" \/>\n<meta name=\"twitter:card\" content=\"summary_large_image\" \/>\n<meta name=\"twitter:label1\" content=\"Gesch\u00e4tzte Lesezeit\" \/>\n\t<meta name=\"twitter:data1\" content=\"3 Minuten\" \/>\n<script type=\"application\/ld+json\" class=\"yoast-schema-graph\">{\"@context\":\"https:\/\/schema.org\",\"@graph\":[{\"@type\":\"WebPage\",\"@id\":\"https:\/\/www.nowcast.de\/de\/unternehmen\/team\/\",\"url\":\"https:\/\/www.nowcast.de\/de\/unternehmen\/team\/\",\"name\":\"Team - nowcast\",\"isPartOf\":{\"@id\":\"https:\/\/www.nowcast.de\/de\/#website\"},\"datePublished\":\"2019-04-03T15:49:19+00:00\",\"dateModified\":\"2022-08-29T11:47:16+00:00\",\"breadcrumb\":{\"@id\":\"https:\/\/www.nowcast.de\/de\/unternehmen\/team\/#breadcrumb\"},\"inLanguage\":\"de-DE\",\"potentialAction\":[{\"@type\":\"ReadAction\",\"target\":[\"https:\/\/www.nowcast.de\/de\/unternehmen\/team\/\"]}]},{\"@type\":\"BreadcrumbList\",\"@id\":\"https:\/\/www.nowcast.de\/de\/unternehmen\/team\/#breadcrumb\",\"itemListElement\":[{\"@type\":\"ListItem\",\"position\":1,\"name\":\"Startseite\",\"item\":\"https:\/\/www.nowcast.de\/de\/\"},{\"@type\":\"ListItem\",\"position\":2,\"name\":\"Unternehmen\",\"item\":\"https:\/\/www.nowcast.de\/de\/unternehmen\/\"},{\"@type\":\"ListItem\",\"position\":3,\"name\":\"Team\"}]},{\"@type\":\"WebSite\",\"@id\":\"https:\/\/www.nowcast.de\/de\/#website\",\"url\":\"https:\/\/www.nowcast.de\/de\/\",\"name\":\"nowcast\",\"description\":\"Lightning.Detected.\",\"publisher\":{\"@id\":\"https:\/\/www.nowcast.de\/de\/#organization\"},\"potentialAction\":[{\"@type\":\"SearchAction\",\"target\":{\"@type\":\"EntryPoint\",\"urlTemplate\":\"https:\/\/www.nowcast.de\/de\/?s={search_term_string}\"},\"query-input\":\"required name=search_term_string\"}],\"inLanguage\":\"de-DE\"},{\"@type\":\"Organization\",\"@id\":\"https:\/\/www.nowcast.de\/de\/#organization\",\"name\":\"nowcast GmbH\",\"url\":\"https:\/\/www.nowcast.de\/de\/\",\"logo\":{\"@type\":\"ImageObject\",\"inLanguage\":\"de-DE\",\"@id\":\"https:\/\/www.nowcast.de\/de\/#\/schema\/logo\/image\/\",\"url\":\"https:\/\/www.nowcast.de\/wp-content\/uploads\/2020\/07\/logo-nowcast_lightning-detected_rgb.png\",\"contentUrl\":\"https:\/\/www.nowcast.de\/wp-content\/uploads\/2020\/07\/logo-nowcast_lightning-detected_rgb.png\",\"width\":800,\"height\":355,\"caption\":\"nowcast GmbH\"},\"image\":{\"@id\":\"https:\/\/www.nowcast.de\/de\/#\/schema\/logo\/image\/\"}}]}<\/script>\n<!-- \/ Yoast SEO plugin. -->","yoast_head_json":{"title":"Team - nowcast","robots":{"index":"index","follow":"follow","max-snippet":"max-snippet:-1","max-image-preview":"max-image-preview:large","max-video-preview":"max-video-preview:-1"},"canonical":"https:\/\/www.nowcast.de\/de\/unternehmen\/team\/","og_locale":"de_DE","og_type":"article","og_title":"Team - nowcast","og_url":"https:\/\/www.nowcast.de\/de\/unternehmen\/team\/","og_site_name":"nowcast","article_modified_time":"2022-08-29T11:47:16+00:00","twitter_card":"summary_large_image","twitter_misc":{"Gesch\u00e4tzte Lesezeit":"3 Minuten"},"schema":{"@context":"https:\/\/schema.org","@graph":[{"@type":"WebPage","@id":"https:\/\/www.nowcast.de\/de\/unternehmen\/team\/","url":"https:\/\/www.nowcast.de\/de\/unternehmen\/team\/","name":"Team - nowcast","isPartOf":{"@id":"https:\/\/www.nowcast.de\/de\/#website"},"datePublished":"2019-04-03T15:49:19+00:00","dateModified":"2022-08-29T11:47:16+00:00","breadcrumb":{"@id":"https:\/\/www.nowcast.de\/de\/unternehmen\/team\/#breadcrumb"},"inLanguage":"de-DE","potentialAction":[{"@type":"ReadAction","target":["https:\/\/www.nowcast.de\/de\/unternehmen\/team\/"]}]},{"@type":"BreadcrumbList","@id":"https:\/\/www.nowcast.de\/de\/unternehmen\/team\/#breadcrumb","itemListElement":[{"@type":"ListItem","position":1,"name":"Startseite","item":"https:\/\/www.nowcast.de\/de\/"},{"@type":"ListItem","position":2,"name":"Unternehmen","item":"https:\/\/www.nowcast.de\/de\/unternehmen\/"},{"@type":"ListItem","position":3,"name":"Team"}]},{"@type":"WebSite","@id":"https:\/\/www.nowcast.de\/de\/#website","url":"https:\/\/www.nowcast.de\/de\/","name":"nowcast","description":"Lightning.Detected.","publisher":{"@id":"https:\/\/www.nowcast.de\/de\/#organization"},"potentialAction":[{"@type":"SearchAction","target":{"@type":"EntryPoint","urlTemplate":"https:\/\/www.nowcast.de\/de\/?s={search_term_string}"},"query-input":"required name=search_term_string"}],"inLanguage":"de-DE"},{"@type":"Organization","@id":"https:\/\/www.nowcast.de\/de\/#organization","name":"nowcast GmbH","url":"https:\/\/www.nowcast.de\/de\/","logo":{"@type":"ImageObject","inLanguage":"de-DE","@id":"https:\/\/www.nowcast.de\/de\/#\/schema\/logo\/image\/","url":"https:\/\/www.nowcast.de\/wp-content\/uploads\/2020\/07\/logo-nowcast_lightning-detected_rgb.png","contentUrl":"https:\/\/www.nowcast.de\/wp-content\/uploads\/2020\/07\/logo-nowcast_lightning-detected_rgb.png","width":800,"height":355,"caption":"nowcast GmbH"},"image":{"@id":"https:\/\/www.nowcast.de\/de\/#\/schema\/logo\/image\/"}}]}},"_links":{"self":[{"href":"https:\/\/www.nowcast.de\/de\/wp-json\/wp\/v2\/pages\/341"}],"collection":[{"href":"https:\/\/www.nowcast.de\/de\/wp-json\/wp\/v2\/pages"}],"about":[{"href":"https:\/\/www.nowcast.de\/de\/wp-json\/wp\/v2\/types\/page"}],"author":[{"embeddable":true,"href":"https:\/\/www.nowcast.de\/de\/wp-json\/wp\/v2\/users\/12"}],"replies":[{"embeddable":true,"href":"https:\/\/www.nowcast.de\/de\/wp-json\/wp\/v2\/comments?post=341"}],"version-history":[{"count":38,"href":"https:\/\/www.nowcast.de\/de\/wp-json\/wp\/v2\/pages\/341\/revisions"}],"predecessor-version":[{"id":6640,"href":"https:\/\/www.nowcast.de\/de\/wp-json\/wp\/v2\/pages\/341\/revisions\/6640"}],"up":[{"embeddable":true,"href":"https:\/\/www.nowcast.de\/de\/wp-json\/wp\/v2\/pages\/24"}],"wp:attachment":[{"href":"https:\/\/www.nowcast.de\/de\/wp-json\/wp\/v2\/media?parent=341"}],"curies":[{"name":"wp","href":"https:\/\/api.w.org\/{rel}","templated":true}]}}