{"id":2411,"date":"2020-03-04T16:29:02","date_gmt":"2020-03-04T15:29:02","guid":{"rendered":"https:\/\/www.nowcast.de\/branchen\/telekommunikation\/"},"modified":"2021-03-25T10:01:16","modified_gmt":"2021-03-25T09:01:16","slug":"telekommunikation","status":"publish","type":"page","link":"https:\/\/www.nowcast.de\/de\/branchen\/telekommunikation\/","title":{"rendered":"Telekommunikation"},"content":{"rendered":"\n<style type=\"text\/css\" data-created_by=\"avia_inline_auto\" id=\"style-css-av-kki6aknq-40741a68d63be8e110710333b747f6bb\">\n.avia-image-container.av-kki6aknq-40741a68d63be8e110710333b747f6bb img.avia_image{\nbox-shadow:none;\n}\n.avia-image-container.av-kki6aknq-40741a68d63be8e110710333b747f6bb .av-image-caption-overlay-center{\ncolor:#ffffff;\n}\n<\/style>\n<div  class='avia-image-container av-kki6aknq-40741a68d63be8e110710333b747f6bb av-styling- avia-align-center  avia-builder-el-0  el_before_av_one_full  avia-builder-el-first '   itemprop=\"image\" itemscope=\"itemscope\" itemtype=\"https:\/\/schema.org\/ImageObject\" ><div class=\"avia-image-container-inner\"><div class=\"avia-image-overlay-wrap\"><img decoding=\"async\" class='wp-image-3568 avia-img-lazy-loading-not-3568 avia_image ' src=\"https:\/\/www.nowcast.de\/wp-content\/uploads\/2020\/09\/lightning-detection-nowcast-telecommunication-845x400.jpg\" alt='' title='blitzortung-blitzdaten-nowcast-telekommunikation'  height=\"400\" width=\"845\"  itemprop=\"thumbnailUrl\"  \/><\/div><\/div><\/div>\n<p>\n<style type=\"text\/css\" data-created_by=\"avia_inline_auto\" id=\"style-css-av-v1lbh-23c00595d3386e8da7c5b68435661b84\">\n.flex_column.av-v1lbh-23c00595d3386e8da7c5b68435661b84{\n-webkit-border-radius:0px 0px 0px 0px;\n-moz-border-radius:0px 0px 0px 0px;\nborder-radius:0px 0px 0px 0px;\npadding:0px 0px 0px 0px;\n}\n<\/style>\n<div class='flex_column av-v1lbh-23c00595d3386e8da7c5b68435661b84 av_one_full  avia-builder-el-1  el_after_av_image  el_before_av_iconlist  first flex_column_div av-zero-column-padding '     ><section  class='av_textblock_section av-k7dfyfri-7418e145e56cac7270582739a7ac2b98'  itemscope=\"itemscope\" itemtype=\"https:\/\/schema.org\/CreativeWork\" ><div class='avia_textblock'  itemprop=\"text\" ><h1>Blitzdaten f\u00fcr Telekommunikationsanbieter<\/h1>\n<h4>Effiziente zus\u00e4tzliche Daten f\u00fcr eine schnelle Diagnose der Telekommunikationsinfrastruktur<\/h4>\n<p>Blitzeinschl\u00e4ge f\u00fchren h\u00e4ufig zu Fehlfunktionen bei Telekommunikationsger\u00e4ten wie Routern und Switches. Beschweren sich Kunden dar\u00fcber, dass ihre Verbindung unterbrochen wurde, erheben Telekommunikationsanbieter die m\u00f6glichen Gr\u00fcnde. In 90% aller durch Blitzschlag hervorgerufener Fehlfunktionen k\u00f6nnen diese innerhalb k\u00fcrzester Zeit behoben werden und helfen Anbietern dabei, mit hochpr\u00e4zisen Echtzeit-Wetterdaten Zeit und M\u00fche zu sparen.<\/p>\n<p>Auf diese Art und Weise k\u00f6nnen Telekommunikationsanbieter sowohl Serviceeffizienz &amp; Kundenzufriedenheit betr\u00e4chtlich erh\u00f6hen und die Reaktionszeit verk\u00fcrzen, als auch Zeit und Geld sparen.<\/p>\n<\/div><\/section><br \/>\n<section  class='av_textblock_section av-k7dfyr5o-06e30f6114939cb417a1fcd93db45677'  itemscope=\"itemscope\" itemtype=\"https:\/\/schema.org\/CreativeWork\" ><div class='avia_textblock'  itemprop=\"text\" ><h3><strong>Klare Vorteile<\/strong><\/h3>\n<\/div><\/section><\/p><\/div><div  class='avia-icon-list-container av-k7dg0fle-2e26120e3790258d0f7af4f32e2f4558  avia-builder-el-4  el_after_av_one_full  el_before_av_one_full '><ul class='avia-icon-list avia_animate_when_almost_visible avia-icon-list-left av-iconlist-big av-k7dg0fle-2e26120e3790258d0f7af4f32e2f4558 avia-iconlist-animate'>\n<li><div class='iconlist_icon av-bap965-78842d04624a77a1067eadf57a1b3570 avia-font-entypo-fontello'><span class='iconlist-char' aria-hidden='true' data-av_icon='\ue8b4' data-av_iconfont='entypo-fontello'><\/span><\/div><article class=\"article-icon-entry av-iconlist-empty\"  itemscope=\"itemscope\" itemtype=\"https:\/\/schema.org\/CreativeWork\" ><div class=\"iconlist_content_wrap\"><header class=\"entry-content-header\"><h4 class='av_iconlist_title iconlist_title  '  itemprop=\"headline\" >Hochpr\u00e4zise Blitzdaten in Echtzeit, um durch Blitzschlag verursachte Fehlfunktionen zu identifizieren<\/h4><\/header><div class='iconlist_content '  itemprop=\"text\" ><\/div><\/div><footer class=\"entry-footer\"><\/footer><\/article><div class=\"iconlist-timeline\"><\/div><\/li>\n<li><div class='iconlist_icon av-9spvr1-edd962e0e8298e852002c922254a70ec avia-font-entypo-fontello'><span class='iconlist-char' aria-hidden='true' data-av_icon='\ue864' data-av_iconfont='entypo-fontello'><\/span><\/div><article class=\"article-icon-entry av-iconlist-empty\"  itemscope=\"itemscope\" itemtype=\"https:\/\/schema.org\/CreativeWork\" ><div class=\"iconlist_content_wrap\"><header class=\"entry-content-header\"><h4 class='av_iconlist_title iconlist_title  '  itemprop=\"headline\" >Vorausplanung bevorstehender Ausf\u00e4lle durch Gewitteraktivit\u00e4t<\/h4><\/header><div class='iconlist_content '  itemprop=\"text\" ><\/div><\/div><footer class=\"entry-footer\"><\/footer><\/article><div class=\"iconlist-timeline\"><\/div><\/li>\n<li><div class='iconlist_icon av-7yop1p-0657598472f5cc32551917be3c88ee72 avia-font-entypo-fontello'><span class='iconlist-char' aria-hidden='true' data-av_icon='\ue83e' data-av_iconfont='entypo-fontello'><\/span><\/div><article class=\"article-icon-entry av-iconlist-empty\"  itemscope=\"itemscope\" itemtype=\"https:\/\/schema.org\/CreativeWork\" ><div class=\"iconlist_content_wrap\"><header class=\"entry-content-header\"><h4 class='av_iconlist_title iconlist_title  '  itemprop=\"headline\" >Fr\u00fchzeitige Warnung bevorstehender Gewitteraktivit\u00e4t mit dem rTNT Algorithmus<\/h4><\/header><div class='iconlist_content '  itemprop=\"text\" ><\/div><\/div><footer class=\"entry-footer\"><\/footer><\/article><div class=\"iconlist-timeline\"><\/div><\/li>\n<li><div class='iconlist_icon av-6lfagd-acbc6bbff02cc8b9a186948ee1e5b4a8 avia-font-entypo-fontello'><span class='iconlist-char' aria-hidden='true' data-av_icon='\ue8c5' data-av_iconfont='entypo-fontello'><\/span><\/div><article class=\"article-icon-entry av-iconlist-empty\"  itemscope=\"itemscope\" itemtype=\"https:\/\/schema.org\/CreativeWork\" ><div class=\"iconlist_content_wrap\"><header class=\"entry-content-header\"><h4 class='av_iconlist_title iconlist_title  '  itemprop=\"headline\" >Ausgereifte Erkenntnisse f\u00fcr die Kundenbetreuung<\/h4><\/header><div class='iconlist_content '  itemprop=\"text\" ><\/div><\/div><footer class=\"entry-footer\"><\/footer><\/article><div class=\"iconlist-timeline\"><\/div><\/li>\n<li><div class='iconlist_icon av-4u9evx-88bb067ee11ff486347b09a6cfec460b avia-font-entypo-fontello'><span class='iconlist-char' aria-hidden='true' data-av_icon='\ue8a3' data-av_iconfont='entypo-fontello'><\/span><\/div><article class=\"article-icon-entry av-iconlist-empty\"  itemscope=\"itemscope\" itemtype=\"https:\/\/schema.org\/CreativeWork\" ><div class=\"iconlist_content_wrap\"><header class=\"entry-content-header\"><h4 class='av_iconlist_title iconlist_title  '  itemprop=\"headline\" >Klare Unterscheidung von Fehlfunktionen durch Blitzschlag und anderen Ursachen<\/h4><\/header><div class='iconlist_content '  itemprop=\"text\" ><\/div><\/div><footer class=\"entry-footer\"><\/footer><\/article><div class=\"iconlist-timeline\"><\/div><\/li>\n<li><div class='iconlist_icon av-2mltv1-8298278cd3c9952732c36dbad7cfdbfa avia-font-entypo-fontello'><span class='iconlist-char' aria-hidden='true' data-av_icon='\ue8e3' data-av_iconfont='entypo-fontello'><\/span><\/div><article class=\"article-icon-entry av-iconlist-empty\"  itemscope=\"itemscope\" itemtype=\"https:\/\/schema.org\/CreativeWork\" ><div class=\"iconlist_content_wrap\"><header class=\"entry-content-header\"><h4 class='av_iconlist_title iconlist_title  '  itemprop=\"headline\" >Betr\u00e4chtliche Einsparungen von Zeit und Geld<\/h4><\/header><div class='iconlist_content '  itemprop=\"text\" ><\/div><\/div><footer class=\"entry-footer\"><\/footer><\/article><div class=\"iconlist-timeline\"><\/div><\/li>\n<\/ul><\/div><\/p>\n\n<style type=\"text\/css\" data-created_by=\"avia_inline_auto\" id=\"style-css-av-3sye4d-48df1096013bae4dabe2df21890460e7\">\n.flex_column.av-3sye4d-48df1096013bae4dabe2df21890460e7{\n-webkit-border-radius:0px 0px 0px 0px;\n-moz-border-radius:0px 0px 0px 0px;\nborder-radius:0px 0px 0px 0px;\npadding:0px 0px 0px 0px;\n}\n<\/style>\n<div class='flex_column av-3sye4d-48df1096013bae4dabe2df21890460e7 av_one_full  avia-builder-el-5  el_after_av_iconlist  avia-builder-el-last  first flex_column_div av-zero-column-padding '     ><div  class='avia-builder-widget-area clearfix  avia-builder-el-6  avia-builder-el-no-sibling '>        <div id=\"demo_request\" class=\"avia-section main_color avia-section-default avia-no-border-styling  avia-bg-style-scroll el_after_av_section  el_before_av_section   container_wrap fullsize\" style=\"background-color: #f39625\">\n            <div class=\"container\">\n                <div class=\"template-page content  av-content-full alpha units\">\n                    <div class=\"post-entry post-entry-type-page post-entry-3879\">\n                        <div class=\"entry-content-wrapper clearfix\">\n                            <div class=\"flex_column_table av-equal-height-column-flextable -flextable\">\n                                <div class=\"flex_column av_one_half  flex_column_table_cell av-equal-height-column av-align-top av-zero-column-padding first el_before_av_one_half  avia-builder-el-first  \" style=\"border-radius: 0\" id=\"demoformcontainer\">\n                                    <h2>Demo vereinbaren<\/h2>\n\n                                    <div role=\"form\" class=\"wpcf7\" id=\"wpcf7-f6695-o1\" lang=\"de-DE\" dir=\"ltr\">\n<div class=\"screen-reader-response\"><p role=\"status\" aria-live=\"polite\" aria-atomic=\"true\"><\/p> <ul><\/ul><\/div>\n<form action=\"\/de\/wp-json\/wp\/v2\/pages\/2411#wpcf7-f6695-o1\" method=\"post\" class=\"wpcf7-form init\" novalidate=\"novalidate\" data-status=\"init\" id=\"demoform\">\n<div style=\"display: none;\">\n<input type=\"hidden\" name=\"_wpcf7\" value=\"6695\" \/>\n<input type=\"hidden\" name=\"_wpcf7_version\" value=\"5.6.4\" \/>\n<input type=\"hidden\" name=\"_wpcf7_locale\" value=\"de_DE\" \/>\n<input type=\"hidden\" name=\"_wpcf7_unit_tag\" value=\"wpcf7-f6695-o1\" \/>\n<input type=\"hidden\" name=\"_wpcf7_container_post\" value=\"0\" \/>\n<input type=\"hidden\" name=\"_wpcf7_posted_data_hash\" value=\"\" \/>\n<\/div>\n<p><span class=\"wpcf7-form-control-wrap\" data-name=\"your-name\"><input type=\"text\" name=\"your-name\" value=\"\" size=\"40\" class=\"wpcf7-form-control wpcf7-text wpcf7-validates-as-required\" aria-required=\"true\" aria-invalid=\"false\" placeholder=\"Name\" \/><\/span><br \/>\n<span class=\"wpcf7-form-control-wrap\" data-name=\"your-company\"><input type=\"text\" name=\"your-company\" value=\"\" size=\"40\" class=\"wpcf7-form-control wpcf7-text wpcf7-validates-as-required\" aria-required=\"true\" aria-invalid=\"false\" placeholder=\"Unternehmen\" \/><\/span><br \/>\n<span class=\"wpcf7-form-control-wrap\" data-name=\"your-email\"><input type=\"email\" name=\"your-email\" value=\"\" size=\"40\" class=\"wpcf7-form-control wpcf7-text wpcf7-email wpcf7-validates-as-required wpcf7-validates-as-email\" aria-required=\"true\" aria-invalid=\"false\" placeholder=\"E-Mail\" \/><\/span><br \/>\n<span class=\"wpcf7-form-control-wrap\" data-name=\"tel-800\"><input type=\"tel\" name=\"tel-800\" value=\"\" size=\"40\" class=\"wpcf7-form-control wpcf7-text wpcf7-tel wpcf7-validates-as-tel\" aria-invalid=\"false\" placeholder=\"+43 123 45678\" \/><\/span><br \/>\n<span class=\"wpcf7-form-control-wrap\" data-name=\"your-message\"><textarea name=\"your-message\" cols=\"40\" rows=\"10\" class=\"wpcf7-form-control wpcf7-textarea wpcf7-validates-as-required\" aria-required=\"true\" aria-invalid=\"false\" placeholder=\"Ihre Nachricht\"><\/textarea><\/span><span id=\"wpcf7-69d992dd22f3e-wrapper\" class=\"wpcf7-form-control-wrap firstname-wrap\" style=\"display:none !important; visibility:hidden !important;\"><label for=\"wpcf7-69d992dd22f3e-field\" class=\"hp-message\">Bitte lasse dieses Feld leer.<\/label><input id=\"wpcf7-69d992dd22f3e-field\"  class=\"wpcf7-form-control wpcf7-text\" type=\"text\" name=\"firstname\" value=\"\" size=\"40\" tabindex=\"-1\" autocomplete=\"new-password\" \/><\/span><span id=\"wpcf7-69d992dd22fb2-wrapper\" class=\"wpcf7-form-control-wrap lastname-wrap\" style=\"display:none !important; visibility:hidden !important;\"><label for=\"wpcf7-69d992dd22fb2-field\" class=\"hp-message\">Bitte lasse dieses Feld leer.<\/label><input id=\"wpcf7-69d992dd22fb2-field\"  class=\"wpcf7-form-control wpcf7-text\" type=\"text\" name=\"lastname\" value=\"\" size=\"40\" tabindex=\"-1\" autocomplete=\"new-password\" \/><\/span><br \/>\nIhre angegebenen Daten werden nur zum Bearbeiten Ihres Anliegens verwendet. Es gelten die Bestimmungen unserer Datenschutzerkl\u00e4rung.<br \/>\n<input type=\"submit\" value=\"Submit\" class=\"wpcf7-form-control has-spinner wpcf7-submit\" \/><\/p>\n<div class=\"wpcf7-response-output\" aria-hidden=\"true\"><\/div><\/form><\/div>                                <\/div>\n                                <div class=\"av-flex-placeholder\"><\/div>\n                                <div class=\"flex_column av_one_half  av-hide-on-mobile  flex_column_table_cell av-equal-height-column av-align-top el_after_av_one_half  avia-builder-el-last  \" style=\"border-radius:0\">\n                                    <div class=\"avia-image-container  av-styling-   av-small-hide av-mini-hide  avia-builder-el-120  avia-builder-el-no-sibling  avia-align-center \" itemprop=\"image\" itemscope=\"itemscope\" itemtype=\"https:\/\/schema.org\/ImageObject\">\n                                        <div class=\"avia-image-container-inner\">\n                                            <div class=\"avia-image-overlay-wrap\">\n                                                <img src=\"\/wp-content\/uploads\/2021\/02\/LINET-view-4-loginshot-lightning-detection-nowcast.jpg\" title=\"Demo vereinbaren\" alt=\"form image\" style=\"width: 100%; height: auto\">\n                                            <\/div>\n                                        <\/div>\n                                    <\/div>\n                                <\/div>\n                            <\/div>\n                        <\/div>\n                    <\/div>\n                <\/div>\n            <\/div>\n        <\/div>\n<\/div><\/div>\n","protected":false},"excerpt":{"rendered":"<p>Als Betreiber von Telekommunikations- und \u00e4hnlichen Infrastrukturen nutzen Sie die hochpr\u00e4zisen Blitzdaten von nowcast, um die Sicherheit f\u00fcr die Besch\u00e4ftigten im Freien zu erh\u00f6hen und Netzausf\u00e4lle sowie Hardwaresch\u00e4den mit Blitzen zu korrelieren.<\/p>\n","protected":false},"author":12,"featured_media":3568,"parent":22,"menu_order":5,"comment_status":"closed","ping_status":"closed","template":"","meta":{"_relevanssi_hide_post":"","_relevanssi_hide_content":"","_relevanssi_pin_for_all":"","_relevanssi_pin_keywords":"","_relevanssi_unpin_keywords":"","_relevanssi_related_keywords":"","_relevanssi_related_include_ids":"","_relevanssi_related_exclude_ids":"","_relevanssi_related_no_append":"","_relevanssi_related_not_related":"","_relevanssi_related_posts":"4675,4215,4540,4444,3686,3672","_relevanssi_noindex_reason":""},"acf":[],"yoast_head":"<!-- This site is optimized with the Yoast SEO plugin v19.10 - https:\/\/yoast.com\/wordpress\/plugins\/seo\/ -->\n<title>Telekommunikation - nowcast<\/title>\n<meta name=\"robots\" content=\"index, follow, max-snippet:-1, max-image-preview:large, max-video-preview:-1\" \/>\n<link rel=\"canonical\" href=\"https:\/\/www.nowcast.de\/de\/branchen\/telekommunikation\/\" \/>\n<meta property=\"og:locale\" content=\"de_DE\" \/>\n<meta property=\"og:type\" content=\"article\" \/>\n<meta property=\"og:title\" content=\"Telekommunikation - nowcast\" \/>\n<meta property=\"og:description\" content=\"Als Betreiber von Telekommunikations- und \u00e4hnlichen Infrastrukturen nutzen Sie die hochpr\u00e4zisen Blitzdaten von nowcast, um die Sicherheit f\u00fcr die Besch\u00e4ftigten im Freien zu erh\u00f6hen und Netzausf\u00e4lle sowie Hardwaresch\u00e4den mit Blitzen zu korrelieren.\" \/>\n<meta property=\"og:url\" content=\"https:\/\/www.nowcast.de\/de\/branchen\/telekommunikation\/\" \/>\n<meta property=\"og:site_name\" content=\"nowcast\" \/>\n<meta property=\"article:modified_time\" content=\"2021-03-25T09:01:16+00:00\" \/>\n<meta property=\"og:image\" content=\"https:\/\/www.nowcast.de\/wp-content\/uploads\/2020\/09\/lightning-detection-nowcast-telecommunication.jpg\" \/>\n\t<meta property=\"og:image:width\" content=\"1000\" \/>\n\t<meta property=\"og:image:height\" content=\"400\" \/>\n\t<meta property=\"og:image:type\" content=\"image\/jpeg\" \/>\n<meta name=\"twitter:card\" content=\"summary_large_image\" \/>\n<meta name=\"twitter:label1\" content=\"Gesch\u00e4tzte Lesezeit\" \/>\n\t<meta name=\"twitter:data1\" content=\"4 Minuten\" \/>\n<script type=\"application\/ld+json\" class=\"yoast-schema-graph\">{\"@context\":\"https:\/\/schema.org\",\"@graph\":[{\"@type\":\"WebPage\",\"@id\":\"https:\/\/www.nowcast.de\/de\/branchen\/telekommunikation\/\",\"url\":\"https:\/\/www.nowcast.de\/de\/branchen\/telekommunikation\/\",\"name\":\"Telekommunikation - nowcast\",\"isPartOf\":{\"@id\":\"https:\/\/www.nowcast.de\/de\/#website\"},\"datePublished\":\"2020-03-04T15:29:02+00:00\",\"dateModified\":\"2021-03-25T09:01:16+00:00\",\"breadcrumb\":{\"@id\":\"https:\/\/www.nowcast.de\/de\/branchen\/telekommunikation\/#breadcrumb\"},\"inLanguage\":\"de-DE\",\"potentialAction\":[{\"@type\":\"ReadAction\",\"target\":[\"https:\/\/www.nowcast.de\/de\/branchen\/telekommunikation\/\"]}]},{\"@type\":\"BreadcrumbList\",\"@id\":\"https:\/\/www.nowcast.de\/de\/branchen\/telekommunikation\/#breadcrumb\",\"itemListElement\":[{\"@type\":\"ListItem\",\"position\":1,\"name\":\"Startseite\",\"item\":\"https:\/\/www.nowcast.de\/de\/\"},{\"@type\":\"ListItem\",\"position\":2,\"name\":\"Branchen\",\"item\":\"https:\/\/www.nowcast.de\/de\/branchen\/\"},{\"@type\":\"ListItem\",\"position\":3,\"name\":\"Telekommunikation\"}]},{\"@type\":\"WebSite\",\"@id\":\"https:\/\/www.nowcast.de\/de\/#website\",\"url\":\"https:\/\/www.nowcast.de\/de\/\",\"name\":\"nowcast\",\"description\":\"Lightning.Detected.\",\"publisher\":{\"@id\":\"https:\/\/www.nowcast.de\/de\/#organization\"},\"potentialAction\":[{\"@type\":\"SearchAction\",\"target\":{\"@type\":\"EntryPoint\",\"urlTemplate\":\"https:\/\/www.nowcast.de\/de\/?s={search_term_string}\"},\"query-input\":\"required name=search_term_string\"}],\"inLanguage\":\"de-DE\"},{\"@type\":\"Organization\",\"@id\":\"https:\/\/www.nowcast.de\/de\/#organization\",\"name\":\"nowcast GmbH\",\"url\":\"https:\/\/www.nowcast.de\/de\/\",\"logo\":{\"@type\":\"ImageObject\",\"inLanguage\":\"de-DE\",\"@id\":\"https:\/\/www.nowcast.de\/de\/#\/schema\/logo\/image\/\",\"url\":\"https:\/\/www.nowcast.de\/wp-content\/uploads\/2020\/07\/logo-nowcast_lightning-detected_rgb.png\",\"contentUrl\":\"https:\/\/www.nowcast.de\/wp-content\/uploads\/2020\/07\/logo-nowcast_lightning-detected_rgb.png\",\"width\":800,\"height\":355,\"caption\":\"nowcast GmbH\"},\"image\":{\"@id\":\"https:\/\/www.nowcast.de\/de\/#\/schema\/logo\/image\/\"}}]}<\/script>\n<!-- \/ Yoast SEO plugin. -->","yoast_head_json":{"title":"Telekommunikation - nowcast","robots":{"index":"index","follow":"follow","max-snippet":"max-snippet:-1","max-image-preview":"max-image-preview:large","max-video-preview":"max-video-preview:-1"},"canonical":"https:\/\/www.nowcast.de\/de\/branchen\/telekommunikation\/","og_locale":"de_DE","og_type":"article","og_title":"Telekommunikation - nowcast","og_description":"Als Betreiber von Telekommunikations- und \u00e4hnlichen Infrastrukturen nutzen Sie die hochpr\u00e4zisen Blitzdaten von nowcast, um die Sicherheit f\u00fcr die Besch\u00e4ftigten im Freien zu erh\u00f6hen und Netzausf\u00e4lle sowie Hardwaresch\u00e4den mit Blitzen zu korrelieren.","og_url":"https:\/\/www.nowcast.de\/de\/branchen\/telekommunikation\/","og_site_name":"nowcast","article_modified_time":"2021-03-25T09:01:16+00:00","og_image":[{"width":1000,"height":400,"url":"https:\/\/www.nowcast.de\/wp-content\/uploads\/2020\/09\/lightning-detection-nowcast-telecommunication.jpg","type":"image\/jpeg"}],"twitter_card":"summary_large_image","twitter_misc":{"Gesch\u00e4tzte Lesezeit":"4 Minuten"},"schema":{"@context":"https:\/\/schema.org","@graph":[{"@type":"WebPage","@id":"https:\/\/www.nowcast.de\/de\/branchen\/telekommunikation\/","url":"https:\/\/www.nowcast.de\/de\/branchen\/telekommunikation\/","name":"Telekommunikation - nowcast","isPartOf":{"@id":"https:\/\/www.nowcast.de\/de\/#website"},"datePublished":"2020-03-04T15:29:02+00:00","dateModified":"2021-03-25T09:01:16+00:00","breadcrumb":{"@id":"https:\/\/www.nowcast.de\/de\/branchen\/telekommunikation\/#breadcrumb"},"inLanguage":"de-DE","potentialAction":[{"@type":"ReadAction","target":["https:\/\/www.nowcast.de\/de\/branchen\/telekommunikation\/"]}]},{"@type":"BreadcrumbList","@id":"https:\/\/www.nowcast.de\/de\/branchen\/telekommunikation\/#breadcrumb","itemListElement":[{"@type":"ListItem","position":1,"name":"Startseite","item":"https:\/\/www.nowcast.de\/de\/"},{"@type":"ListItem","position":2,"name":"Branchen","item":"https:\/\/www.nowcast.de\/de\/branchen\/"},{"@type":"ListItem","position":3,"name":"Telekommunikation"}]},{"@type":"WebSite","@id":"https:\/\/www.nowcast.de\/de\/#website","url":"https:\/\/www.nowcast.de\/de\/","name":"nowcast","description":"Lightning.Detected.","publisher":{"@id":"https:\/\/www.nowcast.de\/de\/#organization"},"potentialAction":[{"@type":"SearchAction","target":{"@type":"EntryPoint","urlTemplate":"https:\/\/www.nowcast.de\/de\/?s={search_term_string}"},"query-input":"required name=search_term_string"}],"inLanguage":"de-DE"},{"@type":"Organization","@id":"https:\/\/www.nowcast.de\/de\/#organization","name":"nowcast GmbH","url":"https:\/\/www.nowcast.de\/de\/","logo":{"@type":"ImageObject","inLanguage":"de-DE","@id":"https:\/\/www.nowcast.de\/de\/#\/schema\/logo\/image\/","url":"https:\/\/www.nowcast.de\/wp-content\/uploads\/2020\/07\/logo-nowcast_lightning-detected_rgb.png","contentUrl":"https:\/\/www.nowcast.de\/wp-content\/uploads\/2020\/07\/logo-nowcast_lightning-detected_rgb.png","width":800,"height":355,"caption":"nowcast GmbH"},"image":{"@id":"https:\/\/www.nowcast.de\/de\/#\/schema\/logo\/image\/"}}]}},"_links":{"self":[{"href":"https:\/\/www.nowcast.de\/de\/wp-json\/wp\/v2\/pages\/2411"}],"collection":[{"href":"https:\/\/www.nowcast.de\/de\/wp-json\/wp\/v2\/pages"}],"about":[{"href":"https:\/\/www.nowcast.de\/de\/wp-json\/wp\/v2\/types\/page"}],"author":[{"embeddable":true,"href":"https:\/\/www.nowcast.de\/de\/wp-json\/wp\/v2\/users\/12"}],"replies":[{"embeddable":true,"href":"https:\/\/www.nowcast.de\/de\/wp-json\/wp\/v2\/comments?post=2411"}],"version-history":[{"count":19,"href":"https:\/\/www.nowcast.de\/de\/wp-json\/wp\/v2\/pages\/2411\/revisions"}],"predecessor-version":[{"id":5834,"href":"https:\/\/www.nowcast.de\/de\/wp-json\/wp\/v2\/pages\/2411\/revisions\/5834"}],"up":[{"embeddable":true,"href":"https:\/\/www.nowcast.de\/de\/wp-json\/wp\/v2\/pages\/22"}],"wp:featuredmedia":[{"embeddable":true,"href":"https:\/\/www.nowcast.de\/de\/wp-json\/wp\/v2\/media\/3568"}],"wp:attachment":[{"href":"https:\/\/www.nowcast.de\/de\/wp-json\/wp\/v2\/media?parent=2411"}],"curies":[{"name":"wp","href":"https:\/\/api.w.org\/{rel}","templated":true}]}}