{"id":128,"date":"2019-03-14T11:08:57","date_gmt":"2019-03-14T10:08:57","guid":{"rendered":"https:\/\/www.nowcast.de\/?page_id=128"},"modified":"2021-02-19T13:59:56","modified_gmt":"2021-02-19T12:59:56","slug":"so-funktioniert-linet","status":"publish","type":"page","link":"https:\/\/www.nowcast.de\/de\/unternehmen\/so-funktioniert-linet\/","title":{"rendered":"So funktioniert LINET"},"content":{"rendered":"<p>\n<style type=\"text\/css\" data-created_by=\"avia_inline_auto\" id=\"style-css-av-xexnk-a1dbf7b6d15e630fcd4a21f886a6deb6\">\n.flex_column.av-xexnk-a1dbf7b6d15e630fcd4a21f886a6deb6{\n-webkit-border-radius:0px 0px 0px 0px;\n-moz-border-radius:0px 0px 0px 0px;\nborder-radius:0px 0px 0px 0px;\npadding:0px 0px 0px 0px;\n}\n<\/style>\n<div class='flex_column av-xexnk-a1dbf7b6d15e630fcd4a21f886a6deb6 av_one_full  avia-builder-el-0  el_before_av_one_full  avia-builder-el-first  first flex_column_div av-zero-column-padding '     ><div  class='avia-slideshow av-rftts-26f67924483754d85a08c585f565a891 avia-slideshow-featured av_slideshow avia-slide-slider  avia-builder-el-1  avia-builder-el-no-sibling  av-slideshow-ui av-control-default av-slideshow-manual av-loop-once av-loop-manual-endless av-default-height-applied avia-slideshow-1' data-slideshow-options=\"{&quot;animation&quot;:&quot;slide&quot;,&quot;autoplay&quot;:false,&quot;loop_autoplay&quot;:&quot;once&quot;,&quot;interval&quot;:5,&quot;loop_manual&quot;:&quot;manual-endless&quot;,&quot;autoplay_stopper&quot;:false,&quot;noNavigation&quot;:false,&quot;bg_slider&quot;:false,&quot;keep_padding&quot;:false,&quot;hoverpause&quot;:false,&quot;show_slide_delay&quot;:0}\"  itemprop=\"image\" itemscope=\"itemscope\" itemtype=\"https:\/\/schema.org\/ImageObject\" ><ul class='avia-slideshow-inner ' style='padding-bottom: 28.666666666667%;'><li  class='avia-slideshow-slide av-rftts-26f67924483754d85a08c585f565a891__0  av-single-slide slide-1 slide-odd'><div data-rel='slideshow-1' class='avia-slide-wrap '   ><img decoding=\"async\" class=\"wp-image-3063 avia-img-lazy-loading-not-3063\"  src=\"https:\/\/www.nowcast.de\/wp-content\/uploads\/2020\/07\/header-Kopie-scaled-1500x430.jpg\" width=\"1500\" height=\"430\" title='safari car on offroad ,adventure trail' alt=''  itemprop=\"thumbnailUrl\"   \/><\/div><\/li><\/ul><\/div><\/div> \n<style type=\"text\/css\" data-created_by=\"avia_inline_auto\" id=\"style-css-av-anu00-0ee954036fc1810d953da98c439d479d\">\n.flex_column.av-anu00-0ee954036fc1810d953da98c439d479d{\n-webkit-border-radius:0px 0px 0px 0px;\n-moz-border-radius:0px 0px 0px 0px;\nborder-radius:0px 0px 0px 0px;\npadding:0px 0px 0px 0px;\n}\n<\/style>\n<div class='flex_column av-anu00-0ee954036fc1810d953da98c439d479d av_one_full  avia-builder-el-2  el_after_av_one_full  avia-builder-el-last  first flex_column_div av-zero-column-padding column-top-margin'     ><section  class='av_textblock_section av-ju9tm3kr-5d9fc07d97854be0477b55368a48b6de'  itemscope=\"itemscope\" itemtype=\"https:\/\/schema.org\/CreativeWork\" ><div class='avia_textblock'  itemprop=\"text\" ><p class=\"bodytext\"><strong>LINET <\/strong>misst die von Blitzen ausgesandte elektromagnetische Strahlung. Diese Messung erfolgt durch hochempfindliche Sensoren, die in einem Abstand von etwa 150 bis 250 km \u00fcber das Messgebiet verteilt sind. Da sich die elektromagnetische Strahlung der Blitze mit nahezu Lichtgeschwindigkeit ausbreitet, erreicht sie die Sensoren zu unterschiedlichen Zeitpunkten. Wenngleich der Unterschied nur Mikrosekunden (\u00b5s) betr\u00e4gt, ist eine exakte Berechnung des urspr\u00fcnglichen Emissionsorts des Blitzes m\u00f6glich. Daf\u00fcr werden die gemessenen Daten jedes einzelnen Sensors \u00fcber das Internet an einen zentralen Server gesendet. Der Server berechnet f\u00fcr alle gemessenen Blitze die exakte geografische Position (die sog. \u201ePeilung\u201c) und speichert sie in einer Datenbank ab. Die Ergebnisse stehen dem Kunden in Echtzeit zur Verf\u00fcgung. Dieses Messverfahren wird als \u201eTime of Arrival\u201d-Verfahren bezeichnet.<\/p>\n<p>Doch <strong>LINET<\/strong> misst nicht nur die Position des Blitzes. <strong>LINET<\/strong> erfasst auch die St\u00e4rke und Polarit\u00e4t der Blitze, und insbesondere die H\u00f6he von Wolkeblitzen und bereichert die Blitzinformationen um die dritte Dimension. Diese Eigenschaft ist f\u00fcr gro\u00dffl\u00e4chig einsetzbare Niederfrequenz-Netze (VLF\/LF) weltweit einzigartig. Die detektierten Blitze stehen Gesch\u00e4ftskunden in Form von Datenpaketen mit numerischen Blitzinformationen (<a href=\"https:\/\/www.nowcast.de\/blitz-ortung-produkte\/linetdata.html\">LINET data<\/a>) oder einer Visualisierung (<a href=\"https:\/\/www.nowcast.de\/blitz-ortung-produkte\/linet-view.html\">LINET view<\/a>) umgehend zur Verf\u00fcgung.<\/p>\n<h3>Technische Komponenten<\/h3>\n<p>Die Hardware von <strong>LINET<\/strong> setzt sich im Wesentlichen aus zwei Modulen zusammen: Den Messstationen und einem zentralen Server. Die Messstationen, bestehend aus einer Feldantenne, einem GPS-Empf\u00e4nger und einem Feldprozessor, werden im zu \u00fcberwachenden Gebiet mit einem Abstand zueinander von etwa 150 bis 250 km (Empfehlung) aufgestellt. Die Position des Servers ist unerheblich, solange eine ausreichend schnelle und stabile Internetverbindung besteht. Ein Backup-Server an einem anderen Standort sichert die Zuverl\u00e4ssigkeit und Verf\u00fcgbarkeit des Systems. Ein gro\u00dfer Vorteil ist die redundante Anzahl der Sensoren. Nur die besten Signale m\u00fcssen zur Berechnung herangezogen werden. Der Ausfall eines einzelnen Sensors ist f\u00fcr die Gesamtqualit\u00e4t des Blitzortungssystems unerheblich. Durch die einfache Handhabung ist eine Messstation von <strong>LINET<\/strong> schnell und einfach aufgebaut, sofern Strom (mind. 30W) und eine stabile Internetverbindung zur Verf\u00fcgung stehen.<\/p>\n<h3>Qualit\u00e4tsf\u00fchrer<\/h3>\n<p>Innerhalb eines regul\u00e4ren <strong>LINET<\/strong> Messnetzes liegt die mittlere Abweichung (mittlerer Fehler) bei der Berechnung der Position eines Blitzes im Durchschnitt bei 75 Meter. Ebenso wichtig ist die Tatsache, dass gr\u00f6\u00dfere Fehlpeilungen nahezu ausgeschlossen sind. Kontrolliert wird die Qualit\u00e4t regelm\u00e4\u00dfig durch den Vergleich der LINET-Messdaten mit Einschl\u00e4gen in T\u00fcrmen mit bekannter geografischer Position. In dichteren Ausbaustufen l\u00e4sst sich die Pr\u00e4zision weiter verbessern. Mit dieser Lokalisierungsgenauigkeit ist <strong>LINET<\/strong> Qualit\u00e4tsf\u00fchrer unter den kommerziellen Blitzortungssystemen. <\/p>\n<\/div><\/section><\/div><\/p>\n","protected":false},"excerpt":{"rendered":"","protected":false},"author":1,"featured_media":766,"parent":24,"menu_order":0,"comment_status":"closed","ping_status":"closed","template":"","meta":{"_relevanssi_hide_post":"","_relevanssi_hide_content":"","_relevanssi_pin_for_all":"","_relevanssi_pin_keywords":"","_relevanssi_unpin_keywords":"","_relevanssi_related_keywords":"","_relevanssi_related_include_ids":"","_relevanssi_related_exclude_ids":"","_relevanssi_related_no_append":"","_relevanssi_related_not_related":"","_relevanssi_related_posts":"","_relevanssi_noindex_reason":""},"acf":[],"yoast_head":"<!-- This site is optimized with the Yoast SEO plugin v19.10 - https:\/\/yoast.com\/wordpress\/plugins\/seo\/ -->\n<title>So funktioniert LINET - nowcast<\/title>\n<meta name=\"robots\" content=\"index, follow, max-snippet:-1, max-image-preview:large, max-video-preview:-1\" \/>\n<link rel=\"canonical\" href=\"https:\/\/www.nowcast.de\/de\/unternehmen\/so-funktioniert-linet\/\" \/>\n<meta property=\"og:locale\" content=\"de_DE\" \/>\n<meta property=\"og:type\" content=\"article\" \/>\n<meta property=\"og:title\" content=\"So funktioniert LINET - nowcast\" \/>\n<meta property=\"og:url\" content=\"https:\/\/www.nowcast.de\/de\/unternehmen\/so-funktioniert-linet\/\" \/>\n<meta property=\"og:site_name\" content=\"nowcast\" \/>\n<meta property=\"article:modified_time\" content=\"2021-02-19T12:59:56+00:00\" \/>\n<meta property=\"og:image\" content=\"https:\/\/www.nowcast.de\/wp-content\/uploads\/2019\/04\/3D_Ortung_TOA-1-Kopie.png\" \/>\n\t<meta property=\"og:image:width\" content=\"845\" \/>\n\t<meta property=\"og:image:height\" content=\"406\" \/>\n\t<meta property=\"og:image:type\" content=\"image\/png\" \/>\n<meta name=\"twitter:card\" content=\"summary_large_image\" \/>\n<meta name=\"twitter:label1\" content=\"Gesch\u00e4tzte Lesezeit\" \/>\n\t<meta name=\"twitter:data1\" content=\"4 Minuten\" \/>\n<script type=\"application\/ld+json\" class=\"yoast-schema-graph\">{\"@context\":\"https:\/\/schema.org\",\"@graph\":[{\"@type\":\"WebPage\",\"@id\":\"https:\/\/www.nowcast.de\/de\/unternehmen\/so-funktioniert-linet\/\",\"url\":\"https:\/\/www.nowcast.de\/de\/unternehmen\/so-funktioniert-linet\/\",\"name\":\"So funktioniert LINET - nowcast\",\"isPartOf\":{\"@id\":\"https:\/\/www.nowcast.de\/de\/#website\"},\"datePublished\":\"2019-03-14T10:08:57+00:00\",\"dateModified\":\"2021-02-19T12:59:56+00:00\",\"breadcrumb\":{\"@id\":\"https:\/\/www.nowcast.de\/de\/unternehmen\/so-funktioniert-linet\/#breadcrumb\"},\"inLanguage\":\"de-DE\",\"potentialAction\":[{\"@type\":\"ReadAction\",\"target\":[\"https:\/\/www.nowcast.de\/de\/unternehmen\/so-funktioniert-linet\/\"]}]},{\"@type\":\"BreadcrumbList\",\"@id\":\"https:\/\/www.nowcast.de\/de\/unternehmen\/so-funktioniert-linet\/#breadcrumb\",\"itemListElement\":[{\"@type\":\"ListItem\",\"position\":1,\"name\":\"Startseite\",\"item\":\"https:\/\/www.nowcast.de\/de\/\"},{\"@type\":\"ListItem\",\"position\":2,\"name\":\"Unternehmen\",\"item\":\"https:\/\/www.nowcast.de\/de\/unternehmen\/\"},{\"@type\":\"ListItem\",\"position\":3,\"name\":\"So funktioniert LINET\"}]},{\"@type\":\"WebSite\",\"@id\":\"https:\/\/www.nowcast.de\/de\/#website\",\"url\":\"https:\/\/www.nowcast.de\/de\/\",\"name\":\"nowcast\",\"description\":\"Lightning.Detected.\",\"publisher\":{\"@id\":\"https:\/\/www.nowcast.de\/de\/#organization\"},\"potentialAction\":[{\"@type\":\"SearchAction\",\"target\":{\"@type\":\"EntryPoint\",\"urlTemplate\":\"https:\/\/www.nowcast.de\/de\/?s={search_term_string}\"},\"query-input\":\"required name=search_term_string\"}],\"inLanguage\":\"de-DE\"},{\"@type\":\"Organization\",\"@id\":\"https:\/\/www.nowcast.de\/de\/#organization\",\"name\":\"nowcast GmbH\",\"url\":\"https:\/\/www.nowcast.de\/de\/\",\"logo\":{\"@type\":\"ImageObject\",\"inLanguage\":\"de-DE\",\"@id\":\"https:\/\/www.nowcast.de\/de\/#\/schema\/logo\/image\/\",\"url\":\"https:\/\/www.nowcast.de\/wp-content\/uploads\/2020\/07\/logo-nowcast_lightning-detected_rgb.png\",\"contentUrl\":\"https:\/\/www.nowcast.de\/wp-content\/uploads\/2020\/07\/logo-nowcast_lightning-detected_rgb.png\",\"width\":800,\"height\":355,\"caption\":\"nowcast GmbH\"},\"image\":{\"@id\":\"https:\/\/www.nowcast.de\/de\/#\/schema\/logo\/image\/\"}}]}<\/script>\n<!-- \/ Yoast SEO plugin. -->","yoast_head_json":{"title":"So funktioniert LINET - nowcast","robots":{"index":"index","follow":"follow","max-snippet":"max-snippet:-1","max-image-preview":"max-image-preview:large","max-video-preview":"max-video-preview:-1"},"canonical":"https:\/\/www.nowcast.de\/de\/unternehmen\/so-funktioniert-linet\/","og_locale":"de_DE","og_type":"article","og_title":"So funktioniert LINET - nowcast","og_url":"https:\/\/www.nowcast.de\/de\/unternehmen\/so-funktioniert-linet\/","og_site_name":"nowcast","article_modified_time":"2021-02-19T12:59:56+00:00","og_image":[{"width":845,"height":406,"url":"https:\/\/www.nowcast.de\/wp-content\/uploads\/2019\/04\/3D_Ortung_TOA-1-Kopie.png","type":"image\/png"}],"twitter_card":"summary_large_image","twitter_misc":{"Gesch\u00e4tzte Lesezeit":"4 Minuten"},"schema":{"@context":"https:\/\/schema.org","@graph":[{"@type":"WebPage","@id":"https:\/\/www.nowcast.de\/de\/unternehmen\/so-funktioniert-linet\/","url":"https:\/\/www.nowcast.de\/de\/unternehmen\/so-funktioniert-linet\/","name":"So funktioniert LINET - nowcast","isPartOf":{"@id":"https:\/\/www.nowcast.de\/de\/#website"},"datePublished":"2019-03-14T10:08:57+00:00","dateModified":"2021-02-19T12:59:56+00:00","breadcrumb":{"@id":"https:\/\/www.nowcast.de\/de\/unternehmen\/so-funktioniert-linet\/#breadcrumb"},"inLanguage":"de-DE","potentialAction":[{"@type":"ReadAction","target":["https:\/\/www.nowcast.de\/de\/unternehmen\/so-funktioniert-linet\/"]}]},{"@type":"BreadcrumbList","@id":"https:\/\/www.nowcast.de\/de\/unternehmen\/so-funktioniert-linet\/#breadcrumb","itemListElement":[{"@type":"ListItem","position":1,"name":"Startseite","item":"https:\/\/www.nowcast.de\/de\/"},{"@type":"ListItem","position":2,"name":"Unternehmen","item":"https:\/\/www.nowcast.de\/de\/unternehmen\/"},{"@type":"ListItem","position":3,"name":"So funktioniert LINET"}]},{"@type":"WebSite","@id":"https:\/\/www.nowcast.de\/de\/#website","url":"https:\/\/www.nowcast.de\/de\/","name":"nowcast","description":"Lightning.Detected.","publisher":{"@id":"https:\/\/www.nowcast.de\/de\/#organization"},"potentialAction":[{"@type":"SearchAction","target":{"@type":"EntryPoint","urlTemplate":"https:\/\/www.nowcast.de\/de\/?s={search_term_string}"},"query-input":"required name=search_term_string"}],"inLanguage":"de-DE"},{"@type":"Organization","@id":"https:\/\/www.nowcast.de\/de\/#organization","name":"nowcast GmbH","url":"https:\/\/www.nowcast.de\/de\/","logo":{"@type":"ImageObject","inLanguage":"de-DE","@id":"https:\/\/www.nowcast.de\/de\/#\/schema\/logo\/image\/","url":"https:\/\/www.nowcast.de\/wp-content\/uploads\/2020\/07\/logo-nowcast_lightning-detected_rgb.png","contentUrl":"https:\/\/www.nowcast.de\/wp-content\/uploads\/2020\/07\/logo-nowcast_lightning-detected_rgb.png","width":800,"height":355,"caption":"nowcast GmbH"},"image":{"@id":"https:\/\/www.nowcast.de\/de\/#\/schema\/logo\/image\/"}}]}},"_links":{"self":[{"href":"https:\/\/www.nowcast.de\/de\/wp-json\/wp\/v2\/pages\/128"}],"collection":[{"href":"https:\/\/www.nowcast.de\/de\/wp-json\/wp\/v2\/pages"}],"about":[{"href":"https:\/\/www.nowcast.de\/de\/wp-json\/wp\/v2\/types\/page"}],"author":[{"embeddable":true,"href":"https:\/\/www.nowcast.de\/de\/wp-json\/wp\/v2\/users\/1"}],"replies":[{"embeddable":true,"href":"https:\/\/www.nowcast.de\/de\/wp-json\/wp\/v2\/comments?post=128"}],"version-history":[{"count":15,"href":"https:\/\/www.nowcast.de\/de\/wp-json\/wp\/v2\/pages\/128\/revisions"}],"predecessor-version":[{"id":5456,"href":"https:\/\/www.nowcast.de\/de\/wp-json\/wp\/v2\/pages\/128\/revisions\/5456"}],"up":[{"embeddable":true,"href":"https:\/\/www.nowcast.de\/de\/wp-json\/wp\/v2\/pages\/24"}],"wp:featuredmedia":[{"embeddable":true,"href":"https:\/\/www.nowcast.de\/de\/wp-json\/wp\/v2\/media\/766"}],"wp:attachment":[{"href":"https:\/\/www.nowcast.de\/de\/wp-json\/wp\/v2\/media?parent=128"}],"curies":[{"name":"wp","href":"https:\/\/api.w.org\/{rel}","templated":true}]}}