{"id":126,"date":"2019-03-14T11:06:49","date_gmt":"2019-03-14T10:06:49","guid":{"rendered":"https:\/\/www.nowcast.de\/?page_id=126"},"modified":"2020-10-19T16:01:23","modified_gmt":"2020-10-19T14:01:23","slug":"der-vorsprung-von-linet","status":"publish","type":"page","link":"https:\/\/www.nowcast.de\/de\/blitzortung\/der-vorsprung-von-linet\/","title":{"rendered":"Der Vorsprung von LINET"},"content":{"rendered":"\n<style type=\"text\/css\" data-created_by=\"avia_inline_auto\" id=\"style-css-av-50fgu-9d83f765a87ec6d6f0d54d9ec9d7fadb\">\n.flex_column.av-50fgu-9d83f765a87ec6d6f0d54d9ec9d7fadb{\n-webkit-border-radius:0px 0px 0px 0px;\n-moz-border-radius:0px 0px 0px 0px;\nborder-radius:0px 0px 0px 0px;\npadding:0px 0px 0px 0px;\n}\n<\/style>\n<div class='flex_column av-50fgu-9d83f765a87ec6d6f0d54d9ec9d7fadb av_one_full  avia-builder-el-0  el_before_av_one_full  avia-builder-el-first  first flex_column_div av-zero-column-padding '     ><div  class='avia-slideshow av-17rnv2-2f16a3e79b19292942549d38d80a8d4f avia-slideshow-featured av_slideshow avia-slide-slider  avia-builder-el-1  avia-builder-el-no-sibling  av-slideshow-ui av-control-default av-slideshow-manual av-loop-once av-loop-manual-endless av-default-height-applied avia-slideshow-1' data-slideshow-options=\"{&quot;animation&quot;:&quot;slide&quot;,&quot;autoplay&quot;:false,&quot;loop_autoplay&quot;:&quot;once&quot;,&quot;interval&quot;:5,&quot;loop_manual&quot;:&quot;manual-endless&quot;,&quot;autoplay_stopper&quot;:false,&quot;noNavigation&quot;:false,&quot;bg_slider&quot;:false,&quot;keep_padding&quot;:false,&quot;hoverpause&quot;:false,&quot;show_slide_delay&quot;:0}\"  itemprop=\"image\" itemscope=\"itemscope\" itemtype=\"https:\/\/schema.org\/ImageObject\" ><ul class='avia-slideshow-inner ' style='padding-bottom: 28.666666666667%;'><li  class='avia-slideshow-slide av-17rnv2-2f16a3e79b19292942549d38d80a8d4f__0  av-single-slide slide-1 slide-odd'><div data-rel='slideshow-1' class='avia-slide-wrap '   ><img decoding=\"async\" class=\"wp-image-1330 avia-img-lazy-loading-not-1330\"  src=\"https:\/\/www.nowcast.de\/wp-content\/uploads\/2019\/11\/Blitzantenne_Afrika-1500x430.jpg\" width=\"1500\" height=\"430\" title='Blitzantenne_Afrika' alt=''  itemprop=\"thumbnailUrl\" srcset=\"https:\/\/www.nowcast.de\/wp-content\/uploads\/2019\/11\/Blitzantenne_Afrika.jpg 1500w, https:\/\/www.nowcast.de\/wp-content\/uploads\/2019\/11\/Blitzantenne_Afrika-350x100.jpg 350w, https:\/\/www.nowcast.de\/wp-content\/uploads\/2019\/11\/Blitzantenne_Afrika-1030x295.jpg 1030w, https:\/\/www.nowcast.de\/wp-content\/uploads\/2019\/11\/Blitzantenne_Afrika-768x220.jpg 768w, https:\/\/www.nowcast.de\/wp-content\/uploads\/2019\/11\/Blitzantenne_Afrika-705x202.jpg 705w, https:\/\/www.nowcast.de\/wp-content\/uploads\/2019\/11\/Blitzantenne_Afrika-128x37.jpg 128w\" sizes=\"(max-width: 1500px) 100vw, 1500px\" \/><\/div><\/li><\/ul><\/div><\/div>\n\n<style type=\"text\/css\" data-created_by=\"avia_inline_auto\" id=\"style-css-av-121epi-bfa4278d63c7433c1600fb99dc3ef320\">\n.flex_column.av-121epi-bfa4278d63c7433c1600fb99dc3ef320{\n-webkit-border-radius:0px 0px 0px 0px;\n-moz-border-radius:0px 0px 0px 0px;\nborder-radius:0px 0px 0px 0px;\npadding:0px 0px 0px 0px;\n}\n<\/style>\n<div class='flex_column av-121epi-bfa4278d63c7433c1600fb99dc3ef320 av_one_full  avia-builder-el-2  el_after_av_one_full  el_before_av_one_full  first flex_column_div av-zero-column-padding column-top-margin'     ><style type=\"text\/css\" data-created_by=\"avia_inline_auto\" id=\"style-css-av-ju9mwfej-27d72d4152cde9719e0bae886578905f\">\n#top .av-special-heading.av-ju9mwfej-27d72d4152cde9719e0bae886578905f{\npadding-bottom:10px;\n}\nbody .av-special-heading.av-ju9mwfej-27d72d4152cde9719e0bae886578905f .av-special-heading-tag .heading-char{\nfont-size:25px;\n}\n.av-special-heading.av-ju9mwfej-27d72d4152cde9719e0bae886578905f .av-subheading{\nfont-size:15px;\n}\n<\/style>\n<div  class='av-special-heading av-ju9mwfej-27d72d4152cde9719e0bae886578905f av-special-heading-h3  avia-builder-el-3  avia-builder-el-no-sibling '><h3 class='av-special-heading-tag'  itemprop=\"headline\"  >Der Vorsprung von LINET<\/h3><div class=\"special-heading-border\"><div class=\"special-heading-inner-border\"><\/div><\/div><\/div><\/div>\n\n<style type=\"text\/css\" data-created_by=\"avia_inline_auto\" id=\"style-css-av-vkaqe-a1f34b30db4b50ceb9ccb4652d7a34ca\">\n.flex_column.av-vkaqe-a1f34b30db4b50ceb9ccb4652d7a34ca{\n-webkit-border-radius:0px 0px 0px 0px;\n-moz-border-radius:0px 0px 0px 0px;\nborder-radius:0px 0px 0px 0px;\npadding:0px 0px 0px 0px;\n}\n<\/style>\n<div class='flex_column av-vkaqe-a1f34b30db4b50ceb9ccb4652d7a34ca av_one_full  avia-builder-el-4  el_after_av_one_full  el_before_av_one_full  first flex_column_div av-zero-column-padding column-top-margin'     ><section  class='av_textblock_section av-ju9mx2ni-8e752cab8a17dff60010e7864407db26'  itemscope=\"itemscope\" itemtype=\"https:\/\/schema.org\/CreativeWork\" ><div class='avia_textblock'  itemprop=\"text\" ><p><strong>High-Precision Lightning Detection.<\/strong> Das und nicht weniger war das Credo der Mitarbeiter von nowcast bei der Entwicklung von <strong>LINET<\/strong>. In jahrelanger Forschungs- und Entwicklungsarbeit ersannen sie das innovativste und beste Blitzortungssystem der Welt. <strong>Engineered &amp; Made in Germany!<\/strong><\/p>\n<\/div><\/section><\/div>\n\n<style type=\"text\/css\" data-created_by=\"avia_inline_auto\" id=\"style-css-av-2ok6e-670825d55a888148ccca78df3a4056e2\">\n.flex_column.av-2ok6e-670825d55a888148ccca78df3a4056e2{\n-webkit-border-radius:0px 0px 0px 0px;\n-moz-border-radius:0px 0px 0px 0px;\nborder-radius:0px 0px 0px 0px;\npadding:0px 0px 0px 0px;\n}\n<\/style>\n<div class='flex_column av-2ok6e-670825d55a888148ccca78df3a4056e2 av_one_full  avia-builder-el-6  el_after_av_one_full  el_before_av_one_full  first flex_column_div av-zero-column-padding column-top-margin'     ><div  class='avia-icon-list-container av-ju9n111s-2a3fffd58208d10a81e3bd589203a612  avia-builder-el-7  avia-builder-el-no-sibling '><ul class='avia-icon-list avia_animate_when_almost_visible avia-icon-list-left av-iconlist-big av-ju9n111s-2a3fffd58208d10a81e3bd589203a612 avia-iconlist-animate'><li><div class='iconlist_icon av-8uz4e-4114a940e3e4991b299fe5e1cf891c0f avia-font-entypo-fontello'><span class='iconlist-char' aria-hidden='true' data-av_icon='\ue8c8' data-av_iconfont='entypo-fontello'><\/span><\/div><article class=\"article-icon-entry \"  itemscope=\"itemscope\" itemtype=\"https:\/\/schema.org\/CreativeWork\" ><div class=\"iconlist_content_wrap\"><header class=\"entry-content-header\"><h4 class='av_iconlist_title iconlist_title  '  itemprop=\"headline\" >Erfassung von schwachen Signalen<\/h4><\/header><div class='iconlist_content '  itemprop=\"text\" ><p>Die Kombination einer ausgekl\u00fcgelten Antennenkonfiguration mit niedrigen Schwellenwerten und optimierten Sensoren erm\u00f6glicht die Detektion auch schwacher Bodenblitze. Bisher konnten diese trotz ihres betr\u00e4chtlichen Schadenpotenzials nicht gemessen werden.<\/p>\n<\/div><\/div><footer class=\"entry-footer\"><\/footer><\/article><div class=\"iconlist-timeline\"><\/div><\/li><li><div class='iconlist_icon av-av_iconlist_item-0c4f5966d3523fd877a1a45a22a09e41 avia-font-entypo-fontello'><span class='iconlist-char' aria-hidden='true' data-av_icon='\ue8b4' data-av_iconfont='entypo-fontello'><\/span><\/div><article class=\"article-icon-entry \"  itemscope=\"itemscope\" itemtype=\"https:\/\/schema.org\/CreativeWork\" ><div class=\"iconlist_content_wrap\"><header class=\"entry-content-header\"><h4 class='av_iconlist_title iconlist_title  '  itemprop=\"headline\" >Messung von Boden- und Wolkeblitzen<\/h4><\/header><div class='iconlist_content '  itemprop=\"text\" ><p>Alle Blitzsignale werden gleicherma\u00dfen erfasst und analysiert. LINET ermittelt sowohl Boden- als auch Wolke-Blitze und z\u00e4hlt damit zu den \u201eTotal Lightning\u201d-Messnetzen; f\u00fcr versicherungstechnische Fragestellungen ist eine zuverl\u00e4ssige Trennung von Boden- und Wolkeblitz-Ereignissen notwendig und damit m\u00f6glich. Schlie\u00dflich d\u00fcrfen nur die schadenverursachenden Bodenblitze bei der Auskunft zu Sch\u00e4den durch Blitzschlag und \u00dcberspannung ber\u00fccksichtigt werden.<\/p>\n<\/div><\/div><footer class=\"entry-footer\"><\/footer><\/article><div class=\"iconlist-timeline\"><\/div><\/li><li><div class='iconlist_icon av-av_iconlist_item-9093096cb591e5d6429c54394bb8e28f avia-font-entypo-fontello'><span class='iconlist-char' aria-hidden='true' data-av_icon='\ue8b3' data-av_iconfont='entypo-fontello'><\/span><\/div><article class=\"article-icon-entry \"  itemscope=\"itemscope\" itemtype=\"https:\/\/schema.org\/CreativeWork\" ><div class=\"iconlist_content_wrap\"><header class=\"entry-content-header\"><h4 class='av_iconlist_title iconlist_title  '  itemprop=\"headline\" >Trennung von Boden- und Wolkeblitzen<\/h4><\/header><div class='iconlist_content '  itemprop=\"text\" ><p>Eine Unterscheidung zwischen Boden- und Wolkeblitzen erfolgt nicht am Einzelsensor, sondern in der Datenzentrale. Hierbei wird ein neuentwickeltes und hocheffizientes patentiertes 3D-Verfahren eingesetzt, welches f\u00fcr Niederfrequenz-Netze (VLF\/LF) einmalig ist. Au\u00dferdem ermittelt dieses 3D-Verfahren automatisch auch die H\u00f6he der Wolkeblitze.<\/p>\n<\/div><\/div><footer class=\"entry-footer\"><\/footer><\/article><div class=\"iconlist-timeline\"><\/div><\/li><li><div class='iconlist_icon av-b72we-7488106d1972305539b1e98d814cf319 avia-font-entypo-fontello'><span class='iconlist-char' aria-hidden='true' data-av_icon='\ue8ae' data-av_iconfont='entypo-fontello'><\/span><\/div><article class=\"article-icon-entry \"  itemscope=\"itemscope\" itemtype=\"https:\/\/schema.org\/CreativeWork\" ><div class=\"iconlist_content_wrap\"><header class=\"entry-content-header\"><h4 class='av_iconlist_title iconlist_title  '  itemprop=\"headline\" >Ortungsgenauigkeit und minimale Fehlerquote<\/h4><\/header><div class='iconlist_content '  itemprop=\"text\" ><p>Die konsequent aufeinander abgestimmten Hardware-Komponenten und die spezielle Signalbehandlung erlauben es, die Peilgenauigkeit innerhalb eines gut konfigurierten Netzes \u2013 wie es in Deutschland realisiert ist \u2013 erheblich zu verbessern. Bei Bodenblitzen konnte der 2D-Fehler auf etwa 75 Meter im Durchschnitt verbessert werden. Mindestens genauso wichtig ist die Eigenschaft von LINET, Fehlpeilungen nahezu auszuschlie\u00dfen. Die Meldung von Blitzereignissen, die nicht stattgefunden haben, ist nahezu ausgeschlossen.<\/p>\n<\/div><\/div><footer class=\"entry-footer\"><\/footer><\/article><div class=\"iconlist-timeline\"><\/div><\/li><\/ul><\/div><\/div>\n<style type=\"text\/css\" data-created_by=\"avia_inline_auto\" id=\"style-css-av-allr2-5f7f2401a961c1bae42e0ff0e176096c\">\n.flex_column.av-allr2-5f7f2401a961c1bae42e0ff0e176096c{\n-webkit-border-radius:0px 0px 0px 0px;\n-moz-border-radius:0px 0px 0px 0px;\nborder-radius:0px 0px 0px 0px;\npadding:0px 0px 0px 0px;\n}\n<\/style>\n<div class='flex_column av-allr2-5f7f2401a961c1bae42e0ff0e176096c av_one_full  avia-builder-el-8  el_after_av_one_full  avia-builder-el-last  first flex_column_div av-zero-column-padding column-top-margin'     ><section  class='av_textblock_section av-ju9r8myx-7482df86509607a6a1a893737aee2123'  itemscope=\"itemscope\" itemtype=\"https:\/\/schema.org\/CreativeWork\" ><div class='avia_textblock'  itemprop=\"text\" ><p>Insgesamt erzielt das nowcast-Blitzmessnetz <strong>LINET<\/strong> eine extrem effiziente und genaue Blitzmessung, wie sie f\u00fcr Anwendungen in der Industrie entscheidend ist. <strong>Wissenschaftliche Studien best\u00e4tigen diese au\u00dfergew\u00f6hnliche Qualit\u00e4t.<\/strong><\/p>\n<p><strong>LINET<\/strong> geh\u00f6rt nachgewiesenerma\u00dfen zu den pr\u00e4zisesten Blitzortungssystemen der Welt. Es gibt bisher keine Studie, in der ein anderes kommerzielles Netz die Genauigkeit und Zuverl\u00e4ssigkeit von <strong>LINET<\/strong> erreicht h\u00e4tte.<\/p>\n<\/div><\/section><\/div><\/p>\n","protected":false},"excerpt":{"rendered":"","protected":false},"author":1,"featured_media":141,"parent":581,"menu_order":0,"comment_status":"closed","ping_status":"closed","template":"","meta":{"_relevanssi_hide_post":"","_relevanssi_hide_content":"","_relevanssi_pin_for_all":"","_relevanssi_pin_keywords":"","_relevanssi_unpin_keywords":"","_relevanssi_related_keywords":"","_relevanssi_related_include_ids":"","_relevanssi_related_exclude_ids":"","_relevanssi_related_no_append":"","_relevanssi_related_not_related":"","_relevanssi_related_posts":"","_relevanssi_noindex_reason":""},"acf":[],"yoast_head":"<!-- This site is optimized with the Yoast SEO plugin v19.10 - https:\/\/yoast.com\/wordpress\/plugins\/seo\/ -->\n<title>Der Vorsprung von LINET - nowcast<\/title>\n<meta name=\"robots\" content=\"index, follow, max-snippet:-1, max-image-preview:large, max-video-preview:-1\" \/>\n<link rel=\"canonical\" href=\"https:\/\/www.nowcast.de\/de\/blitzortung\/der-vorsprung-von-linet\/\" \/>\n<meta property=\"og:locale\" content=\"de_DE\" \/>\n<meta property=\"og:type\" content=\"article\" \/>\n<meta property=\"og:title\" content=\"Der Vorsprung von LINET - nowcast\" \/>\n<meta property=\"og:url\" content=\"https:\/\/www.nowcast.de\/de\/blitzortung\/der-vorsprung-von-linet\/\" \/>\n<meta property=\"og:site_name\" content=\"nowcast\" \/>\n<meta property=\"article:modified_time\" content=\"2020-10-19T14:01:23+00:00\" \/>\n<meta property=\"og:image\" content=\"https:\/\/www.nowcast.de\/wp-content\/uploads\/2019\/03\/Testvorschau-Startseite.jpg\" \/>\n\t<meta property=\"og:image:width\" content=\"313\" \/>\n\t<meta property=\"og:image:height\" content=\"174\" \/>\n\t<meta property=\"og:image:type\" content=\"image\/jpeg\" \/>\n<meta name=\"twitter:card\" content=\"summary_large_image\" \/>\n<meta name=\"twitter:label1\" content=\"Gesch\u00e4tzte Lesezeit\" \/>\n\t<meta name=\"twitter:data1\" content=\"6 Minuten\" \/>\n<script type=\"application\/ld+json\" class=\"yoast-schema-graph\">{\"@context\":\"https:\/\/schema.org\",\"@graph\":[{\"@type\":\"WebPage\",\"@id\":\"https:\/\/www.nowcast.de\/de\/blitzortung\/der-vorsprung-von-linet\/\",\"url\":\"https:\/\/www.nowcast.de\/de\/blitzortung\/der-vorsprung-von-linet\/\",\"name\":\"Der Vorsprung von LINET - nowcast\",\"isPartOf\":{\"@id\":\"https:\/\/www.nowcast.de\/de\/#website\"},\"datePublished\":\"2019-03-14T10:06:49+00:00\",\"dateModified\":\"2020-10-19T14:01:23+00:00\",\"breadcrumb\":{\"@id\":\"https:\/\/www.nowcast.de\/de\/blitzortung\/der-vorsprung-von-linet\/#breadcrumb\"},\"inLanguage\":\"de-DE\",\"potentialAction\":[{\"@type\":\"ReadAction\",\"target\":[\"https:\/\/www.nowcast.de\/de\/blitzortung\/der-vorsprung-von-linet\/\"]}]},{\"@type\":\"BreadcrumbList\",\"@id\":\"https:\/\/www.nowcast.de\/de\/blitzortung\/der-vorsprung-von-linet\/#breadcrumb\",\"itemListElement\":[{\"@type\":\"ListItem\",\"position\":1,\"name\":\"Startseite\",\"item\":\"https:\/\/www.nowcast.de\/de\/\"},{\"@type\":\"ListItem\",\"position\":2,\"name\":\"Blitzortung\",\"item\":\"https:\/\/www.nowcast.de\/de\/blitzortung\/\"},{\"@type\":\"ListItem\",\"position\":3,\"name\":\"Der Vorsprung von LINET\"}]},{\"@type\":\"WebSite\",\"@id\":\"https:\/\/www.nowcast.de\/de\/#website\",\"url\":\"https:\/\/www.nowcast.de\/de\/\",\"name\":\"nowcast\",\"description\":\"Lightning.Detected.\",\"publisher\":{\"@id\":\"https:\/\/www.nowcast.de\/de\/#organization\"},\"potentialAction\":[{\"@type\":\"SearchAction\",\"target\":{\"@type\":\"EntryPoint\",\"urlTemplate\":\"https:\/\/www.nowcast.de\/de\/?s={search_term_string}\"},\"query-input\":\"required name=search_term_string\"}],\"inLanguage\":\"de-DE\"},{\"@type\":\"Organization\",\"@id\":\"https:\/\/www.nowcast.de\/de\/#organization\",\"name\":\"nowcast GmbH\",\"url\":\"https:\/\/www.nowcast.de\/de\/\",\"logo\":{\"@type\":\"ImageObject\",\"inLanguage\":\"de-DE\",\"@id\":\"https:\/\/www.nowcast.de\/de\/#\/schema\/logo\/image\/\",\"url\":\"https:\/\/www.nowcast.de\/wp-content\/uploads\/2020\/07\/logo-nowcast_lightning-detected_rgb.png\",\"contentUrl\":\"https:\/\/www.nowcast.de\/wp-content\/uploads\/2020\/07\/logo-nowcast_lightning-detected_rgb.png\",\"width\":800,\"height\":355,\"caption\":\"nowcast GmbH\"},\"image\":{\"@id\":\"https:\/\/www.nowcast.de\/de\/#\/schema\/logo\/image\/\"}}]}<\/script>\n<!-- \/ Yoast SEO plugin. -->","yoast_head_json":{"title":"Der Vorsprung von LINET - nowcast","robots":{"index":"index","follow":"follow","max-snippet":"max-snippet:-1","max-image-preview":"max-image-preview:large","max-video-preview":"max-video-preview:-1"},"canonical":"https:\/\/www.nowcast.de\/de\/blitzortung\/der-vorsprung-von-linet\/","og_locale":"de_DE","og_type":"article","og_title":"Der Vorsprung von LINET - nowcast","og_url":"https:\/\/www.nowcast.de\/de\/blitzortung\/der-vorsprung-von-linet\/","og_site_name":"nowcast","article_modified_time":"2020-10-19T14:01:23+00:00","og_image":[{"width":313,"height":174,"url":"https:\/\/www.nowcast.de\/wp-content\/uploads\/2019\/03\/Testvorschau-Startseite.jpg","type":"image\/jpeg"}],"twitter_card":"summary_large_image","twitter_misc":{"Gesch\u00e4tzte Lesezeit":"6 Minuten"},"schema":{"@context":"https:\/\/schema.org","@graph":[{"@type":"WebPage","@id":"https:\/\/www.nowcast.de\/de\/blitzortung\/der-vorsprung-von-linet\/","url":"https:\/\/www.nowcast.de\/de\/blitzortung\/der-vorsprung-von-linet\/","name":"Der Vorsprung von LINET - nowcast","isPartOf":{"@id":"https:\/\/www.nowcast.de\/de\/#website"},"datePublished":"2019-03-14T10:06:49+00:00","dateModified":"2020-10-19T14:01:23+00:00","breadcrumb":{"@id":"https:\/\/www.nowcast.de\/de\/blitzortung\/der-vorsprung-von-linet\/#breadcrumb"},"inLanguage":"de-DE","potentialAction":[{"@type":"ReadAction","target":["https:\/\/www.nowcast.de\/de\/blitzortung\/der-vorsprung-von-linet\/"]}]},{"@type":"BreadcrumbList","@id":"https:\/\/www.nowcast.de\/de\/blitzortung\/der-vorsprung-von-linet\/#breadcrumb","itemListElement":[{"@type":"ListItem","position":1,"name":"Startseite","item":"https:\/\/www.nowcast.de\/de\/"},{"@type":"ListItem","position":2,"name":"Blitzortung","item":"https:\/\/www.nowcast.de\/de\/blitzortung\/"},{"@type":"ListItem","position":3,"name":"Der Vorsprung von LINET"}]},{"@type":"WebSite","@id":"https:\/\/www.nowcast.de\/de\/#website","url":"https:\/\/www.nowcast.de\/de\/","name":"nowcast","description":"Lightning.Detected.","publisher":{"@id":"https:\/\/www.nowcast.de\/de\/#organization"},"potentialAction":[{"@type":"SearchAction","target":{"@type":"EntryPoint","urlTemplate":"https:\/\/www.nowcast.de\/de\/?s={search_term_string}"},"query-input":"required name=search_term_string"}],"inLanguage":"de-DE"},{"@type":"Organization","@id":"https:\/\/www.nowcast.de\/de\/#organization","name":"nowcast GmbH","url":"https:\/\/www.nowcast.de\/de\/","logo":{"@type":"ImageObject","inLanguage":"de-DE","@id":"https:\/\/www.nowcast.de\/de\/#\/schema\/logo\/image\/","url":"https:\/\/www.nowcast.de\/wp-content\/uploads\/2020\/07\/logo-nowcast_lightning-detected_rgb.png","contentUrl":"https:\/\/www.nowcast.de\/wp-content\/uploads\/2020\/07\/logo-nowcast_lightning-detected_rgb.png","width":800,"height":355,"caption":"nowcast GmbH"},"image":{"@id":"https:\/\/www.nowcast.de\/de\/#\/schema\/logo\/image\/"}}]}},"_links":{"self":[{"href":"https:\/\/www.nowcast.de\/de\/wp-json\/wp\/v2\/pages\/126"}],"collection":[{"href":"https:\/\/www.nowcast.de\/de\/wp-json\/wp\/v2\/pages"}],"about":[{"href":"https:\/\/www.nowcast.de\/de\/wp-json\/wp\/v2\/types\/page"}],"author":[{"embeddable":true,"href":"https:\/\/www.nowcast.de\/de\/wp-json\/wp\/v2\/users\/1"}],"replies":[{"embeddable":true,"href":"https:\/\/www.nowcast.de\/de\/wp-json\/wp\/v2\/comments?post=126"}],"version-history":[{"count":16,"href":"https:\/\/www.nowcast.de\/de\/wp-json\/wp\/v2\/pages\/126\/revisions"}],"predecessor-version":[{"id":4105,"href":"https:\/\/www.nowcast.de\/de\/wp-json\/wp\/v2\/pages\/126\/revisions\/4105"}],"up":[{"embeddable":true,"href":"https:\/\/www.nowcast.de\/de\/wp-json\/wp\/v2\/pages\/581"}],"wp:featuredmedia":[{"embeddable":true,"href":"https:\/\/www.nowcast.de\/de\/wp-json\/wp\/v2\/media\/141"}],"wp:attachment":[{"href":"https:\/\/www.nowcast.de\/de\/wp-json\/wp\/v2\/media?parent=126"}],"curies":[{"name":"wp","href":"https:\/\/api.w.org\/{rel}","templated":true}]}}